{"id":936,"date":"2025-12-18T10:54:06","date_gmt":"2025-12-18T10:54:06","guid":{"rendered":"https:\/\/lumiradevsite.wpenginepowered.com\/nuestros-servicios\/salud-dental\/"},"modified":"2026-02-03T18:20:34","modified_gmt":"2026-02-03T18:20:34","slug":"salud-dental","status":"publish","type":"page","link":"https:\/\/lumirahealthcare.com\/es\/nuestros-servicios\/salud-dental\/","title":{"rendered":"Salud dental"},"content":{"rendered":"<section id=\"rich-text-module-block_001d885002e9c236eb73f717680df49f\" class=\"section component-section\">\n\t<div \n\t\tclass=\"ss page-header\"\n\t\t\t>\n\t\t<div class=\"container\">\n\t\t\t\t\t\t\t<div class=\"page-header__content\">\n\t\t\t\t\t<h1>Salud dental<\/h1>\n\t\t\t\t<\/div>\n\t\t\t\t\t<\/div>\n\t<\/div>\n<\/section>\n\n\n<section \n\tid=\"image-text-block_6f6fb53eebb8c3c5496e4074b7637c84\"\n\tclass=\"section\" \n>\n\t<div \n\t\tclass=\"ss image-text image-text--right\"\n\t>\n\t\t<div class=\"container\">\n\t\t\t<div class=\"image-text__inner\">\n\t\t\t\t\t\t\t\t<article class=\"image-text__content\">\n\t\t\t\t\t\t\t\t\t\t\n\t\t\t\t\t\t\t\t\t\t\t\t\t\t\t\t\t<h2 class=\"image-text__title\">\n\t\t\t\t\t\t\tSu mejor versi\u00f3n merece una sonrisa brillante.\t\t\t\t\t\t<\/h2>\n\t\t\t\t\t\n\t\t\t\t\t\t\t\t\t\t\t<div class=\"generic\"><p><span style=\"font-weight: 400\">\u00bfSe siente nervioso por ir al dentista? No est\u00e1 solo. En Lumira Healthcare, su comodidad es lo primero. Nos centramos en crear un entorno seguro y relajante donde los pacientes de todas las edades se sientan a gusto. Nuestro equipo ofrece servicios dentales suaves, preventivos y restauradores en un entorno acogedor y familiar. Porque entendemos que las visitas dentales regulares no se refieren solo a sus dientes, sino tambi\u00e9n a su confianza, comodidad y salud general.     <\/span><\/p>\n<\/div>\n\t\t\t\t\t\n\t\t\t\t\t\t\t\t\t<\/article>\n\t\t\t\t\t\t\t\t\t\t\t\t\t\t\t\t\t\t<figure \n\t\t\t\t\t\tclass=\"aspect-box is-cover\"\n\t\t\t\t\t\taria-hidden=\"false\"\n\t\t\t\t\t>\n\t\t\t\t\t\t\t\t\t\t\t\t\t<img decoding=\"async\" width=\"2560\" height=\"1708\" src=\"https:\/\/lumirahealthcare.com\/wp-content\/uploads\/2025\/12\/L-Dental1-scaled.webp\" class=\"attachment-full size-full\" alt=\"A woman wearing a hijab writes in a notebook in the foreground while a blurred man gestures on a sofa in the background.\" loading=\"lazy\" srcset=\"https:\/\/lumirahealthcare.com\/wp-content\/uploads\/2025\/12\/L-Dental1-scaled.webp 2560w, https:\/\/lumirahealthcare.com\/wp-content\/uploads\/2025\/12\/L-Dental1-300x200.webp 300w, https:\/\/lumirahealthcare.com\/wp-content\/uploads\/2025\/12\/L-Dental1-1024x683.webp 1024w, https:\/\/lumirahealthcare.com\/wp-content\/uploads\/2025\/12\/L-Dental1-768x512.webp 768w, https:\/\/lumirahealthcare.com\/wp-content\/uploads\/2025\/12\/L-Dental1-1536x1025.webp 1536w, https:\/\/lumirahealthcare.com\/wp-content\/uploads\/2025\/12\/L-Dental1-2048x1366.webp 2048w\" sizes=\"auto, (max-width: 2560px) 100vw, 2560px\" \/>\t\t\t\t\t\t\t\t\t\t\t\t\n\t\t\t\t\t\t\t\t\t\t\t\t\n\t\t\t\t\t\t\t\t\t\t\t<\/figure>\n\t\t\t\t\t\t\t\t\t\t\t<\/div>\n\t\t<\/div>\n\t<\/div>\n<\/section>\n<section id=\"bullet-points-block_e6bb2ff0764a0dc173a9df0dadcca612\" class=\"section component-section\">\n\t<div \n\t\tclass=\"ss bullet-points\"\n\t\t\t>\n\t\t<div class=\"container\">\n\t\t\t\t\t\t\t<div class=\"ss article-card\">\n\t\t\t\t\t<article>\n\t\t\t\t\t\t\t\t\t\t\t\t\n\t\t\t\t\t\t\t\t\t\t\t<h2 class=\"article-card__title l-mobile-h2 l-desktop-h2\">Descripci\u00f3n general de los servicios<\/h2>\n\t\t\t\t\t\t\t\t\t\t\t\n\t\t\t\t\t\t\t\t\t\t\t\t\n\t\t\t\t\t\t\t\t\t\t\t<\/article>\n\t\t\t\t<\/div>\n\t\t\t\t\t\t\n\t\t\t\t\t\t\t<ul class=\"bullet-points__list\">\n\t\t\t\t\t\t\t\t\t\t\t\t\t\t\t\t\t<li>\n\t\t\t\t\t\t\t<article class=\"bullet-points__item\">\n\t\t\t\t\t\t\t\t\t\t\t\t\t\t\t\t\n\t\t\t\t\t\t\t\t\t\t\t\t\t\t\t\t\t<div class=\"bullet-points__item-content\">\n\t\t\t\t\t\t\t\t\t\t\t\t\t\t\t\t\t\t\t\t\t<div class=\"bullet-points__item-content-left\">\n\t\t\t\t\t\t\t\t\t\t\t\t<ul>\n<li style=\"font-weight: 400\"><span style=\"font-weight: 400\">Preventivos: Limpiezas, tratamientos con fl\u00faor, selladores<\/span><\/li>\n<li style=\"font-weight: 400\"><span style=\"font-weight: 400\">Restauradores: Empastes<\/span><\/li>\n<li style=\"font-weight: 400\"><span style=\"font-weight: 400\">Atenci\u00f3n dental pedi\u00e1trica<\/span><\/li>\n<\/ul>\n\t\t\t\t\t\t\t\t\t\t\t<\/div>\n\t\t\t\t\t\t\t\t\t\t\t\t\t\t\t\t\t\t\t\t\t\t\t\t\t\t\t\t\t\t\t<div class=\"bullet-points__item-content-right\">\n\t\t\t\t\t\t\t\t\t\t\t\t<ul>\n<li style=\"font-weight: 400\"><span style=\"font-weight: 400\">Servicios dentales de emergencia<\/span><\/li>\n<li style=\"font-weight: 400\"><span style=\"font-weight: 400\">Dentaduras postizas, dentaduras parciales y extracciones<\/span><\/li>\n<\/ul>\n\t\t\t\t\t\t\t\t\t\t\t<\/div>\n\t\t\t\t\t\t\t\t\t\t\t\t\t\t\t\t\t\t\t<\/div>\n\t\t\t\t\t\t\t\t\t\t\t\t\t\t\t<\/article>\n\t\t\t\t\t\t<\/li>\n\t\t\t\t\t\t\t\t\t<\/ul>\n\t\t\t\t\t<\/div>\n\t<\/div>\n<\/section>\n\n\n<section id=\"icon-row-block_df7c5f876b85de7c8ce4686db5e2f4f6\" class=\"section component-section\">\n\t<div class=\"ss icon-row\" style=\"background-color: #07514d;\">\n\t\t<div class=\"container\">\t\n\t\t\t\t\t\t\t\t\t\t<div class=\"ss article-card article-card--primary-font\">\n\t\t\t\t\t<article>\n\t\t\t\t\t\t\n\t\t\t\t\t\t\t\t\t\t\t<h2 class=\"article-card__title l-mobile-h2 l-desktop-h2\">Qu\u00e9 pueden esperar los pacientes<\/h2>\n\t\t\t\t\t\n\t\t\t\t\t\t\n\t\t\t\t\t\t\t\t\t\t\t<\/article>\n\t\t\t\t<\/div>\n\t\t\t\n\t\t\t\t\t\t\t\t\t\t\t\t\t\t\t\t<ul class=\"icon-row__list\">\n\t\t\t\t\t\t\t\t\t\t\t\t\t<li>\n\t\t\t\t\t\t\t\t<div class=\"ss icon-card\">\n\t\t\t\t\t\t\t\t\t\t\t\t\t\t\t\t\t\t<figure>\n\t\t\t\t\t\t\t\t\t\t<img \n\t\t\t\t\t\t\t\t\t\t\tsrc=\"https:\/\/lumirahealthcare.com\/wp-content\/uploads\/2025\/12\/ICONS-svg.svg\" \n\t\t\t\t\t\t\t\t\t\t\talt=\"ICONS svg\" \n\t\t\t\t\t\t\t\t\t\t\twidth=\"80\" \n\t\t\t\t\t\t\t\t\t\t\theight=\"80\"\n\t\t\t\t\t\t\t\t\t\t\tloading=\"lazy\"\n\t\t\t\t\t\t\t\t\t\t\t\t\t\t\t\t\t\t\t\t\t\t\t\t\t\t\t\t\t\t\t\t>\n\t\t\t\t\t\t\t\t\t<\/figure>\n\n\t\t\t\t\t\t\t\t\t<article>\n\t\t\t\t\t\t\t\t\t\t<h3>Equipamiento moderno y un entorno confortable<\/h3>\n\t\t\t\t\t\t\t\t\t\t\t\t\t\t\t\t\t\t\t<\/article>\n\t\t\t\t\t\t\t\t<\/div>\n\t\t\t\t\t\t\t<\/li>\n\t\t\t\t\t\t\t\t\t\t\t\t\t<li>\n\t\t\t\t\t\t\t\t<div class=\"ss icon-card\">\n\t\t\t\t\t\t\t\t\t\t\t\t\t\t\t\t\t\t<figure>\n\t\t\t\t\t\t\t\t\t\t<img \n\t\t\t\t\t\t\t\t\t\t\tsrc=\"https:\/\/lumirahealthcare.com\/wp-content\/uploads\/2026\/01\/LH_Icon_Affordable-Care-nobg.svg\" \n\t\t\t\t\t\t\t\t\t\t\talt=\"LH_Icon_Affordable-Care-nobg\" \n\t\t\t\t\t\t\t\t\t\t\twidth=\"80\" \n\t\t\t\t\t\t\t\t\t\t\theight=\"80\"\n\t\t\t\t\t\t\t\t\t\t\tloading=\"lazy\"\n\t\t\t\t\t\t\t\t\t\t\t\t\t\t\t\t\t\t\t\t\t\t\t\t\t\t\t\t\t\t\t\t>\n\t\t\t\t\t\t\t\t\t<\/figure>\n\n\t\t\t\t\t\t\t\t\t<article>\n\t\t\t\t\t\t\t\t\t\t<h3>Atenci\u00f3n asequible para todas las edades<\/h3>\n\t\t\t\t\t\t\t\t\t\t\t\t\t\t\t\t\t\t\t<\/article>\n\t\t\t\t\t\t\t\t<\/div>\n\t\t\t\t\t\t\t<\/li>\n\t\t\t\t\t\t\t\t\t\t\t\t\t<li>\n\t\t\t\t\t\t\t\t<div class=\"ss icon-card\">\n\t\t\t\t\t\t\t\t\t\t\t\t\t\t\t\t\t\t<figure>\n\t\t\t\t\t\t\t\t\t\t<img \n\t\t\t\t\t\t\t\t\t\t\tsrc=\"https:\/\/lumirahealthcare.com\/wp-content\/uploads\/2026\/01\/LH_Icon_Insurance-Accepted-nobg.svg\" \n\t\t\t\t\t\t\t\t\t\t\talt=\"LH_Icon_Insurance Accepted-nobg\" \n\t\t\t\t\t\t\t\t\t\t\twidth=\"80\" \n\t\t\t\t\t\t\t\t\t\t\theight=\"80\"\n\t\t\t\t\t\t\t\t\t\t\tloading=\"lazy\"\n\t\t\t\t\t\t\t\t\t\t\t\t\t\t\t\t\t\t\t\t\t\t\t\t\t\t\t\t\t\t\t\t>\n\t\t\t\t\t\t\t\t\t<\/figure>\n\n\t\t\t\t\t\t\t\t\t<article>\n\t\t\t\t\t\t\t\t\t\t<h3>Se acepta seguro<\/h3>\n\t\t\t\t\t\t\t\t\t\t\t\t\t\t\t\t\t\t\t<\/article>\n\t\t\t\t\t\t\t\t<\/div>\n\t\t\t\t\t\t\t<\/li>\n\t\t\t\t\t\t\t\t\t\t\t\t\t<li>\n\t\t\t\t\t\t\t\t<div class=\"ss icon-card\">\n\t\t\t\t\t\t\t\t\t\t\t\t\t\t\t\t\t\t<figure>\n\t\t\t\t\t\t\t\t\t\t<img \n\t\t\t\t\t\t\t\t\t\t\tsrc=\"https:\/\/lumirahealthcare.com\/wp-content\/uploads\/2026\/01\/LH_Icon_Prevention-Education-nobg.svg\" \n\t\t\t\t\t\t\t\t\t\t\talt=\"LH_Icon_Prevention-Education-nobg\" \n\t\t\t\t\t\t\t\t\t\t\twidth=\"80\" \n\t\t\t\t\t\t\t\t\t\t\theight=\"80\"\n\t\t\t\t\t\t\t\t\t\t\tloading=\"lazy\"\n\t\t\t\t\t\t\t\t\t\t\t\t\t\t\t\t\t\t\t\t\t\t\t\t\t\t\t\t\t\t\t\t>\n\t\t\t\t\t\t\t\t\t<\/figure>\n\n\t\t\t\t\t\t\t\t\t<article>\n\t\t\t\t\t\t\t\t\t\t<h3>Enfoque en la prevenci\u00f3n y la educaci\u00f3n<\/h3>\n\t\t\t\t\t\t\t\t\t\t\t\t\t\t\t\t\t\t\t<\/article>\n\t\t\t\t\t\t\t\t<\/div>\n\t\t\t\t\t\t\t<\/li>\n\t\t\t\t\t\t\t\t\t\t\t<\/ul>\n\t\t\t\t\t\t\t\t\t<\/div>\n\t<\/div>\n<\/section>\n\n\n<section class=\"section\">\n\t<div \n\t\tid=\"value-proposition-block_e054b33af60cf8f982fbd65d9d06c30c\" \n\t\tclass=\"ss intro\"\n\t>\n\t\t<div class=\"container\">\n\t\t\t\t\t\t\t<figure class=\"intro__background-image\">\n\t\t\t\t\t<img \n\t\t\t\t\t\tsrc=\"https:\/\/lumirahealthcare.com\/wp-content\/uploads\/2026\/01\/CALL-TO-ACTION-scaled.png\" \n\t\t\t\t\t\talt=\"\" \n\t\t\t\t\t\twidth=\"2560\" \n\t\t\t\t\t\theight=\"793\"\n\t\t\t\t\t\tloading=\"lazy\"\n\t\t\t\t\t\t\t\t\t\t\t\t\trole=\"presentation\"\n\t\t\t\t\t\t\t\t\t\t\t>\n\t\t\t\t\t\t\t\t\t\t\t\t\t\t<\/figure>\n\t\t\t\t\t\t<article>\n\t\t\t\t\t\t\t\t\t<h2 class=\"intro__title l-h2\">\n\t\t\t\t\t\tPoner el bienestar al alcance de la mano.\t\t\t\t\t<\/h2>\n\t\t\t\t\n\t\t\t\t\t\t\t\t\t<p>Los servicios dentales est\u00e1n disponibles en Delhi King St Center, Hilmar Lander Ave Center, Livingston Campus Center y Modesto Orangeburg Ave Center. Nuestro equipo de atenci\u00f3n est\u00e1 listo para convertir la atenci\u00f3n que necesita en la sonrisa segura que desea. <\/p>\n\t\t\t\t\n\t\t\t\t\t\t\t\t\t<footer>\n\t\t\t\t\t\t\t\t\t\t\t\t\t<a \n\t\t\t\t\t\t\t\tclass=\"l-btn l-btn--secondary has-thick-hover\" \n\t\t\t\t\t\t\t\thref=\"https:\/\/lumirahealthcare.com\/providers\/#card-grid-block_23251815afc9015ae1ca67b4ee389c3e\" \n\t\t\t\t\t\t\t\t\t\t\t\t\t\t\t\taria-label=\"Nuestros proveedores\"\n\t\t\t\t\t\t\t\ttitle=\"Nuestros proveedores\"\n\t\t\t\t\t\t\t\tdata-text=\"Nuestros proveedores\"\n\t\t\t\t\t\t\t>\n\t\t\t\t\t\t\t\t<span>Nuestros proveedores<\/span>\n\t\t\t\t\t\t\t\t\t\t\t\t\t\t\t<\/a>\n\t\t\t\t\t\t\t\t\t\t\t\t\t\t\t\t\t\t\t<a \n\t\t\t\t\t\t\t\tclass=\"l-btn l-btn--tertiary has-thick-hover\" \n\t\t\t\t\t\t\t\thref=\"https:\/\/lumirahealthcare.com\/locations\/\" \n\t\t\t\t\t\t\t\t\t\t\t\t\t\t\t\taria-label=\" Informaci\u00f3n de ubicaci\u00f3n\"\n\t\t\t\t\t\t\t\ttitle=\" Informaci\u00f3n de ubicaci\u00f3n\"\n\t\t\t\t\t\t\t\tdata-text=\" Informaci\u00f3n de ubicaci\u00f3n\"\n\t\t\t\t\t\t\t>\n\t\t\t\t\t\t\t\t<span> Informaci\u00f3n de ubicaci\u00f3n<\/span>\n\t\t\t\t\t\t\t\t\t\t\t\t\t\t\t<\/a>\n\t\t\t\t\t\t\t\t\t\t\t<\/footer>\n\t\t\t\t\t\t\t<\/article>\n\t\t<\/div>\n\t<\/div>\n<\/section>","protected":false},"excerpt":{"rendered":"","protected":false},"author":2,"featured_media":0,"parent":868,"menu_order":0,"comment_status":"closed","ping_status":"closed","template":"template-components.php","meta":{"_acf_changed":false,"footnotes":""},"class_list":["post-936","page","type-page","status-publish","hentry"],"acf":[],"yoast_head":"<!-- This site is optimized with the Yoast SEO plugin v27.4 - https:\/\/yoast.com\/product\/yoast-seo-wordpress\/ -->\n<title>Salud dental - Lumira HealthCare<\/title>\n<meta name=\"description\" content=\"Mantenga una sonrisa saludable con atenci\u00f3n dental experta en Lumira Healthcare. Ofrecemos limpiezas y ex\u00e1menes para ni\u00f1os y adultos de la comunidad.\" \/>\n<meta name=\"robots\" content=\"index, follow, max-snippet:-1, max-image-preview:large, max-video-preview:-1\" \/>\n<link rel=\"canonical\" href=\"https:\/\/lumirahealthcare.com\/es\/nuestros-servicios\/salud-dental\/\" \/>\n<meta property=\"og:locale\" content=\"es_ES\" \/>\n<meta property=\"og:type\" content=\"article\" \/>\n<meta property=\"og:title\" content=\"Salud dental - Lumira HealthCare\" \/>\n<meta property=\"og:description\" content=\"Mantenga una sonrisa saludable con atenci\u00f3n dental experta en Lumira Healthcare. Ofrecemos limpiezas y ex\u00e1menes para ni\u00f1os y adultos de la comunidad.\" \/>\n<meta property=\"og:url\" content=\"https:\/\/lumirahealthcare.com\/es\/nuestros-servicios\/salud-dental\/\" \/>\n<meta property=\"og:site_name\" content=\"Lumira HealthCare\" \/>\n<meta property=\"article:publisher\" content=\"https:\/\/www.facebook.com\/LivingstonHealth\/\" \/>\n<meta property=\"article:modified_time\" content=\"2026-02-03T18:20:34+00:00\" \/>\n<meta name=\"twitter:card\" content=\"summary_large_image\" \/>\n<script type=\"application\/ld+json\" class=\"yoast-schema-graph\">{\"@context\":\"https:\\\/\\\/schema.org\",\"@graph\":[{\"@type\":\"WebPage\",\"@id\":\"https:\\\/\\\/lumirahealthcare.com\\\/es\\\/nuestros-servicios\\\/salud-dental\\\/\",\"url\":\"https:\\\/\\\/lumirahealthcare.com\\\/es\\\/nuestros-servicios\\\/salud-dental\\\/\",\"name\":\"Salud dental - Lumira HealthCare\",\"isPartOf\":{\"@id\":\"https:\\\/\\\/lumirahealthcare.com\\\/es\\\/#website\"},\"datePublished\":\"2025-12-18T10:54:06+00:00\",\"dateModified\":\"2026-02-03T18:20:34+00:00\",\"description\":\"Mantenga una sonrisa saludable con atenci\u00f3n dental experta en Lumira Healthcare. Ofrecemos limpiezas y ex\u00e1menes para ni\u00f1os y adultos de la comunidad.\",\"breadcrumb\":{\"@id\":\"https:\\\/\\\/lumirahealthcare.com\\\/es\\\/nuestros-servicios\\\/salud-dental\\\/#breadcrumb\"},\"inLanguage\":\"es\",\"potentialAction\":[{\"@type\":\"ReadAction\",\"target\":[\"https:\\\/\\\/lumirahealthcare.com\\\/es\\\/nuestros-servicios\\\/salud-dental\\\/\"]}]},{\"@type\":\"BreadcrumbList\",\"@id\":\"https:\\\/\\\/lumirahealthcare.com\\\/es\\\/nuestros-servicios\\\/salud-dental\\\/#breadcrumb\",\"itemListElement\":[{\"@type\":\"ListItem\",\"position\":1,\"name\":\"Home\",\"item\":\"https:\\\/\\\/lumirahealthcare.com\\\/es\\\/\"},{\"@type\":\"ListItem\",\"position\":2,\"name\":\"Nuestros servicios\",\"item\":\"https:\\\/\\\/lumirahealthcare.com\\\/es\\\/nuestros-servicios\\\/\"},{\"@type\":\"ListItem\",\"position\":3,\"name\":\"Salud dental\"}]},{\"@type\":\"WebSite\",\"@id\":\"https:\\\/\\\/lumirahealthcare.com\\\/es\\\/#website\",\"url\":\"https:\\\/\\\/lumirahealthcare.com\\\/es\\\/\",\"name\":\"Lumira HealthCare\",\"description\":\"\",\"publisher\":{\"@id\":\"https:\\\/\\\/lumirahealthcare.com\\\/es\\\/#organization\"},\"potentialAction\":[{\"@type\":\"SearchAction\",\"target\":{\"@type\":\"EntryPoint\",\"urlTemplate\":\"https:\\\/\\\/lumirahealthcare.com\\\/es\\\/?s={search_term_string}\"},\"query-input\":{\"@type\":\"PropertyValueSpecification\",\"valueRequired\":true,\"valueName\":\"search_term_string\"}}],\"inLanguage\":\"es\"},{\"@type\":\"Organization\",\"@id\":\"https:\\\/\\\/lumirahealthcare.com\\\/es\\\/#organization\",\"name\":\"Lumira HealthCare\",\"url\":\"https:\\\/\\\/lumirahealthcare.com\\\/es\\\/\",\"logo\":{\"@type\":\"ImageObject\",\"inLanguage\":\"es\",\"@id\":\"https:\\\/\\\/lumirahealthcare.com\\\/es\\\/#\\\/schema\\\/logo\\\/image\\\/\",\"url\":\"https:\\\/\\\/lumirahealthcare.com\\\/wp-content\\\/uploads\\\/2025\\\/12\\\/lumira-placeholder.png\",\"contentUrl\":\"https:\\\/\\\/lumirahealthcare.com\\\/wp-content\\\/uploads\\\/2025\\\/12\\\/lumira-placeholder.png\",\"width\":1024,\"height\":1024,\"caption\":\"Lumira HealthCare\"},\"image\":{\"@id\":\"https:\\\/\\\/lumirahealthcare.com\\\/es\\\/#\\\/schema\\\/logo\\\/image\\\/\"},\"sameAs\":[\"https:\\\/\\\/www.facebook.com\\\/LivingstonHealth\\\/\",\"https:\\\/\\\/www.instagram.com\\\/livingstonhealth\",\"https:\\\/\\\/www.youtube.com\\\/@LumiraHealthcare\",\"https:\\\/\\\/www.linkedin.com\\\/company\\\/visitlch\\\/\"]}]}<\/script>\n<!-- \/ Yoast SEO plugin. -->","yoast_head_json":{"title":"Salud dental - Lumira HealthCare","description":"Mantenga una sonrisa saludable con atenci\u00f3n dental experta en Lumira Healthcare. Ofrecemos limpiezas y ex\u00e1menes para ni\u00f1os y adultos de la comunidad.","robots":{"index":"index","follow":"follow","max-snippet":"max-snippet:-1","max-image-preview":"max-image-preview:large","max-video-preview":"max-video-preview:-1"},"canonical":"https:\/\/lumirahealthcare.com\/es\/nuestros-servicios\/salud-dental\/","og_locale":"es_ES","og_type":"article","og_title":"Salud dental - Lumira HealthCare","og_description":"Mantenga una sonrisa saludable con atenci\u00f3n dental experta en Lumira Healthcare. Ofrecemos limpiezas y ex\u00e1menes para ni\u00f1os y adultos de la comunidad.","og_url":"https:\/\/lumirahealthcare.com\/es\/nuestros-servicios\/salud-dental\/","og_site_name":"Lumira HealthCare","article_publisher":"https:\/\/www.facebook.com\/LivingstonHealth\/","article_modified_time":"2026-02-03T18:20:34+00:00","twitter_card":"summary_large_image","schema":{"@context":"https:\/\/schema.org","@graph":[{"@type":"WebPage","@id":"https:\/\/lumirahealthcare.com\/es\/nuestros-servicios\/salud-dental\/","url":"https:\/\/lumirahealthcare.com\/es\/nuestros-servicios\/salud-dental\/","name":"Salud dental - Lumira HealthCare","isPartOf":{"@id":"https:\/\/lumirahealthcare.com\/es\/#website"},"datePublished":"2025-12-18T10:54:06+00:00","dateModified":"2026-02-03T18:20:34+00:00","description":"Mantenga una sonrisa saludable con atenci\u00f3n dental experta en Lumira Healthcare. Ofrecemos limpiezas y ex\u00e1menes para ni\u00f1os y adultos de la comunidad.","breadcrumb":{"@id":"https:\/\/lumirahealthcare.com\/es\/nuestros-servicios\/salud-dental\/#breadcrumb"},"inLanguage":"es","potentialAction":[{"@type":"ReadAction","target":["https:\/\/lumirahealthcare.com\/es\/nuestros-servicios\/salud-dental\/"]}]},{"@type":"BreadcrumbList","@id":"https:\/\/lumirahealthcare.com\/es\/nuestros-servicios\/salud-dental\/#breadcrumb","itemListElement":[{"@type":"ListItem","position":1,"name":"Home","item":"https:\/\/lumirahealthcare.com\/es\/"},{"@type":"ListItem","position":2,"name":"Nuestros servicios","item":"https:\/\/lumirahealthcare.com\/es\/nuestros-servicios\/"},{"@type":"ListItem","position":3,"name":"Salud dental"}]},{"@type":"WebSite","@id":"https:\/\/lumirahealthcare.com\/es\/#website","url":"https:\/\/lumirahealthcare.com\/es\/","name":"Lumira HealthCare","description":"","publisher":{"@id":"https:\/\/lumirahealthcare.com\/es\/#organization"},"potentialAction":[{"@type":"SearchAction","target":{"@type":"EntryPoint","urlTemplate":"https:\/\/lumirahealthcare.com\/es\/?s={search_term_string}"},"query-input":{"@type":"PropertyValueSpecification","valueRequired":true,"valueName":"search_term_string"}}],"inLanguage":"es"},{"@type":"Organization","@id":"https:\/\/lumirahealthcare.com\/es\/#organization","name":"Lumira HealthCare","url":"https:\/\/lumirahealthcare.com\/es\/","logo":{"@type":"ImageObject","inLanguage":"es","@id":"https:\/\/lumirahealthcare.com\/es\/#\/schema\/logo\/image\/","url":"https:\/\/lumirahealthcare.com\/wp-content\/uploads\/2025\/12\/lumira-placeholder.png","contentUrl":"https:\/\/lumirahealthcare.com\/wp-content\/uploads\/2025\/12\/lumira-placeholder.png","width":1024,"height":1024,"caption":"Lumira HealthCare"},"image":{"@id":"https:\/\/lumirahealthcare.com\/es\/#\/schema\/logo\/image\/"},"sameAs":["https:\/\/www.facebook.com\/LivingstonHealth\/","https:\/\/www.instagram.com\/livingstonhealth","https:\/\/www.youtube.com\/@LumiraHealthcare","https:\/\/www.linkedin.com\/company\/visitlch\/"]}]}},"_links":{"self":[{"href":"https:\/\/lumirahealthcare.com\/es\/wp-json\/wp\/v2\/pages\/936","targetHints":{"allow":["GET"]}}],"collection":[{"href":"https:\/\/lumirahealthcare.com\/es\/wp-json\/wp\/v2\/pages"}],"about":[{"href":"https:\/\/lumirahealthcare.com\/es\/wp-json\/wp\/v2\/types\/page"}],"author":[{"embeddable":true,"href":"https:\/\/lumirahealthcare.com\/es\/wp-json\/wp\/v2\/users\/2"}],"replies":[{"embeddable":true,"href":"https:\/\/lumirahealthcare.com\/es\/wp-json\/wp\/v2\/comments?post=936"}],"version-history":[{"count":0,"href":"https:\/\/lumirahealthcare.com\/es\/wp-json\/wp\/v2\/pages\/936\/revisions"}],"up":[{"embeddable":true,"href":"https:\/\/lumirahealthcare.com\/es\/wp-json\/wp\/v2\/pages\/868"}],"wp:attachment":[{"href":"https:\/\/lumirahealthcare.com\/es\/wp-json\/wp\/v2\/media?parent=936"}],"curies":[{"name":"wp","href":"https:\/\/api.w.org\/{rel}","templated":true}]}}