{"id":914,"date":"2025-12-19T13:50:23","date_gmt":"2025-12-19T13:50:23","guid":{"rendered":"https:\/\/lumiradevsite.wpenginepowered.com\/acerca-de-nosotros\/fundacion-lchs\/"},"modified":"2026-02-03T17:49:42","modified_gmt":"2026-02-03T17:49:42","slug":"fundacion-lchs","status":"publish","type":"page","link":"https:\/\/lumirahealthcare.com\/es\/acerca-de-nosotros\/fundacion-lchs\/","title":{"rendered":"Fundaci\u00f3n LCHS"},"content":{"rendered":"<section id=\"featured-text-block_6422066c536ce93ae75379f50dfe90ed\" class=\"section component-section\">\n\t<div \n\t\tclass=\"ss featured-text featured-text--lg-bg-quaternary\"\n\t\t\t>\n\t\t\t\t\t<div class=\"container container--md\">\n\t\t\t\t<article class=\"featured-text__header\">\n\t\t\t\t\t\t\t\t\t\t\t<figure >\n\t\t\t\t\t\t\t<img \n\t\t\t\t\t\t\t\tsrc=\"https:\/\/lumirahealthcare.com\/wp-content\/uploads\/2026\/01\/Group.svg\" \n\t\t\t\t\t\t\t\talt=\"Group\" \n\t\t\t\t\t\t\t\t\t\t\t\t\t\t\t\tloading=\"lazy\"\n\t\t\t\t\t\t\t\t\t\t\t\t\t\t\t>\n\t\t\t\t\t\t<\/figure>\n\t\t\t\t\t\t\t\t\t\t\n\t\t\t\t\t\t\t\t\t\t\t<p class=\"featured-text__subtitle l-mobile-eyebrow-s l-desktop-eyebrow-s\">La Fundaci\u00f3n LCHS<\/p>\n\t\t\t\t\t\t\t\t\t\t\n\t\t\t\t\t\t\t\t\t<h1 class=\"l-mobile-h2 l-desktop-h2\">Fortaleciendo la comunidad desde dentro.<\/h1>\n\t\t\t\t\t\t\t\t\t\n\t\t\t\t\t\t\t\t\t\t\t<p class=\"featured-text__description l-mobile-body-xl l-desktop-body-xl\">\n\t\t\t\t\t\t\tLa Fundaci\u00f3n LCHS es el brazo ben\u00e9fico de Lumira Healthcare (anteriormente Livingston Community Health). Establecida para fortalecer el acceso a una atenci\u00f3n m\u00e9dica de calidad en todo el Valle Central, la Fundaci\u00f3n recauda fondos y fomenta asociaciones que ayudan a expandir los servicios, mejorar las instalaciones y garantizar que la atenci\u00f3n llegue a quienes m\u00e1s la necesitan. \t\t\t\t\t\t<\/p>\n\t\t\t\t\t\t\t\t\t\t\n\t\t\t\t\t\t\t\t\t\t\t<footer>\n\t\t\t\t\t\t\t\t\t\t\t\t\t\t\t<p class=\"l-mobile-body-s l-desktop-body-s\">Desde la organizaci\u00f3n de programas comunitarios hasta la promoci\u00f3n y la participaci\u00f3n p\u00fablica, la Fundaci\u00f3n desempe\u00f1a un papel vital en el avance de la misi\u00f3n de Lumira de eliminar las barreras a la salud para las comunidades locales.\r\n<\/p>\n\t\t\t\t\t\t\t\t\t\t\t\t\t\t\n\t\t\t\t\t\t\t\t\t\t\t\t\t<\/footer>\n\t\t\t\t\t\t\t\t\t<\/article>\n\t\t\t<\/div>\n\t\t\t\t\n\t\t\t\t\t<div class=\"container\">\n\t\t\t\t<div class=\"ss info-list\">\n\t\t\t\t\t\t\t\t\t\t\n\t\t\t\t\t\t\t\t\t\t\t<div class=\"info-list__cards\">\n\t\t\t\t\t\t\t\t\t\t\t\t\t\t\t\t\t\t\t\t\t<\/div>\n\t\t\t\t\t\t\t\t\t<\/div>\n\t\t\t<\/div>\n\t\t\t<\/div>\n<\/section>\n\n\n<section \n\tid=\"image-text-block_ba931930f94aa4901c7283dd5752df37\"\n\tclass=\"section\" \n>\n\t<div \n\t\tclass=\"ss image-text image-text--left\"\n\t>\n\t\t<div class=\"container\">\n\t\t\t<div class=\"image-text__inner\">\n\t\t\t\t\t\t\t\t\t\t\t\t\t\t\t\t\t\t<figure \n\t\t\t\t\t\tclass=\"aspect-box is-cover\"\n\t\t\t\t\t\taria-hidden=\"false\"\n\t\t\t\t\t>\n\t\t\t\t\t\t\t\t\t\t\t\t\t<img decoding=\"async\" width=\"2532\" height=\"1756\" src=\"https:\/\/lumirahealthcare.com\/wp-content\/uploads\/2025\/12\/L-Golf1.png\" class=\"attachment-full size-full\" alt=\"L-Golf1\" loading=\"lazy\" srcset=\"https:\/\/lumirahealthcare.com\/wp-content\/uploads\/2025\/12\/L-Golf1.png 2532w, https:\/\/lumirahealthcare.com\/wp-content\/uploads\/2025\/12\/L-Golf1-300x208.png 300w, https:\/\/lumirahealthcare.com\/wp-content\/uploads\/2025\/12\/L-Golf1-1024x710.png 1024w, https:\/\/lumirahealthcare.com\/wp-content\/uploads\/2025\/12\/L-Golf1-768x533.png 768w, https:\/\/lumirahealthcare.com\/wp-content\/uploads\/2025\/12\/L-Golf1-1536x1065.png 1536w, https:\/\/lumirahealthcare.com\/wp-content\/uploads\/2025\/12\/L-Golf1-2048x1420.png 2048w\" sizes=\"auto, (max-width: 2532px) 100vw, 2532px\" \/>\t\t\t\t\t\t\t\t\t\t\t\t\n\t\t\t\t\t\t\t\t\t\t\t\t\n\t\t\t\t\t\t\t\t\t\t\t<\/figure>\n\t\t\t\t\t\t\t\t\t\t\t\t<article class=\"image-text__content\">\n\t\t\t\t\t\t\t\t\t\t\t<span class=\"l-tag image-text__subtitle\">Recaudaci\u00f3n de fondos<\/span>\n\t\t\t\t\t\t\t\t\t\t\n\t\t\t\t\t\t\t\t\t\t\t\t\t\t\t\t\t<h2 class=\"image-text__title\">\n\t\t\t\t\t\t\tDando un golpe por una causa magn\u00edfica.\t\t\t\t\t\t<\/h2>\n\t\t\t\t\t\n\t\t\t\t\t\t\t\t\t\t\t<div class=\"generic\"><p><span style=\"font-weight: 400\">Greens &amp; Giving es el torneo de golf anual de la Fundaci\u00f3n LCHS y el evento de recaudaci\u00f3n de fondos insignia. Cada a\u00f1o, en oto\u00f1o, miembros de la comunidad, patrocinadores y jugadores se unen para pasar un d\u00eda en el campo de golf para apoyar la expansi\u00f3n de la atenci\u00f3n m\u00e9dica para las familias en todo el Valle Central. Los ingresos del evento apoyan directamente los programas e iniciativas defendidos por la misi\u00f3n de Lumira Healthcare.  <\/span><\/p>\n<\/div>\n\t\t\t\t\t\n\t\t\t\t\t\t\t\t\t<\/article>\n\t\t\t\t\t\t\t<\/div>\n\t\t<\/div>\n\t<\/div>\n<\/section>\n","protected":false},"excerpt":{"rendered":"","protected":false},"author":2,"featured_media":0,"parent":869,"menu_order":0,"comment_status":"closed","ping_status":"closed","template":"template-components.php","meta":{"_acf_changed":false,"footnotes":""},"class_list":["post-914","page","type-page","status-publish","hentry"],"acf":[],"yoast_head":"<!-- This site is optimized with the Yoast SEO plugin v27.4 - https:\/\/yoast.com\/product\/yoast-seo-wordpress\/ -->\n<title>Fundaci\u00f3n LCHS - Lumira HealthCare<\/title>\n<meta name=\"description\" content=\"Apoye la salud de nuestra comunidad a trav\u00e9s de la Fundaci\u00f3n LCHS. Descubra c\u00f3mo sus donaciones ayudan a Lumira Healthcare a proporcionar servicios m\u00e9dicos esenciales.\" \/>\n<meta name=\"robots\" content=\"index, follow, max-snippet:-1, max-image-preview:large, max-video-preview:-1\" \/>\n<link rel=\"canonical\" href=\"https:\/\/lumirahealthcare.com\/es\/acerca-de-nosotros\/fundacion-lchs\/\" \/>\n<meta property=\"og:locale\" content=\"es_ES\" \/>\n<meta property=\"og:type\" content=\"article\" \/>\n<meta property=\"og:title\" content=\"Fundaci\u00f3n LCHS - Lumira HealthCare\" \/>\n<meta property=\"og:description\" content=\"Apoye la salud de nuestra comunidad a trav\u00e9s de la Fundaci\u00f3n LCHS. Descubra c\u00f3mo sus donaciones ayudan a Lumira Healthcare a proporcionar servicios m\u00e9dicos esenciales.\" \/>\n<meta property=\"og:url\" content=\"https:\/\/lumirahealthcare.com\/es\/acerca-de-nosotros\/fundacion-lchs\/\" \/>\n<meta property=\"og:site_name\" content=\"Lumira HealthCare\" \/>\n<meta property=\"article:publisher\" content=\"https:\/\/www.facebook.com\/LivingstonHealth\/\" \/>\n<meta property=\"article:modified_time\" content=\"2026-02-03T17:49:42+00:00\" \/>\n<meta name=\"twitter:card\" content=\"summary_large_image\" \/>\n<script type=\"application\/ld+json\" class=\"yoast-schema-graph\">{\"@context\":\"https:\\\/\\\/schema.org\",\"@graph\":[{\"@type\":\"WebPage\",\"@id\":\"https:\\\/\\\/lumirahealthcare.com\\\/es\\\/acerca-de-nosotros\\\/fundacion-lchs\\\/\",\"url\":\"https:\\\/\\\/lumirahealthcare.com\\\/es\\\/acerca-de-nosotros\\\/fundacion-lchs\\\/\",\"name\":\"Fundaci\u00f3n LCHS - Lumira HealthCare\",\"isPartOf\":{\"@id\":\"https:\\\/\\\/lumirahealthcare.com\\\/es\\\/#website\"},\"datePublished\":\"2025-12-19T13:50:23+00:00\",\"dateModified\":\"2026-02-03T17:49:42+00:00\",\"description\":\"Apoye la salud de nuestra comunidad a trav\u00e9s de la Fundaci\u00f3n LCHS. Descubra c\u00f3mo sus donaciones ayudan a Lumira Healthcare a proporcionar servicios m\u00e9dicos esenciales.\",\"breadcrumb\":{\"@id\":\"https:\\\/\\\/lumirahealthcare.com\\\/es\\\/acerca-de-nosotros\\\/fundacion-lchs\\\/#breadcrumb\"},\"inLanguage\":\"es\",\"potentialAction\":[{\"@type\":\"ReadAction\",\"target\":[\"https:\\\/\\\/lumirahealthcare.com\\\/es\\\/acerca-de-nosotros\\\/fundacion-lchs\\\/\"]}]},{\"@type\":\"BreadcrumbList\",\"@id\":\"https:\\\/\\\/lumirahealthcare.com\\\/es\\\/acerca-de-nosotros\\\/fundacion-lchs\\\/#breadcrumb\",\"itemListElement\":[{\"@type\":\"ListItem\",\"position\":1,\"name\":\"Home\",\"item\":\"https:\\\/\\\/lumirahealthcare.com\\\/es\\\/\"},{\"@type\":\"ListItem\",\"position\":2,\"name\":\"Acerca de nosotros\",\"item\":\"https:\\\/\\\/lumirahealthcare.com\\\/es\\\/acerca-de-nosotros\\\/\"},{\"@type\":\"ListItem\",\"position\":3,\"name\":\"Fundaci\u00f3n LCHS\"}]},{\"@type\":\"WebSite\",\"@id\":\"https:\\\/\\\/lumirahealthcare.com\\\/es\\\/#website\",\"url\":\"https:\\\/\\\/lumirahealthcare.com\\\/es\\\/\",\"name\":\"Lumira HealthCare\",\"description\":\"\",\"publisher\":{\"@id\":\"https:\\\/\\\/lumirahealthcare.com\\\/es\\\/#organization\"},\"potentialAction\":[{\"@type\":\"SearchAction\",\"target\":{\"@type\":\"EntryPoint\",\"urlTemplate\":\"https:\\\/\\\/lumirahealthcare.com\\\/es\\\/?s={search_term_string}\"},\"query-input\":{\"@type\":\"PropertyValueSpecification\",\"valueRequired\":true,\"valueName\":\"search_term_string\"}}],\"inLanguage\":\"es\"},{\"@type\":\"Organization\",\"@id\":\"https:\\\/\\\/lumirahealthcare.com\\\/es\\\/#organization\",\"name\":\"Lumira HealthCare\",\"url\":\"https:\\\/\\\/lumirahealthcare.com\\\/es\\\/\",\"logo\":{\"@type\":\"ImageObject\",\"inLanguage\":\"es\",\"@id\":\"https:\\\/\\\/lumirahealthcare.com\\\/es\\\/#\\\/schema\\\/logo\\\/image\\\/\",\"url\":\"https:\\\/\\\/lumirahealthcare.com\\\/wp-content\\\/uploads\\\/2025\\\/12\\\/lumira-placeholder.png\",\"contentUrl\":\"https:\\\/\\\/lumirahealthcare.com\\\/wp-content\\\/uploads\\\/2025\\\/12\\\/lumira-placeholder.png\",\"width\":1024,\"height\":1024,\"caption\":\"Lumira HealthCare\"},\"image\":{\"@id\":\"https:\\\/\\\/lumirahealthcare.com\\\/es\\\/#\\\/schema\\\/logo\\\/image\\\/\"},\"sameAs\":[\"https:\\\/\\\/www.facebook.com\\\/LivingstonHealth\\\/\",\"https:\\\/\\\/www.instagram.com\\\/livingstonhealth\",\"https:\\\/\\\/www.youtube.com\\\/@LumiraHealthcare\",\"https:\\\/\\\/www.linkedin.com\\\/company\\\/visitlch\\\/\"]}]}<\/script>\n<!-- \/ Yoast SEO plugin. -->","yoast_head_json":{"title":"Fundaci\u00f3n LCHS - Lumira HealthCare","description":"Apoye la salud de nuestra comunidad a trav\u00e9s de la Fundaci\u00f3n LCHS. Descubra c\u00f3mo sus donaciones ayudan a Lumira Healthcare a proporcionar servicios m\u00e9dicos esenciales.","robots":{"index":"index","follow":"follow","max-snippet":"max-snippet:-1","max-image-preview":"max-image-preview:large","max-video-preview":"max-video-preview:-1"},"canonical":"https:\/\/lumirahealthcare.com\/es\/acerca-de-nosotros\/fundacion-lchs\/","og_locale":"es_ES","og_type":"article","og_title":"Fundaci\u00f3n LCHS - Lumira HealthCare","og_description":"Apoye la salud de nuestra comunidad a trav\u00e9s de la Fundaci\u00f3n LCHS. Descubra c\u00f3mo sus donaciones ayudan a Lumira Healthcare a proporcionar servicios m\u00e9dicos esenciales.","og_url":"https:\/\/lumirahealthcare.com\/es\/acerca-de-nosotros\/fundacion-lchs\/","og_site_name":"Lumira HealthCare","article_publisher":"https:\/\/www.facebook.com\/LivingstonHealth\/","article_modified_time":"2026-02-03T17:49:42+00:00","twitter_card":"summary_large_image","schema":{"@context":"https:\/\/schema.org","@graph":[{"@type":"WebPage","@id":"https:\/\/lumirahealthcare.com\/es\/acerca-de-nosotros\/fundacion-lchs\/","url":"https:\/\/lumirahealthcare.com\/es\/acerca-de-nosotros\/fundacion-lchs\/","name":"Fundaci\u00f3n LCHS - Lumira HealthCare","isPartOf":{"@id":"https:\/\/lumirahealthcare.com\/es\/#website"},"datePublished":"2025-12-19T13:50:23+00:00","dateModified":"2026-02-03T17:49:42+00:00","description":"Apoye la salud de nuestra comunidad a trav\u00e9s de la Fundaci\u00f3n LCHS. Descubra c\u00f3mo sus donaciones ayudan a Lumira Healthcare a proporcionar servicios m\u00e9dicos esenciales.","breadcrumb":{"@id":"https:\/\/lumirahealthcare.com\/es\/acerca-de-nosotros\/fundacion-lchs\/#breadcrumb"},"inLanguage":"es","potentialAction":[{"@type":"ReadAction","target":["https:\/\/lumirahealthcare.com\/es\/acerca-de-nosotros\/fundacion-lchs\/"]}]},{"@type":"BreadcrumbList","@id":"https:\/\/lumirahealthcare.com\/es\/acerca-de-nosotros\/fundacion-lchs\/#breadcrumb","itemListElement":[{"@type":"ListItem","position":1,"name":"Home","item":"https:\/\/lumirahealthcare.com\/es\/"},{"@type":"ListItem","position":2,"name":"Acerca de nosotros","item":"https:\/\/lumirahealthcare.com\/es\/acerca-de-nosotros\/"},{"@type":"ListItem","position":3,"name":"Fundaci\u00f3n LCHS"}]},{"@type":"WebSite","@id":"https:\/\/lumirahealthcare.com\/es\/#website","url":"https:\/\/lumirahealthcare.com\/es\/","name":"Lumira HealthCare","description":"","publisher":{"@id":"https:\/\/lumirahealthcare.com\/es\/#organization"},"potentialAction":[{"@type":"SearchAction","target":{"@type":"EntryPoint","urlTemplate":"https:\/\/lumirahealthcare.com\/es\/?s={search_term_string}"},"query-input":{"@type":"PropertyValueSpecification","valueRequired":true,"valueName":"search_term_string"}}],"inLanguage":"es"},{"@type":"Organization","@id":"https:\/\/lumirahealthcare.com\/es\/#organization","name":"Lumira HealthCare","url":"https:\/\/lumirahealthcare.com\/es\/","logo":{"@type":"ImageObject","inLanguage":"es","@id":"https:\/\/lumirahealthcare.com\/es\/#\/schema\/logo\/image\/","url":"https:\/\/lumirahealthcare.com\/wp-content\/uploads\/2025\/12\/lumira-placeholder.png","contentUrl":"https:\/\/lumirahealthcare.com\/wp-content\/uploads\/2025\/12\/lumira-placeholder.png","width":1024,"height":1024,"caption":"Lumira HealthCare"},"image":{"@id":"https:\/\/lumirahealthcare.com\/es\/#\/schema\/logo\/image\/"},"sameAs":["https:\/\/www.facebook.com\/LivingstonHealth\/","https:\/\/www.instagram.com\/livingstonhealth","https:\/\/www.youtube.com\/@LumiraHealthcare","https:\/\/www.linkedin.com\/company\/visitlch\/"]}]}},"_links":{"self":[{"href":"https:\/\/lumirahealthcare.com\/es\/wp-json\/wp\/v2\/pages\/914","targetHints":{"allow":["GET"]}}],"collection":[{"href":"https:\/\/lumirahealthcare.com\/es\/wp-json\/wp\/v2\/pages"}],"about":[{"href":"https:\/\/lumirahealthcare.com\/es\/wp-json\/wp\/v2\/types\/page"}],"author":[{"embeddable":true,"href":"https:\/\/lumirahealthcare.com\/es\/wp-json\/wp\/v2\/users\/2"}],"replies":[{"embeddable":true,"href":"https:\/\/lumirahealthcare.com\/es\/wp-json\/wp\/v2\/comments?post=914"}],"version-history":[{"count":0,"href":"https:\/\/lumirahealthcare.com\/es\/wp-json\/wp\/v2\/pages\/914\/revisions"}],"up":[{"embeddable":true,"href":"https:\/\/lumirahealthcare.com\/es\/wp-json\/wp\/v2\/pages\/869"}],"wp:attachment":[{"href":"https:\/\/lumirahealthcare.com\/es\/wp-json\/wp\/v2\/media?parent=914"}],"curies":[{"name":"wp","href":"https:\/\/api.w.org\/{rel}","templated":true}]}}