{"id":868,"date":"2025-12-11T02:20:56","date_gmt":"2025-12-11T02:20:56","guid":{"rendered":"https:\/\/lumiradevsite.wpenginepowered.com\/nuestros-servicios\/"},"modified":"2026-02-03T18:08:29","modified_gmt":"2026-02-03T18:08:29","slug":"nuestros-servicios","status":"publish","type":"page","link":"https:\/\/lumirahealthcare.com\/es\/nuestros-servicios\/","title":{"rendered":"Nuestros servicios"},"content":{"rendered":"\n<section class=\"section component-section\">\n\t<section id=\"card-grid-block_18e6718fc43bf117f7805ef1b37b648a\" class=\"ss team-grid\" aria-labelledby=\"nuestros-servicios-block_18e6718fc43bf117f7805ef1b37b648a\">\n\t\t<div class=\"container\">\n\t\t\t\t\t<header class=\"team-grid__header\">\n\t\t\t\t\t\t\t\t\t\t\t\t\t\t<h1 id=\"nuestros-servicios-block_18e6718fc43bf117f7805ef1b37b648a\" class=\"team-grid__title l-h2 l-text-left\">Nuestros servicios<\/h1>\n\t\t\t\t\t\t\t\t\t\t\t\t\t\t\t\t\t\t<div class=\"card-grid__description l-text-left\">\n\t\t\t\t\t\t<p><span style=\"font-weight: 400\">En Lumira Healthcare nos enorgullece ofrecer atenci\u00f3n integral en un mismo lugar. Desde visitas preventivas hasta servicios especializados, estamos aqu\u00ed para su salud a largo plazo. <\/span><\/p>\n\t\t\t\t\t<\/div>\n\t\t\t\t\t\t\t<\/header>\n\t\t\t\t\t\t\t\t<ul class=\"team-grid__list\" role=\"list\" data-block-instance-id=\"block_18e6718fc43bf117f7805ef1b37b648a\" data-block-id=\"card-grid-block_18e6718fc43bf117f7805ef1b37b648a\" data-block-anchor=\"\" data-total-cards=\"8\" data-loaded-count=\"8\">\n\t\t\t\t\t\t\t\t<li class=\"team-grid__item\" role=\"listitem\">\n\t\t\t\t<article class=\"ss team-card\" aria-labelledby=\"card-block_18e6718fc43bf117f7805ef1b37b648a-0\">\n\t\t\t\t\t<figure >\n\t\t\t\t\t\t\t\t\t\t\t\t\t<img \n\t\t\t\t\t\t\t\tsrc=\"https:\/\/lumirahealthcare.com\/wp-content\/uploads\/2025\/12\/L-Services_Medical.svg\" \n\t\t\t\t\t\t\t\talt=\"L-Services_Medical\" \n\t\t\t\t\t\t\t\twidth=\"400\" \n\t\t\t\t\t\t\t\theight=\"400\"\n\t\t\t\t\t\t\t\tloading=\"lazy\"\n\t\t\t\t\t\t\t>\n\t\t\t\t\t\t\t\t\t\t\t\t\t\t\t\t\t<\/figure>\n\t\t\t\t\t<div class=\"team-card__content\">\n\t\t\t\t\t\t<h3 class=\"team-card__name l-body-l\" id=\"card-block_18e6718fc43bf117f7805ef1b37b648a-0\">Salud m\u00e9dica<\/h3>\n\t\t\t\t\t\t\t\t\t\t\t\t\n\t\t\t\t\t\t\t\t\t\t\t\t\t\t\t\t\t\t\t<div class=\"team-card__description\">\n\t\t\t\t\t\t\t\t<p>Atenci\u00f3n primaria y preventiva para personas y familias de todas las edades<\/p>\t\t\t\t\t\t\t<\/div>\n\t\t\t\t\t\t\t\t\t\t\t\t\n\t\t\t\t\t\t\t\t\t\t\t\t\t\t\t\t\t\t\t\t<a \n\t\t\t\t\t\t\t\tclass=\"l-link\" \n\t\t\t\t\t\t\t\thref=\"https:\/\/lumirahealthcare.com\/services\/medical\/\" \n\t\t\t\t\t\t\t\t\t\t\t\t\t\t\t\taria-label=\"M\u00e1s informaci\u00f3n\"\n\t\t\t\t\t\t\t>\n\t\t\t\t\t\t\t\t<span>M\u00e1s informaci\u00f3n<\/span>\n\t\t\t\t\t\t\t<\/a>\n\t\t\t\t\t\t\t\t\t\t\t<\/div>\n\t\t\t\t<\/article>\n\t\t\t<\/li>\n\t\t\t\t\t\t\t\t<li class=\"team-grid__item\" role=\"listitem\">\n\t\t\t\t<article class=\"ss team-card\" aria-labelledby=\"card-block_18e6718fc43bf117f7805ef1b37b648a-1\">\n\t\t\t\t\t<figure >\n\t\t\t\t\t\t\t\t\t\t\t\t\t<img \n\t\t\t\t\t\t\t\tsrc=\"https:\/\/lumirahealthcare.com\/wp-content\/uploads\/2025\/12\/L-Services_Dental.svg\" \n\t\t\t\t\t\t\t\talt=\"L-Services_Dental\" \n\t\t\t\t\t\t\t\twidth=\"400\" \n\t\t\t\t\t\t\t\theight=\"400\"\n\t\t\t\t\t\t\t\tloading=\"lazy\"\n\t\t\t\t\t\t\t>\n\t\t\t\t\t\t\t\t\t\t\t\t\t\t\t\t\t<\/figure>\n\t\t\t\t\t<div class=\"team-card__content\">\n\t\t\t\t\t\t<h3 class=\"team-card__name l-body-l\" id=\"card-block_18e6718fc43bf117f7805ef1b37b648a-1\">Salud dental<\/h3>\n\t\t\t\t\t\t\t\t\t\t\t\t\n\t\t\t\t\t\t\t\t\t\t\t\t\t\t\t\t\t\t\t<div class=\"team-card__description\">\n\t\t\t\t\t\t\t\t<p>Atenci\u00f3n preventiva y restauradora para mantener cada sonrisa saludable.<\/p>\t\t\t\t\t\t\t<\/div>\n\t\t\t\t\t\t\t\t\t\t\t\t\n\t\t\t\t\t\t\t\t\t\t\t\t\t\t\t\t\t\t\t\t<a \n\t\t\t\t\t\t\t\tclass=\"l-link\" \n\t\t\t\t\t\t\t\thref=\"https:\/\/lumirahealthcare.com\/services\/dental\/\" \n\t\t\t\t\t\t\t\t\t\t\t\t\t\t\t\taria-label=\"M\u00e1s informaci\u00f3n\"\n\t\t\t\t\t\t\t>\n\t\t\t\t\t\t\t\t<span>M\u00e1s informaci\u00f3n<\/span>\n\t\t\t\t\t\t\t<\/a>\n\t\t\t\t\t\t\t\t\t\t\t<\/div>\n\t\t\t\t<\/article>\n\t\t\t<\/li>\n\t\t\t\t\t\t\t\t<li class=\"team-grid__item\" role=\"listitem\">\n\t\t\t\t<article class=\"ss team-card\" aria-labelledby=\"card-block_18e6718fc43bf117f7805ef1b37b648a-2\">\n\t\t\t\t\t<figure >\n\t\t\t\t\t\t\t\t\t\t\t\t\t<img \n\t\t\t\t\t\t\t\tsrc=\"https:\/\/lumirahealthcare.com\/wp-content\/uploads\/2025\/12\/L-Services_Behavioral.svg\" \n\t\t\t\t\t\t\t\talt=\"L-Services_Behavioral\" \n\t\t\t\t\t\t\t\twidth=\"400\" \n\t\t\t\t\t\t\t\theight=\"400\"\n\t\t\t\t\t\t\t\tloading=\"lazy\"\n\t\t\t\t\t\t\t>\n\t\t\t\t\t\t\t\t\t\t\t\t\t\t\t\t\t<\/figure>\n\t\t\t\t\t<div class=\"team-card__content\">\n\t\t\t\t\t\t<h3 class=\"team-card__name l-body-l\" id=\"card-block_18e6718fc43bf117f7805ef1b37b648a-2\">Salud conductal<\/h3>\n\t\t\t\t\t\t\t\t\t\t\t\t\n\t\t\t\t\t\t\t\t\t\t\t\t\t\t\t\t\t\t\t<div class=\"team-card__description\">\n\t\t\t\t\t\t\t\t<p>Asesoramiento y apoyo para la salud mental para todas las edades.<\/p>\t\t\t\t\t\t\t<\/div>\n\t\t\t\t\t\t\t\t\t\t\t\t\n\t\t\t\t\t\t\t\t\t\t\t\t\t\t\t\t\t\t\t\t<a \n\t\t\t\t\t\t\t\tclass=\"l-link\" \n\t\t\t\t\t\t\t\thref=\"https:\/\/lumirahealthcare.com\/services\/behavioral-health\/\" \n\t\t\t\t\t\t\t\t\t\t\t\t\t\t\t\taria-label=\"M\u00e1s informaci\u00f3n\"\n\t\t\t\t\t\t\t>\n\t\t\t\t\t\t\t\t<span>M\u00e1s informaci\u00f3n<\/span>\n\t\t\t\t\t\t\t<\/a>\n\t\t\t\t\t\t\t\t\t\t\t<\/div>\n\t\t\t\t<\/article>\n\t\t\t<\/li>\n\t\t\t\t\t\t\t\t<li class=\"team-grid__item\" role=\"listitem\">\n\t\t\t\t<article class=\"ss team-card\" aria-labelledby=\"card-block_18e6718fc43bf117f7805ef1b37b648a-3\">\n\t\t\t\t\t<figure >\n\t\t\t\t\t\t\t\t\t\t\t\t\t<img \n\t\t\t\t\t\t\t\tsrc=\"https:\/\/lumirahealthcare.com\/wp-content\/uploads\/2025\/12\/L-Services_Womens.svg\" \n\t\t\t\t\t\t\t\talt=\"L-Services_Womens\" \n\t\t\t\t\t\t\t\twidth=\"400\" \n\t\t\t\t\t\t\t\theight=\"400\"\n\t\t\t\t\t\t\t\tloading=\"lazy\"\n\t\t\t\t\t\t\t>\n\t\t\t\t\t\t\t\t\t\t\t\t\t\t\t\t\t<\/figure>\n\t\t\t\t\t<div class=\"team-card__content\">\n\t\t\t\t\t\t<h3 class=\"team-card__name l-body-l\" id=\"card-block_18e6718fc43bf117f7805ef1b37b648a-3\">Salud de la mujer<\/h3>\n\t\t\t\t\t\t\t\t\t\t\t\t\n\t\t\t\t\t\t\t\t\t\t\t\t\t\t\t\t\t\t\t<div class=\"team-card__description\">\n\t\t\t\t\t\t\t\t<p>Atenci\u00f3n compasiva e inclusiva en cada etapa importante.<\/p>\t\t\t\t\t\t\t<\/div>\n\t\t\t\t\t\t\t\t\t\t\t\t\n\t\t\t\t\t\t\t\t\t\t\t\t\t\t\t\t\t\t\t\t<a \n\t\t\t\t\t\t\t\tclass=\"l-link\" \n\t\t\t\t\t\t\t\thref=\"https:\/\/lumirahealthcare.com\/services\/womens-health\/\" \n\t\t\t\t\t\t\t\t\t\t\t\t\t\t\t\taria-label=\"M\u00e1s informaci\u00f3n\"\n\t\t\t\t\t\t\t>\n\t\t\t\t\t\t\t\t<span>M\u00e1s informaci\u00f3n<\/span>\n\t\t\t\t\t\t\t<\/a>\n\t\t\t\t\t\t\t\t\t\t\t<\/div>\n\t\t\t\t<\/article>\n\t\t\t<\/li>\n\t\t\t\t\t\t\t\t<li class=\"team-grid__item\" role=\"listitem\">\n\t\t\t\t<article class=\"ss team-card\" aria-labelledby=\"card-block_18e6718fc43bf117f7805ef1b37b648a-4\">\n\t\t\t\t\t<figure >\n\t\t\t\t\t\t\t\t\t\t\t\t\t<img \n\t\t\t\t\t\t\t\tsrc=\"https:\/\/lumirahealthcare.com\/wp-content\/uploads\/2025\/12\/L-Services_SchoolCare.svg\" \n\t\t\t\t\t\t\t\talt=\"L-Services_SchoolCare\" \n\t\t\t\t\t\t\t\twidth=\"400\" \n\t\t\t\t\t\t\t\theight=\"400\"\n\t\t\t\t\t\t\t\tloading=\"lazy\"\n\t\t\t\t\t\t\t>\n\t\t\t\t\t\t\t\t\t\t\t\t\t\t\t\t\t<\/figure>\n\t\t\t\t\t<div class=\"team-card__content\">\n\t\t\t\t\t\t<h3 class=\"team-card__name l-body-l\" id=\"card-block_18e6718fc43bf117f7805ef1b37b648a-4\">Atenci\u00f3n escolar<\/h3>\n\t\t\t\t\t\t\t\t\t\t\t\t\n\t\t\t\t\t\t\t\t\t\t\t\t\t\t\t\t\t\t\t<div class=\"team-card__description\">\n\t\t\t\t\t\t\t\t<p>Atenci\u00f3n en el campus que mantiene a los estudiantes sanos y listos para aprender.<\/p>\t\t\t\t\t\t\t<\/div>\n\t\t\t\t\t\t\t\t\t\t\t\t\n\t\t\t\t\t\t\t\t\t\t\t\t\t\t\t\t\t\t\t\t<a \n\t\t\t\t\t\t\t\tclass=\"l-link\" \n\t\t\t\t\t\t\t\thref=\"https:\/\/lumirahealthcare.com\/services\/school-based-care\/\" \n\t\t\t\t\t\t\t\t\t\t\t\t\t\t\t\taria-label=\"M\u00e1s informaci\u00f3n\"\n\t\t\t\t\t\t\t>\n\t\t\t\t\t\t\t\t<span>M\u00e1s informaci\u00f3n<\/span>\n\t\t\t\t\t\t\t<\/a>\n\t\t\t\t\t\t\t\t\t\t\t<\/div>\n\t\t\t\t<\/article>\n\t\t\t<\/li>\n\t\t\t\t\t\t\t\t<li class=\"team-grid__item\" role=\"listitem\">\n\t\t\t\t<article class=\"ss team-card\" aria-labelledby=\"card-block_18e6718fc43bf117f7805ef1b37b648a-5\">\n\t\t\t\t\t<figure >\n\t\t\t\t\t\t\t\t\t\t\t\t\t<img \n\t\t\t\t\t\t\t\tsrc=\"https:\/\/lumirahealthcare.com\/wp-content\/uploads\/2025\/12\/L-Services_Imaging.svg\" \n\t\t\t\t\t\t\t\talt=\"L-Services_Imaging\" \n\t\t\t\t\t\t\t\twidth=\"400\" \n\t\t\t\t\t\t\t\theight=\"400\"\n\t\t\t\t\t\t\t\tloading=\"lazy\"\n\t\t\t\t\t\t\t>\n\t\t\t\t\t\t\t\t\t\t\t\t\t\t\t\t\t<\/figure>\n\t\t\t\t\t<div class=\"team-card__content\">\n\t\t\t\t\t\t<h3 class=\"team-card__name l-body-l\" id=\"card-block_18e6718fc43bf117f7805ef1b37b648a-5\">Servicios de diagn\u00f3stico por imagen <\/h3>\n\t\t\t\t\t\t\t\t\t\t\t\t\n\t\t\t\t\t\t\t\t\t\t\t\t\t\t\t\t\t\t\t<div class=\"team-card__description\">\n\t\t\t\t\t\t\t\t<p>Servicios de diagn\u00f3stico seguros y modernos para obtener resultados claros y oportunos.<\/p>\t\t\t\t\t\t\t<\/div>\n\t\t\t\t\t\t\t\t\t\t\t\t\n\t\t\t\t\t\t\t\t\t\t\t\t\t\t\t\t\t\t\t\t<a \n\t\t\t\t\t\t\t\tclass=\"l-link\" \n\t\t\t\t\t\t\t\thref=\"https:\/\/lumirahealthcare.com\/services\/imaging\/\" \n\t\t\t\t\t\t\t\t\t\t\t\t\t\t\t\taria-label=\"M\u00e1s informaci\u00f3n\"\n\t\t\t\t\t\t\t>\n\t\t\t\t\t\t\t\t<span>M\u00e1s informaci\u00f3n<\/span>\n\t\t\t\t\t\t\t<\/a>\n\t\t\t\t\t\t\t\t\t\t\t<\/div>\n\t\t\t\t<\/article>\n\t\t\t<\/li>\n\t\t\t\t\t\t\t\t<li class=\"team-grid__item\" role=\"listitem\">\n\t\t\t\t<article class=\"ss team-card\" aria-labelledby=\"card-block_18e6718fc43bf117f7805ef1b37b648a-6\">\n\t\t\t\t\t<figure >\n\t\t\t\t\t\t\t\t\t\t\t\t\t<img \n\t\t\t\t\t\t\t\tsrc=\"https:\/\/lumirahealthcare.com\/wp-content\/uploads\/2025\/12\/L-Services_Telehealth.svg\" \n\t\t\t\t\t\t\t\talt=\"L-Services_Telehealth\" \n\t\t\t\t\t\t\t\twidth=\"400\" \n\t\t\t\t\t\t\t\theight=\"400\"\n\t\t\t\t\t\t\t\tloading=\"lazy\"\n\t\t\t\t\t\t\t>\n\t\t\t\t\t\t\t\t\t\t\t\t\t\t\t\t\t<\/figure>\n\t\t\t\t\t<div class=\"team-card__content\">\n\t\t\t\t\t\t<h3 class=\"team-card__name l-body-l\" id=\"card-block_18e6718fc43bf117f7805ef1b37b648a-6\">Servicios de telesalud<\/h3>\n\t\t\t\t\t\t\t\t\t\t\t\t\n\t\t\t\t\t\t\t\t\t\t\t\t\t\t\t\t\t\t\t<div class=\"team-card__description\">\n\t\t\t\t\t\t\t\t<p>Visitas virtuales que hacen que la atenci\u00f3n sea accesible desde cualquier lugar.<\/p>\t\t\t\t\t\t\t<\/div>\n\t\t\t\t\t\t\t\t\t\t\t\t\n\t\t\t\t\t\t\t\t\t\t\t\t\t\t\t\t\t\t\t\t<a \n\t\t\t\t\t\t\t\tclass=\"l-link\" \n\t\t\t\t\t\t\t\thref=\"https:\/\/lumirahealthcare.com\/services\/telehealth\/\" \n\t\t\t\t\t\t\t\t\t\t\t\t\t\t\t\taria-label=\"M\u00e1s informaci\u00f3n\"\n\t\t\t\t\t\t\t>\n\t\t\t\t\t\t\t\t<span>M\u00e1s informaci\u00f3n<\/span>\n\t\t\t\t\t\t\t<\/a>\n\t\t\t\t\t\t\t\t\t\t\t<\/div>\n\t\t\t\t<\/article>\n\t\t\t<\/li>\n\t\t\t\t\t\t\t\t<li class=\"team-grid__item\" role=\"listitem\">\n\t\t\t\t<article class=\"ss team-card\" aria-labelledby=\"card-block_18e6718fc43bf117f7805ef1b37b648a-7\">\n\t\t\t\t\t<figure >\n\t\t\t\t\t\t\t\t\t\t\t\t\t<img \n\t\t\t\t\t\t\t\tsrc=\"https:\/\/lumirahealthcare.com\/wp-content\/uploads\/2025\/12\/L-Services_Pharmacy.svg\" \n\t\t\t\t\t\t\t\talt=\"L-Services_Pharmacy\" \n\t\t\t\t\t\t\t\twidth=\"400\" \n\t\t\t\t\t\t\t\theight=\"400\"\n\t\t\t\t\t\t\t\tloading=\"lazy\"\n\t\t\t\t\t\t\t>\n\t\t\t\t\t\t\t\t\t\t\t\t\t\t\t\t\t<\/figure>\n\t\t\t\t\t<div class=\"team-card__content\">\n\t\t\t\t\t\t<h3 class=\"team-card__name l-body-l\" id=\"card-block_18e6718fc43bf117f7805ef1b37b648a-7\">Farmacia<\/h3>\n\t\t\t\t\t\t\t\t\t\t\t\t\n\t\t\t\t\t\t\t\t\t\t\t\t\t\t\t\t\t\t\t<div class=\"team-card__description\">\n\t\t\t\t\t\t\t\t<p>Recetas y orientaci\u00f3n experta, justo donde recibe atenci\u00f3n.<\/p>\t\t\t\t\t\t\t<\/div>\n\t\t\t\t\t\t\t\t\t\t\t\t\n\t\t\t\t\t\t\t\t\t\t\t\t\t\t\t\t\t\t\t\t<a \n\t\t\t\t\t\t\t\tclass=\"l-link\" \n\t\t\t\t\t\t\t\thref=\"https:\/\/lumirahealthcare.com\/pharmacy\/\" \n\t\t\t\t\t\t\t\t\t\t\t\t\t\t\t\taria-label=\"M\u00e1s informaci\u00f3n\"\n\t\t\t\t\t\t\t>\n\t\t\t\t\t\t\t\t<span>M\u00e1s informaci\u00f3n<\/span>\n\t\t\t\t\t\t\t<\/a>\n\t\t\t\t\t\t\t\t\t\t\t<\/div>\n\t\t\t\t<\/article>\n\t\t\t<\/li>\n\t\t\t\t<\/ul>\n\t\t\t\t<\/div>\n\t<\/section>\n<\/section>\n\n\n<section \n\tid=\"image-text-block_8557fa46d15f15088e098b2942c960d6\"\n\tclass=\"section\" \n>\n\t<div \n\t\tclass=\"ss image-text image-text--left\"\n\t>\n\t\t<div class=\"container\">\n\t\t\t<div class=\"image-text__inner\">\n\t\t\t\t\t\t\t\t\t\t\t\t\t\t\t\t\t\t<figure \n\t\t\t\t\t\tclass=\"aspect-box is-cover\"\n\t\t\t\t\t\taria-hidden=\"false\"\n\t\t\t\t\t>\n\t\t\t\t\t\t\t\t\t\t\t\t\t<img decoding=\"async\" width=\"2560\" height=\"1707\" src=\"https:\/\/lumirahealthcare.com\/wp-content\/uploads\/2025\/12\/L-ServicesWH-scaled.jpg\" class=\"attachment-full size-full\" alt=\"L-ServicesWH\" loading=\"lazy\" srcset=\"https:\/\/lumirahealthcare.com\/wp-content\/uploads\/2025\/12\/L-ServicesWH-scaled.jpg 2560w, https:\/\/lumirahealthcare.com\/wp-content\/uploads\/2025\/12\/L-ServicesWH-300x200.jpg 300w, https:\/\/lumirahealthcare.com\/wp-content\/uploads\/2025\/12\/L-ServicesWH-1024x683.jpg 1024w, https:\/\/lumirahealthcare.com\/wp-content\/uploads\/2025\/12\/L-ServicesWH-768x512.jpg 768w, https:\/\/lumirahealthcare.com\/wp-content\/uploads\/2025\/12\/L-ServicesWH-1536x1024.jpg 1536w, https:\/\/lumirahealthcare.com\/wp-content\/uploads\/2025\/12\/L-ServicesWH-2048x1366.jpg 2048w\" sizes=\"auto, (max-width: 2560px) 100vw, 2560px\" \/>\t\t\t\t\t\t\t\t\t\t\t\t\n\t\t\t\t\t\t\t\t\t\t\t\t\n\t\t\t\t\t\t\t\t\t\t\t<\/figure>\n\t\t\t\t\t\t\t\t\t\t\t\t<article class=\"image-text__content\">\n\t\t\t\t\t\t\t\t\t\t\t<span class=\"l-tag image-text__subtitle\">SALUD DE LA MUJER<\/span>\n\t\t\t\t\t\t\t\t\t\t\n\t\t\t\t\t\t\t\t\t\t\t\t\t\t\t\t\t<h2 class=\"image-text__title\">\n\t\t\t\t\t\t\tCuidado de mujeres, familias y futuros.\t\t\t\t\t\t<\/h2>\n\t\t\t\t\t\n\t\t\t\t\t\t\t\t\t\t\t<div class=\"generic\"><p><span style=\"font-weight: 400\">La historia de cada mujer es diferente. Pero cada una merece una atenci\u00f3n que comprenda y eleve. En Lumira Healthcare, nuestros servicios de salud para la mujer est\u00e1n dise\u00f1ados para empoderar a las mujeres con conocimiento, opciones y apoyo continuo para que puedan tomar el control de su salud y su futuro con confianza.  <\/span><\/p>\n<\/div>\n\t\t\t\t\t\n\t\t\t\t\t\t\t\t\t\t\t<footer>\n\t\t\t\t\t\t\t\t\t\t\t\t\t\t\t<a \n\t\t\t\t\t\t\t\t\tclass=\"l-btn has-thick-hover\" \n\t\t\t\t\t\t\t\t\thref=\"https:\/\/lumirahealthcare.com\/services\/womens-health\/\" \n\t\t\t\t\t\t\t\t\t\t\t\t\t\t\t\t\t\taria-label=\"M\u00e1s informaci\u00f3n\"\n\t\t\t\t\t\t\t\t\tdata-text=\"M\u00e1s informaci\u00f3n\"\n\t\t\t\t\t\t\t\t>\n\t\t\t\t\t\t\t\t\t<span>M\u00e1s informaci\u00f3n<\/span>\n\t\t\t\t\t\t\t\t\t\t\t\t\t\t\t\t\t<\/a>\n\t\t\t\t\t\t\t\t\t\t\t\t\t\t\t\t\t\t\t\t<\/footer>\n\t\t\t\t\t\t\t\t\t<\/article>\n\t\t\t\t\t\t\t<\/div>\n\t\t<\/div>\n\t<\/div>\n<\/section>\n","protected":false},"excerpt":{"rendered":"","protected":false},"author":2,"featured_media":0,"parent":0,"menu_order":0,"comment_status":"closed","ping_status":"closed","template":"template-components.php","meta":{"_acf_changed":false,"footnotes":""},"class_list":["post-868","page","type-page","status-publish","hentry"],"acf":[],"yoast_head":"<!-- This site is optimized with the Yoast SEO plugin v27.4 - https:\/\/yoast.com\/product\/yoast-seo-wordpress\/ -->\n<title>Nuestros servicios - Lumira HealthCare<\/title>\n<meta name=\"description\" content=\"Explore los servicios m\u00e9dicos, dentales y de salud mental que Lumira Healthcare ofrece a las familias en todo el Valle Central. Atenci\u00f3n de calidad.\" \/>\n<meta name=\"robots\" content=\"index, follow, max-snippet:-1, max-image-preview:large, max-video-preview:-1\" \/>\n<link rel=\"canonical\" href=\"https:\/\/lumirahealthcare.com\/es\/nuestros-servicios\/\" \/>\n<meta property=\"og:locale\" content=\"es_ES\" \/>\n<meta property=\"og:type\" content=\"article\" \/>\n<meta property=\"og:title\" content=\"Nuestros servicios - Lumira HealthCare\" \/>\n<meta property=\"og:description\" content=\"Explore los servicios m\u00e9dicos, dentales y de salud mental que Lumira Healthcare ofrece a las familias en todo el Valle Central. Atenci\u00f3n de calidad.\" \/>\n<meta property=\"og:url\" content=\"https:\/\/lumirahealthcare.com\/es\/nuestros-servicios\/\" \/>\n<meta property=\"og:site_name\" content=\"Lumira HealthCare\" \/>\n<meta property=\"article:publisher\" content=\"https:\/\/www.facebook.com\/LivingstonHealth\/\" \/>\n<meta property=\"article:modified_time\" content=\"2026-02-03T18:08:29+00:00\" \/>\n<meta name=\"twitter:card\" content=\"summary_large_image\" \/>\n<script type=\"application\/ld+json\" class=\"yoast-schema-graph\">{\"@context\":\"https:\\\/\\\/schema.org\",\"@graph\":[{\"@type\":\"WebPage\",\"@id\":\"https:\\\/\\\/lumirahealthcare.com\\\/es\\\/nuestros-servicios\\\/\",\"url\":\"https:\\\/\\\/lumirahealthcare.com\\\/es\\\/nuestros-servicios\\\/\",\"name\":\"Nuestros servicios - Lumira HealthCare\",\"isPartOf\":{\"@id\":\"https:\\\/\\\/lumirahealthcare.com\\\/es\\\/#website\"},\"datePublished\":\"2025-12-11T02:20:56+00:00\",\"dateModified\":\"2026-02-03T18:08:29+00:00\",\"description\":\"Explore los servicios m\u00e9dicos, dentales y de salud mental que Lumira Healthcare ofrece a las familias en todo el Valle Central. Atenci\u00f3n de calidad.\",\"breadcrumb\":{\"@id\":\"https:\\\/\\\/lumirahealthcare.com\\\/es\\\/nuestros-servicios\\\/#breadcrumb\"},\"inLanguage\":\"es\",\"potentialAction\":[{\"@type\":\"ReadAction\",\"target\":[\"https:\\\/\\\/lumirahealthcare.com\\\/es\\\/nuestros-servicios\\\/\"]}]},{\"@type\":\"BreadcrumbList\",\"@id\":\"https:\\\/\\\/lumirahealthcare.com\\\/es\\\/nuestros-servicios\\\/#breadcrumb\",\"itemListElement\":[{\"@type\":\"ListItem\",\"position\":1,\"name\":\"Home\",\"item\":\"https:\\\/\\\/lumirahealthcare.com\\\/es\\\/\"},{\"@type\":\"ListItem\",\"position\":2,\"name\":\"Nuestros servicios\"}]},{\"@type\":\"WebSite\",\"@id\":\"https:\\\/\\\/lumirahealthcare.com\\\/es\\\/#website\",\"url\":\"https:\\\/\\\/lumirahealthcare.com\\\/es\\\/\",\"name\":\"Lumira HealthCare\",\"description\":\"\",\"publisher\":{\"@id\":\"https:\\\/\\\/lumirahealthcare.com\\\/es\\\/#organization\"},\"potentialAction\":[{\"@type\":\"SearchAction\",\"target\":{\"@type\":\"EntryPoint\",\"urlTemplate\":\"https:\\\/\\\/lumirahealthcare.com\\\/es\\\/?s={search_term_string}\"},\"query-input\":{\"@type\":\"PropertyValueSpecification\",\"valueRequired\":true,\"valueName\":\"search_term_string\"}}],\"inLanguage\":\"es\"},{\"@type\":\"Organization\",\"@id\":\"https:\\\/\\\/lumirahealthcare.com\\\/es\\\/#organization\",\"name\":\"Lumira HealthCare\",\"url\":\"https:\\\/\\\/lumirahealthcare.com\\\/es\\\/\",\"logo\":{\"@type\":\"ImageObject\",\"inLanguage\":\"es\",\"@id\":\"https:\\\/\\\/lumirahealthcare.com\\\/es\\\/#\\\/schema\\\/logo\\\/image\\\/\",\"url\":\"https:\\\/\\\/lumirahealthcare.com\\\/wp-content\\\/uploads\\\/2025\\\/12\\\/lumira-placeholder.png\",\"contentUrl\":\"https:\\\/\\\/lumirahealthcare.com\\\/wp-content\\\/uploads\\\/2025\\\/12\\\/lumira-placeholder.png\",\"width\":1024,\"height\":1024,\"caption\":\"Lumira HealthCare\"},\"image\":{\"@id\":\"https:\\\/\\\/lumirahealthcare.com\\\/es\\\/#\\\/schema\\\/logo\\\/image\\\/\"},\"sameAs\":[\"https:\\\/\\\/www.facebook.com\\\/LivingstonHealth\\\/\",\"https:\\\/\\\/www.instagram.com\\\/livingstonhealth\",\"https:\\\/\\\/www.youtube.com\\\/@LumiraHealthcare\",\"https:\\\/\\\/www.linkedin.com\\\/company\\\/visitlch\\\/\"]}]}<\/script>\n<!-- \/ Yoast SEO plugin. -->","yoast_head_json":{"title":"Nuestros servicios - Lumira HealthCare","description":"Explore los servicios m\u00e9dicos, dentales y de salud mental que Lumira Healthcare ofrece a las familias en todo el Valle Central. Atenci\u00f3n de calidad.","robots":{"index":"index","follow":"follow","max-snippet":"max-snippet:-1","max-image-preview":"max-image-preview:large","max-video-preview":"max-video-preview:-1"},"canonical":"https:\/\/lumirahealthcare.com\/es\/nuestros-servicios\/","og_locale":"es_ES","og_type":"article","og_title":"Nuestros servicios - Lumira HealthCare","og_description":"Explore los servicios m\u00e9dicos, dentales y de salud mental que Lumira Healthcare ofrece a las familias en todo el Valle Central. Atenci\u00f3n de calidad.","og_url":"https:\/\/lumirahealthcare.com\/es\/nuestros-servicios\/","og_site_name":"Lumira HealthCare","article_publisher":"https:\/\/www.facebook.com\/LivingstonHealth\/","article_modified_time":"2026-02-03T18:08:29+00:00","twitter_card":"summary_large_image","schema":{"@context":"https:\/\/schema.org","@graph":[{"@type":"WebPage","@id":"https:\/\/lumirahealthcare.com\/es\/nuestros-servicios\/","url":"https:\/\/lumirahealthcare.com\/es\/nuestros-servicios\/","name":"Nuestros servicios - Lumira HealthCare","isPartOf":{"@id":"https:\/\/lumirahealthcare.com\/es\/#website"},"datePublished":"2025-12-11T02:20:56+00:00","dateModified":"2026-02-03T18:08:29+00:00","description":"Explore los servicios m\u00e9dicos, dentales y de salud mental que Lumira Healthcare ofrece a las familias en todo el Valle Central. Atenci\u00f3n de calidad.","breadcrumb":{"@id":"https:\/\/lumirahealthcare.com\/es\/nuestros-servicios\/#breadcrumb"},"inLanguage":"es","potentialAction":[{"@type":"ReadAction","target":["https:\/\/lumirahealthcare.com\/es\/nuestros-servicios\/"]}]},{"@type":"BreadcrumbList","@id":"https:\/\/lumirahealthcare.com\/es\/nuestros-servicios\/#breadcrumb","itemListElement":[{"@type":"ListItem","position":1,"name":"Home","item":"https:\/\/lumirahealthcare.com\/es\/"},{"@type":"ListItem","position":2,"name":"Nuestros servicios"}]},{"@type":"WebSite","@id":"https:\/\/lumirahealthcare.com\/es\/#website","url":"https:\/\/lumirahealthcare.com\/es\/","name":"Lumira HealthCare","description":"","publisher":{"@id":"https:\/\/lumirahealthcare.com\/es\/#organization"},"potentialAction":[{"@type":"SearchAction","target":{"@type":"EntryPoint","urlTemplate":"https:\/\/lumirahealthcare.com\/es\/?s={search_term_string}"},"query-input":{"@type":"PropertyValueSpecification","valueRequired":true,"valueName":"search_term_string"}}],"inLanguage":"es"},{"@type":"Organization","@id":"https:\/\/lumirahealthcare.com\/es\/#organization","name":"Lumira HealthCare","url":"https:\/\/lumirahealthcare.com\/es\/","logo":{"@type":"ImageObject","inLanguage":"es","@id":"https:\/\/lumirahealthcare.com\/es\/#\/schema\/logo\/image\/","url":"https:\/\/lumirahealthcare.com\/wp-content\/uploads\/2025\/12\/lumira-placeholder.png","contentUrl":"https:\/\/lumirahealthcare.com\/wp-content\/uploads\/2025\/12\/lumira-placeholder.png","width":1024,"height":1024,"caption":"Lumira HealthCare"},"image":{"@id":"https:\/\/lumirahealthcare.com\/es\/#\/schema\/logo\/image\/"},"sameAs":["https:\/\/www.facebook.com\/LivingstonHealth\/","https:\/\/www.instagram.com\/livingstonhealth","https:\/\/www.youtube.com\/@LumiraHealthcare","https:\/\/www.linkedin.com\/company\/visitlch\/"]}]}},"_links":{"self":[{"href":"https:\/\/lumirahealthcare.com\/es\/wp-json\/wp\/v2\/pages\/868","targetHints":{"allow":["GET"]}}],"collection":[{"href":"https:\/\/lumirahealthcare.com\/es\/wp-json\/wp\/v2\/pages"}],"about":[{"href":"https:\/\/lumirahealthcare.com\/es\/wp-json\/wp\/v2\/types\/page"}],"author":[{"embeddable":true,"href":"https:\/\/lumirahealthcare.com\/es\/wp-json\/wp\/v2\/users\/2"}],"replies":[{"embeddable":true,"href":"https:\/\/lumirahealthcare.com\/es\/wp-json\/wp\/v2\/comments?post=868"}],"version-history":[{"count":0,"href":"https:\/\/lumirahealthcare.com\/es\/wp-json\/wp\/v2\/pages\/868\/revisions"}],"wp:attachment":[{"href":"https:\/\/lumirahealthcare.com\/es\/wp-json\/wp\/v2\/media?parent=868"}],"curies":[{"name":"wp","href":"https:\/\/api.w.org\/{rel}","templated":true}]}}