{"id":1243,"date":"2026-01-14T22:39:29","date_gmt":"2026-01-14T22:39:29","guid":{"rendered":"https:\/\/lumiradevsite.wpenginepowered.com\/condiciones-de-uso-del-sitio-web\/"},"modified":"2026-02-03T18:27:04","modified_gmt":"2026-02-03T18:27:04","slug":"condiciones-de-uso-del-sitio-web","status":"publish","type":"page","link":"https:\/\/lumirahealthcare.com\/es\/condiciones-de-uso-del-sitio-web\/","title":{"rendered":"Condiciones de uso del sitio web"},"content":{"rendered":"\n<h2 class=\"wp-block-heading\">Condiciones de uso del sitio web<\/h2>\n\n<p>Bienvenido a nuestro sitio web, https:\/\/lumirahealthcare.com. Al utilizar este sitio, usted declara que es mayor de edad (18 a\u00f1os o m\u00e1s), que tiene la capacidad legal para celebrar un contrato y que acepta cumplir y estar sujeto a los siguientes t\u00e9rminos y condiciones de uso. Revise estos t\u00e9rminos y condiciones detenidamente. Si no est\u00e1 de acuerdo con estos t\u00e9rminos y condiciones, no est\u00e1 autorizado a utilizar este sitio.  <br\/><br\/>1. <strong>Acuerdo<\/strong>. Este acuerdo de condiciones de uso (el \u00abAcuerdo\u00bb) rige su acceso y uso del sitio. Este Acuerdo puede ser modificado en cualquier momento por Lumira Healthcare, antes Livingston Community Health, mediante la publicaci\u00f3n del Acuerdo modificado en el sitio. Dichas modificaciones entrar\u00e1n en vigor inmediatamente despu\u00e9s de su publicaci\u00f3n, a menos que se indique expresamente otra fecha de entrada en vigor. Puede consultar la versi\u00f3n m\u00e1s reciente de este Acuerdo en cualquier momento en https:\/\/lumirahealthcare.com. El uso de este sitio constituir\u00e1 y se considerar\u00e1 su aceptaci\u00f3n incondicional de este Acuerdo.    <br\/><br\/>2. <strong>Privacidad<\/strong>. El uso del sitio tambi\u00e9n se rige por nuestra Pol\u00edtica de privacidad, que se incorpora al presente Acuerdo. Consulte nuestra Pol\u00edtica de privacidad en https:\/\/lumirahealthcare.com. Livingston Community Health se reserva el derecho, y usted nos autoriza, a utilizar y asignar toda la informaci\u00f3n proporcionada por usted o recopilada de usted de cualquier manera que sea coherente con nuestra Pol\u00edtica de privacidad.  <br\/><br\/>3. <strong>Contenido del sitio<\/strong>. El sitio se proporciona \u00abtal cual\u00bb y puede utilizar servicios de Internet que no est\u00e1n bajo nuestro control directo. Si bien nos esforzamos por proporcionar descripciones precisas de nuestros productos y servicios, no garantizamos que las descripciones, los precios u otro contenido del sitio sean precisos, completos o actuales. Nos reservamos el derecho de corregir errores y cancelar cualquier pedido que se haya realizado utilizando descripciones o precios incorrectos. No garantizamos que el sitio o sus funciones sean accesibles en todo momento o que funcionen sin errores. Nos reservamos el derecho de dejar de operar el sitio o cualquiera de sus funciones en cualquier momento.     <br\/><br\/>4. <strong>Propiedad intelectual<\/strong>. Todo el contenido de este sitio, incluyendo, entre otros, gr\u00e1ficos, logotipos, marcas comerciales, im\u00e1genes y software, es y seguir\u00e1 siendo propiedad de Livingston Community Health o de sus proveedores de contenido y est\u00e1 protegido por las leyes de derechos de autor, patentes, marcas comerciales y otros derechos de propiedad aplicables. Se proh\u00edbe cualquier copia, redistribuci\u00f3n, uso o publicaci\u00f3n por su parte de dicho contenido o de cualquier parte del sitio, excepto lo expresamente permitido en este Acuerdo. Bajo ninguna circunstancia adquirir\u00e1 ning\u00fan derecho de propiedad u otro inter\u00e9s en ning\u00fan contenido por o a trav\u00e9s de su uso de este sitio.   <br\/><br\/>5. <strong>Uso del sitio<\/strong>. Livingston Community Health le otorga una licencia limitada, revocable y no exclusiva para utilizar este sitio \u00fanicamente para su uso personal y no para la republicaci\u00f3n, distribuci\u00f3n, cesi\u00f3n, sublicencia, venta, preparaci\u00f3n de obras derivadas u otro uso. Usted se compromete a no copiar contenido del sitio, realizar ingenier\u00eda inversa o piratear el sitio, o utilizar materiales, productos o servicios en violaci\u00f3n de cualquier ley. El uso de este sitio queda a discreci\u00f3n de Livingston Community Health, que puede cancelar su acceso y uso en cualquier momento.   <br\/><br\/>6. <strong>Enlaces a otros sitios<\/strong>. El sitio puede proporcionar enlaces a otros sitios web. Las condiciones de uso o la pol\u00edtica de privacidad de este sitio pueden no ser aplicables a esos otros sitios web, que pueden tener sus propios t\u00e9rminos y pol\u00edticas. Debe revisar las condiciones de uso y las pol\u00edticas de privacidad de cualquier otro sitio web que visite.   <br\/><br\/>7. <strong>Cumplimiento de las leyes<\/strong>. Usted se compromete a cumplir con todas las leyes aplicables con respecto a su uso del sitio. Adem\u00e1s, acepta que la informaci\u00f3n proporcionada por usted es veraz y precisa seg\u00fan su leal saber y entender.  <br\/><br\/>8. <strong>Indemnizaci\u00f3n<\/strong>. Usted se compromete a indemnizar, defender y eximir a Livingston Community Health y a nuestros socios, empleados y filiales de cualquier responsabilidad, p\u00e9rdida, reclamaci\u00f3n y gasto, incluidos los honorarios razonables de abogados, relacionados con su violaci\u00f3n de este Acuerdo o el uso del sitio. <br\/><br\/>9. <strong>Descargo de responsabilidad<\/strong>. LA INFORMACI\u00d3N DE ESTE SITIO SE PROPORCIONA \u00abTAL CUAL\u00bb Y \u00abSEG\u00daN DISPONIBILIDAD\u00bb. USTED ACEPTA QUE EL USO DE ESTE SITIO ES BAJO SU PROPIO RIESGO. Livingston Community Health RENUNCIA A TODAS LAS GARANT\u00cdAS DE CUALQUIER TIPO, INCLUYENDO, PERO NO LIMITADO A, CUALQUIER GARANT\u00cdA EXPRESA, GARANT\u00cdA LEGAL Y CUALQUIER GARANT\u00cdA IMPL\u00cdCITA DE COMERCIABILIDAD, IDONEIDAD PARA UN PROP\u00d3SITO PARTICULAR Y NO INFRACCI\u00d3N. EN LA MEDIDA EN QUE SU JURISDICCI\u00d3N NO PERMITA LIMITACIONES EN LAS GARANT\u00cdAS, ESTA LIMITACI\u00d3N PUEDE NO SER APLICABLE A USTED. SU \u00daNICO Y EXCLUSIVO RECURSO RELACIONADO CON SU USO DEL SITIO SER\u00c1 DEJAR DE UTILIZAR EL SITIO.     <br\/><br\/>10.<strong> Limitaci\u00f3n de responsabilidad<\/strong>. BAJO NINGUNA CIRCUNSTANCIA Livingston Community Health SER\u00c1 RESPONSABLE DE NING\u00daN DA\u00d1O DIRECTO, INDIRECTO, INCIDENTAL, CONSECUENTE (INCLUYENDO DA\u00d1OS POR P\u00c9RDIDA DE NEGOCIO, LUCRO CESANTE, LITIGIOS O SIMILARES), ESPECIAL, EJEMPLAR, PUNITIVO O DE OTRO TIPO, BAJO NINGUNA TEOR\u00cdA LEGAL, QUE SURJA DE O EST\u00c9 RELACIONADO DE ALGUNA MANERA CON EL SITIO, SU USO DEL SITIO O EL CONTENIDO, INCLUSO SI SE LE HA ADVERTIDO DE LA POSIBILIDAD DE TALES DA\u00d1OS. SU \u00daNICO RECURSO POR LA INSATISFACCI\u00d3N CON EL SITIO Y\/O EL CONTENIDO ES CESAR TODO SU USO DEL SITIO.  <br\/><br\/>Es posible que tenga derechos adicionales en virtud de ciertas leyes (incluidas las leyes de protecci\u00f3n al consumidor) que no permiten la exclusi\u00f3n de garant\u00edas impl\u00edcitas, o la exclusi\u00f3n o limitaci\u00f3n de ciertos da\u00f1os. Si estas leyes se aplican a usted, las exclusiones o limitaciones de este Acuerdo que entren directamente en conflicto con dichas leyes pueden no aplicarse a usted. <br\/><br\/>11. <strong>Derechos de autor y agente de derechos de autor<\/strong>. Si cree que su obra ha sido copiada de forma que constituya una infracci\u00f3n de los derechos de autor, o que sus derechos de propiedad intelectual han sido violados de otro modo, proporcione una notificaci\u00f3n que contenga toda la siguiente informaci\u00f3n a nuestro agente de derechos de autor: <br\/><br\/>a. Una firma electr\u00f3nica o f\u00edsica de la persona autorizada a actuar en nombre del propietario de los derechos de autor u otro inter\u00e9s de propiedad intelectual;<br\/>b. Una descripci\u00f3n de la obra protegida por derechos de autor que usted alega que ha sido infringida;<br\/>c. Una descripci\u00f3n del lugar del sitio en el que se encuentra el material que usted alega que est\u00e1 infringiendo los derechos de autor;<br\/>d. Su direcci\u00f3n, n\u00famero de tel\u00e9fono y direcci\u00f3n de correo electr\u00f3nico;<br\/>e. Una declaraci\u00f3n suya de que cree de buena fe que el uso en disputa no est\u00e1 autorizado por el propietario de los derechos de autor, su agente o la ley; y<br\/>f. Una declaraci\u00f3n suya, hecha bajo pena de perjurio, de que la informaci\u00f3n anterior en su notificaci\u00f3n es precisa y de que usted es el propietario de los derechos de autor o est\u00e1 autorizado a actuar en nombre del propietario de los derechos de autor.<br\/><br\/>Nuestro agente de derechos de autor para la notificaci\u00f3n de reclamaciones de infracci\u00f3n de derechos de autor en el sitio es Leslie Abasta-Cummings, a quien se puede contactar de la siguiente manera:<br\/>Por correo: 600 B Street, Bldg. A, Livingston, CA 95334<br\/>Por tel\u00e9fono: 209-850-3500<br\/>Por correo electr\u00f3nico: leslie@lumirahealthcare.com<br\/><br\/>12. <strong>Ley aplicable<\/strong>. Usted acepta que las leyes del estado de [estado], sin tener en cuenta las disposiciones sobre conflicto de leyes, regir\u00e1n este Acuerdo y cualquier disputa que pueda surgir entre usted y Livingston Community Health o sus filiales. El lugar de celebraci\u00f3n ser\u00e1 en los tribunales estatales y federales ubicados en [estado].<br\/><br\/>13. <strong>Divisibilidad<\/strong>. Si alguna disposici\u00f3n de este Acuerdo es juzgada por cualquier tribunal de jurisdicci\u00f3n competente como inaplicable o inv\u00e1lida, dicha disposici\u00f3n se limitar\u00e1 o eliminar\u00e1 en la medida m\u00ednima necesaria para que este Acuerdo siga teniendo plena vigencia y efecto.<br\/><br\/>14. <strong>Relaci\u00f3n de las partes<\/strong>. Cada parte es y seguir\u00e1 siendo un contratista independiente y nada de lo contenido en este Acuerdo se interpretar\u00e1 como que convierte a cualquiera de las partes en socio, empresa conjunta, empleado o agente de la otra parte, y ninguna de las partes se presentar\u00e1 como tal. Ninguna de las partes tiene derecho o autoridad para incurrir, asumir o crear, por escrito o de otro modo, ninguna garant\u00eda, responsabilidad u otra obligaci\u00f3n de ning\u00fan tipo, expresa o impl\u00edcita, en nombre de la otra parte.<br\/><br\/>15. <strong>Informaci\u00f3n de contacto<\/strong>.<br\/><br\/>Livingston Community Health<br\/>Por correo: 600 B Street, Bldg. A, Livingston, CA 95334<br\/>Por tel\u00e9fono: 209-850-3500<br\/>Por correo electr\u00f3nico: lumiraquestions@lumirahealthcare.com<br\/><br\/><\/p>\n","protected":false},"excerpt":{"rendered":"<p>Condiciones de uso del sitio web Bienvenido a nuestro sitio web, https:\/\/lumirahealthcare.com. Al utilizar este sitio, usted declara que es mayor de edad (18 a\u00f1os o m\u00e1s), que tiene la capacidad legal para celebrar un contrato y que acepta cumplir y estar sujeto a los siguientes t\u00e9rminos y condiciones de uso. Revise estos t\u00e9rminos y [&hellip;]<\/p>\n","protected":false},"author":1,"featured_media":0,"parent":0,"menu_order":0,"comment_status":"closed","ping_status":"closed","template":"templates\/generic-template.php","meta":{"_acf_changed":false,"footnotes":""},"class_list":["post-1243","page","type-page","status-publish","hentry"],"acf":[],"yoast_head":"<!-- This site is optimized with the Yoast SEO plugin v27.4 - https:\/\/yoast.com\/product\/yoast-seo-wordpress\/ -->\n<title>Condiciones de uso del sitio web - Lumira HealthCare<\/title>\n<meta name=\"description\" content=\"Consulte las condiciones de uso del sitio web de Lumira Healthcare. Entienda las pautas legales y acuerdos para el uso de nuestro portal de salud.\" \/>\n<meta name=\"robots\" content=\"index, follow, max-snippet:-1, max-image-preview:large, max-video-preview:-1\" \/>\n<link rel=\"canonical\" href=\"https:\/\/lumirahealthcare.com\/es\/condiciones-de-uso-del-sitio-web\/\" \/>\n<meta property=\"og:locale\" content=\"es_ES\" \/>\n<meta property=\"og:type\" content=\"article\" \/>\n<meta property=\"og:title\" content=\"Condiciones de uso del sitio web - Lumira HealthCare\" \/>\n<meta property=\"og:description\" content=\"Consulte las condiciones de uso del sitio web de Lumira Healthcare. Entienda las pautas legales y acuerdos para el uso de nuestro portal de salud.\" \/>\n<meta property=\"og:url\" content=\"https:\/\/lumirahealthcare.com\/es\/condiciones-de-uso-del-sitio-web\/\" \/>\n<meta property=\"og:site_name\" content=\"Lumira HealthCare\" \/>\n<meta property=\"article:publisher\" content=\"https:\/\/www.facebook.com\/LivingstonHealth\/\" \/>\n<meta property=\"article:modified_time\" content=\"2026-02-03T18:27:04+00:00\" \/>\n<meta name=\"twitter:card\" content=\"summary_large_image\" \/>\n<meta name=\"twitter:label1\" content=\"Tiempo de lectura\" \/>\n\t<meta name=\"twitter:data1\" content=\"8 minutos\" \/>\n<script type=\"application\/ld+json\" class=\"yoast-schema-graph\">{\"@context\":\"https:\\\/\\\/schema.org\",\"@graph\":[{\"@type\":\"WebPage\",\"@id\":\"https:\\\/\\\/lumirahealthcare.com\\\/es\\\/condiciones-de-uso-del-sitio-web\\\/\",\"url\":\"https:\\\/\\\/lumirahealthcare.com\\\/es\\\/condiciones-de-uso-del-sitio-web\\\/\",\"name\":\"Condiciones de uso del sitio web - Lumira HealthCare\",\"isPartOf\":{\"@id\":\"https:\\\/\\\/lumirahealthcare.com\\\/es\\\/#website\"},\"datePublished\":\"2026-01-14T22:39:29+00:00\",\"dateModified\":\"2026-02-03T18:27:04+00:00\",\"description\":\"Consulte las condiciones de uso del sitio web de Lumira Healthcare. Entienda las pautas legales y acuerdos para el uso de nuestro portal de salud.\",\"breadcrumb\":{\"@id\":\"https:\\\/\\\/lumirahealthcare.com\\\/es\\\/condiciones-de-uso-del-sitio-web\\\/#breadcrumb\"},\"inLanguage\":\"es\",\"potentialAction\":[{\"@type\":\"ReadAction\",\"target\":[\"https:\\\/\\\/lumirahealthcare.com\\\/es\\\/condiciones-de-uso-del-sitio-web\\\/\"]}]},{\"@type\":\"BreadcrumbList\",\"@id\":\"https:\\\/\\\/lumirahealthcare.com\\\/es\\\/condiciones-de-uso-del-sitio-web\\\/#breadcrumb\",\"itemListElement\":[{\"@type\":\"ListItem\",\"position\":1,\"name\":\"Home\",\"item\":\"https:\\\/\\\/lumirahealthcare.com\\\/es\\\/\"},{\"@type\":\"ListItem\",\"position\":2,\"name\":\"Condiciones de uso del sitio web\"}]},{\"@type\":\"WebSite\",\"@id\":\"https:\\\/\\\/lumirahealthcare.com\\\/es\\\/#website\",\"url\":\"https:\\\/\\\/lumirahealthcare.com\\\/es\\\/\",\"name\":\"Lumira HealthCare\",\"description\":\"\",\"publisher\":{\"@id\":\"https:\\\/\\\/lumirahealthcare.com\\\/es\\\/#organization\"},\"potentialAction\":[{\"@type\":\"SearchAction\",\"target\":{\"@type\":\"EntryPoint\",\"urlTemplate\":\"https:\\\/\\\/lumirahealthcare.com\\\/es\\\/?s={search_term_string}\"},\"query-input\":{\"@type\":\"PropertyValueSpecification\",\"valueRequired\":true,\"valueName\":\"search_term_string\"}}],\"inLanguage\":\"es\"},{\"@type\":\"Organization\",\"@id\":\"https:\\\/\\\/lumirahealthcare.com\\\/es\\\/#organization\",\"name\":\"Lumira HealthCare\",\"url\":\"https:\\\/\\\/lumirahealthcare.com\\\/es\\\/\",\"logo\":{\"@type\":\"ImageObject\",\"inLanguage\":\"es\",\"@id\":\"https:\\\/\\\/lumirahealthcare.com\\\/es\\\/#\\\/schema\\\/logo\\\/image\\\/\",\"url\":\"https:\\\/\\\/lumirahealthcare.com\\\/wp-content\\\/uploads\\\/2025\\\/12\\\/lumira-placeholder.png\",\"contentUrl\":\"https:\\\/\\\/lumirahealthcare.com\\\/wp-content\\\/uploads\\\/2025\\\/12\\\/lumira-placeholder.png\",\"width\":1024,\"height\":1024,\"caption\":\"Lumira HealthCare\"},\"image\":{\"@id\":\"https:\\\/\\\/lumirahealthcare.com\\\/es\\\/#\\\/schema\\\/logo\\\/image\\\/\"},\"sameAs\":[\"https:\\\/\\\/www.facebook.com\\\/LivingstonHealth\\\/\",\"https:\\\/\\\/www.instagram.com\\\/livingstonhealth\",\"https:\\\/\\\/www.youtube.com\\\/@LumiraHealthcare\",\"https:\\\/\\\/www.linkedin.com\\\/company\\\/visitlch\\\/\"]}]}<\/script>\n<!-- \/ Yoast SEO plugin. -->","yoast_head_json":{"title":"Condiciones de uso del sitio web - Lumira HealthCare","description":"Consulte las condiciones de uso del sitio web de Lumira Healthcare. Entienda las pautas legales y acuerdos para el uso de nuestro portal de salud.","robots":{"index":"index","follow":"follow","max-snippet":"max-snippet:-1","max-image-preview":"max-image-preview:large","max-video-preview":"max-video-preview:-1"},"canonical":"https:\/\/lumirahealthcare.com\/es\/condiciones-de-uso-del-sitio-web\/","og_locale":"es_ES","og_type":"article","og_title":"Condiciones de uso del sitio web - Lumira HealthCare","og_description":"Consulte las condiciones de uso del sitio web de Lumira Healthcare. Entienda las pautas legales y acuerdos para el uso de nuestro portal de salud.","og_url":"https:\/\/lumirahealthcare.com\/es\/condiciones-de-uso-del-sitio-web\/","og_site_name":"Lumira HealthCare","article_publisher":"https:\/\/www.facebook.com\/LivingstonHealth\/","article_modified_time":"2026-02-03T18:27:04+00:00","twitter_card":"summary_large_image","twitter_misc":{"Tiempo de lectura":"8 minutos"},"schema":{"@context":"https:\/\/schema.org","@graph":[{"@type":"WebPage","@id":"https:\/\/lumirahealthcare.com\/es\/condiciones-de-uso-del-sitio-web\/","url":"https:\/\/lumirahealthcare.com\/es\/condiciones-de-uso-del-sitio-web\/","name":"Condiciones de uso del sitio web - Lumira HealthCare","isPartOf":{"@id":"https:\/\/lumirahealthcare.com\/es\/#website"},"datePublished":"2026-01-14T22:39:29+00:00","dateModified":"2026-02-03T18:27:04+00:00","description":"Consulte las condiciones de uso del sitio web de Lumira Healthcare. Entienda las pautas legales y acuerdos para el uso de nuestro portal de salud.","breadcrumb":{"@id":"https:\/\/lumirahealthcare.com\/es\/condiciones-de-uso-del-sitio-web\/#breadcrumb"},"inLanguage":"es","potentialAction":[{"@type":"ReadAction","target":["https:\/\/lumirahealthcare.com\/es\/condiciones-de-uso-del-sitio-web\/"]}]},{"@type":"BreadcrumbList","@id":"https:\/\/lumirahealthcare.com\/es\/condiciones-de-uso-del-sitio-web\/#breadcrumb","itemListElement":[{"@type":"ListItem","position":1,"name":"Home","item":"https:\/\/lumirahealthcare.com\/es\/"},{"@type":"ListItem","position":2,"name":"Condiciones de uso del sitio web"}]},{"@type":"WebSite","@id":"https:\/\/lumirahealthcare.com\/es\/#website","url":"https:\/\/lumirahealthcare.com\/es\/","name":"Lumira HealthCare","description":"","publisher":{"@id":"https:\/\/lumirahealthcare.com\/es\/#organization"},"potentialAction":[{"@type":"SearchAction","target":{"@type":"EntryPoint","urlTemplate":"https:\/\/lumirahealthcare.com\/es\/?s={search_term_string}"},"query-input":{"@type":"PropertyValueSpecification","valueRequired":true,"valueName":"search_term_string"}}],"inLanguage":"es"},{"@type":"Organization","@id":"https:\/\/lumirahealthcare.com\/es\/#organization","name":"Lumira HealthCare","url":"https:\/\/lumirahealthcare.com\/es\/","logo":{"@type":"ImageObject","inLanguage":"es","@id":"https:\/\/lumirahealthcare.com\/es\/#\/schema\/logo\/image\/","url":"https:\/\/lumirahealthcare.com\/wp-content\/uploads\/2025\/12\/lumira-placeholder.png","contentUrl":"https:\/\/lumirahealthcare.com\/wp-content\/uploads\/2025\/12\/lumira-placeholder.png","width":1024,"height":1024,"caption":"Lumira HealthCare"},"image":{"@id":"https:\/\/lumirahealthcare.com\/es\/#\/schema\/logo\/image\/"},"sameAs":["https:\/\/www.facebook.com\/LivingstonHealth\/","https:\/\/www.instagram.com\/livingstonhealth","https:\/\/www.youtube.com\/@LumiraHealthcare","https:\/\/www.linkedin.com\/company\/visitlch\/"]}]}},"_links":{"self":[{"href":"https:\/\/lumirahealthcare.com\/es\/wp-json\/wp\/v2\/pages\/1243","targetHints":{"allow":["GET"]}}],"collection":[{"href":"https:\/\/lumirahealthcare.com\/es\/wp-json\/wp\/v2\/pages"}],"about":[{"href":"https:\/\/lumirahealthcare.com\/es\/wp-json\/wp\/v2\/types\/page"}],"author":[{"embeddable":true,"href":"https:\/\/lumirahealthcare.com\/es\/wp-json\/wp\/v2\/users\/1"}],"replies":[{"embeddable":true,"href":"https:\/\/lumirahealthcare.com\/es\/wp-json\/wp\/v2\/comments?post=1243"}],"version-history":[{"count":0,"href":"https:\/\/lumirahealthcare.com\/es\/wp-json\/wp\/v2\/pages\/1243\/revisions"}],"wp:attachment":[{"href":"https:\/\/lumirahealthcare.com\/es\/wp-json\/wp\/v2\/media?parent=1243"}],"curies":[{"name":"wp","href":"https:\/\/api.w.org\/{rel}","templated":true}]}}