{"id":1223,"date":"2026-01-06T09:58:54","date_gmt":"2026-01-06T09:58:54","guid":{"rendered":"https:\/\/lumiradevsite.wpenginepowered.com\/oportunidades-profesionales-para-proveedores\/"},"modified":"2026-02-03T18:26:07","modified_gmt":"2026-02-03T18:26:07","slug":"oportunidades-profesionales-para-proveedores","status":"publish","type":"page","link":"https:\/\/lumirahealthcare.com\/es\/oportunidades-profesionales-para-proveedores\/","title":{"rendered":"Oportunidades para proveedores"},"content":{"rendered":"\n<section \n\tid=\"hero-section-block_e409bcf1516fe9a71e89a27495590197\" \n\tclass=\"section component-section\"\n>\n\t<div class=\"hero-wrapper\">\n\t\t<div \n\t\tclass=\"ss hero\" \n\t\trole=\"region\" \n\t\taria-label=\"La atenci\u00f3n integral requiere una dedicaci\u00f3n sincera.\"\n\t>\n\t\t<article>\n\t\t\t<div class=\"container\">\n\t\t\t\t\t\t\t\t<h1 class=\"hero__title\">\n\t\t\t\t\tLa atenci\u00f3n integral requiere una dedicaci\u00f3n sincera.\t\t\t\t<\/h1>\n\n\t\t\t\t\t\t\t\t\t<p class=\"hero__description l-body-l\">Pertenecer a un equipo donde los resultados de su arduo trabajo trascienden las paredes de la cl\u00ednica, llegando a las familias, fortaleciendo los vecindarios y transformando vidas, hace que cada d\u00eda valga la pena. <\/p>\n\t\t\t\t\n\t\t\t\t\t\t\t\t\t<footer>\n\t\t\t\t\t\t\t\t\t\t\t\t\t\t\t\t\t\t\t<a \n\t\t\t\t\t\t\t\tclass=\"l-btn l-btn--secondary has-thick-hover\" \n\t\t\t\t\t\t\t\thref=\"https:\/\/secure.onehcm.com\/ta\/LIVINGSTONCH.careers?CareersSearch=&#038;lang=en-US\" \n\t\t\t\t\t\t\t\t\t\t\t\t\t\t\t\t\ttarget=\"_blank\"\n\t\t\t\t\t\t\t\t\t\t\t\t\t\t\t\t\t\t\trel=\"noopener noreferrer\"\n\t\t\t\t\t\t\t\t\t\t\t\t\t\t\t\t\t\t\t\t\t\t\t\t\taria-label=\"Buscar empleo\"\n\t\t\t\t\t\t\t\tdata-text=\"Buscar empleo\"\n\t\t\t\t\t\t\t>\n\t\t\t\t\t\t\t\t<span>Buscar empleo<\/span>\n\t\t\t\t\t\t\t\t\t\t\t\t\t\t\t\t\t<span class=\"visually-hidden\">(opens in new section)<\/span>\n\t\t\t\t\t\t\t\t\t\t\t\t\t\t\t<\/a>\n\t\t\t\t\t\t\t\t\t\t\t<\/footer>\n\t\t\t\t\t\t\t<\/div>\n\t\t<\/article>\n\n\t\t<figure class=\"hero__figure\" aria-hidden=\"true\">\n\t\t\t\t\t\t\t\n\t\t\t\t<picture>\n\t\t\t\t\t\t\t\t\t\t\t\t\t\t\t\t\t\t<!-- Desktop image only -->\n\t\t\t\t\t\t\t<img decoding=\"async\" width=\"2560\" height=\"1369\" src=\"https:\/\/lumirahealthcare.com\/wp-content\/uploads\/2026\/01\/Frame-26063985-scaled.jpg\" class=\"hero__image\" alt=\"\" loading=\"eager\" fetchpriority=\"high\" role=\"presentation\" srcset=\"https:\/\/lumirahealthcare.com\/wp-content\/uploads\/2026\/01\/Frame-26063985-scaled.jpg 2560w, https:\/\/lumirahealthcare.com\/wp-content\/uploads\/2026\/01\/Frame-26063985-300x160.jpg 300w, https:\/\/lumirahealthcare.com\/wp-content\/uploads\/2026\/01\/Frame-26063985-1024x548.jpg 1024w, https:\/\/lumirahealthcare.com\/wp-content\/uploads\/2026\/01\/Frame-26063985-768x411.jpg 768w, https:\/\/lumirahealthcare.com\/wp-content\/uploads\/2026\/01\/Frame-26063985-1536x821.jpg 1536w, https:\/\/lumirahealthcare.com\/wp-content\/uploads\/2026\/01\/Frame-26063985-2048x1095.jpg 2048w\" sizes=\"(max-width: 2560px) 100vw, 2560px\" \/>\t\t\t\t\t\t\t\t\t\t\t\t\t\t\t<\/picture>\n\n\t\t\t\t\n\t\t\t\t\n\t\t\t\t\t<\/figure>\n\t<\/div>\n\t\t<\/div>\n<\/section>\n<section id=\"featured-text-block_c157168e4b74c6fb69c1f27ae02f13cd\" class=\"section component-section\">\n\t<div \n\t\tclass=\"ss featured-text featured-text--lg-bg-primary\"\n\t\t\t>\n\t\t\t\t\t<div class=\"container container--md\">\n\t\t\t\t<article class=\"featured-text__header\">\n\t\t\t\t\t\t\t\t\t\t\t<figure >\n\t\t\t\t\t\t\t<img \n\t\t\t\t\t\t\t\tsrc=\"https:\/\/lumirahealthcare.com\/wp-content\/uploads\/2025\/12\/L-ProviderCareers_Opportunities.svg\" \n\t\t\t\t\t\t\t\talt=\"Logo\" \n\t\t\t\t\t\t\t\t\t\t\t\t\t\t\t\tloading=\"lazy\"\n\t\t\t\t\t\t\t\t\t\t\t\t\t\t\t>\n\t\t\t\t\t\t<\/figure>\n\t\t\t\t\t\t\t\t\t\t\n\t\t\t\t\t\t\t\t\t\t\t<p class=\"featured-text__subtitle l-mobile-eyebrow-s l-desktop-eyebrow-s\">Oportunidades para proveedores<\/p>\n\t\t\t\t\t\t\t\t\t\t\n\t\t\t\t\t\t\t\t\t\n\t\t\t\t\t\t\t\t\t\t\t<p class=\"featured-text__description l-mobile-body-xl l-desktop-body-xl\">\n\t\t\t\t\t\t\tLos proveedores de Lumira Healthcare logran m\u00e1s juntos. Es una red de apoyo de profesionales dedicados que se animan mutuamente a trav\u00e9s de la colaboraci\u00f3n, la tutor\u00eda y un prop\u00f3sito compartido. Ya sea que est\u00e9 comenzando su carrera o buscando un nuevo cap\u00edtulo significativo,   <span>le brindamos espacio para crecer, retribuir y marcar una diferencia duradera en la salud de nuestra comunidad. <\/span>\t\t\t\t\t\t<\/p>\n\t\t\t\t\t\t\t\t\t\t\n\t\t\t\t\t\t\t\t\t\t\t<footer>\n\t\t\t\t\t\t\t\t\t\t\t\t\t\t\t<p class=\"l-mobile-body-s l-desktop-body-s\">\u00bfEst\u00e1 preparado para combinar su experiencia y compasi\u00f3n con las nuestras? \u00danase a nuestro equipo para construir una carrera gratificante dentro de una comunidad de proveedores impulsada por una misi\u00f3n. <\/p>\n\t\t\t\t\t\t\t\t\t\t\t\t\t\t\n\t\t\t\t\t\t\t\t\t\t\t\t\t\t\t<a \n\t\t\t\t\t\t\t\t\tclass=\"l-btn l-btn--secondary has-thick-hover\" \n\t\t\t\t\t\t\t\t\thref=\"https:\/\/secure.onehcm.com\/ta\/LIVINGSTONCH.careers?CareersSearch=&#038;lang=en-US\" \n\t\t\t\t\t\t\t\t\t\t\t\t\t\t\t\t\t\t\ttarget=\"_blank\"\n\t\t\t\t\t\t\t\t\t\t\t\t\t\t\t\t\t\t\t\t\trel=\"noopener noreferrer\"\n\t\t\t\t\t\t\t\t\t\t\t\t\t\t\t\t\t\t\t\t\t\t\t\t\t\t\t\taria-label=\"Vacantes actuales\"\n\t\t\t\t\t\t\t\t\tdata-text=\"Vacantes actuales\"\n\t\t\t\t\t\t\t\t\t>\n\t\t\t\t\t\t\t\t\tVacantes actuales\t\t\t\t\t\t\t\t<\/a>\n\t\t\t\t\t\t\t\t\t\t\t\t\t<\/footer>\n\t\t\t\t\t\t\t\t\t<\/article>\n\t\t\t<\/div>\n\t\t\t\t\n\t\t\t\t\t<div class=\"container\">\n\t\t\t\t<div class=\"ss info-list\">\n\t\t\t\t\t\t\t\t\t\t\t<h3 class=\"l-mobile-h3 l-desktop-h3\">Beneficios clave<\/h3>\n\t\t\t\t\t\t\t\t\t\t\n\t\t\t\t\t\t\t\t\t\t\t<div class=\"info-list__cards\">\n\t\t\t\t\t\t\t\t\t\t\t\t\t\t\t\t\t\t\t\t\t\t\t<div class=\"info-list__card\">\n\t\t\t\t\t\t\t\t\t\t\t\t\t\t\t\t\t\t\t<figure aria-hidden=\"true\">\n\t\t\t\t\t\t\t\t\t\t\t<img \n\t\t\t\t\t\t\t\t\t\t\t\tsrc=\"https:\/\/lumirahealthcare.com\/wp-content\/uploads\/2025\/12\/ICON-S.svg\" \n\t\t\t\t\t\t\t\t\t\t\t\talt=\"\" \n\t\t\t\t\t\t\t\t\t\t\t\twidth=\"16\" \n\t\t\t\t\t\t\t\t\t\t\t\theight=\"16\"\n\t\t\t\t\t\t\t\t\t\t\t\tloading=\"lazy\"\n\t\t\t\t\t\t\t\t\t\t\t\t\t\t\t\t\t\t\t\t\t\t\t\t\trole=\"presentation\"\n\t\t\t\t\t\t\t\t\t\t\t\t\t\t\t\t\t\t\t\t\t\t\t>\n\t\t\t\t\t\t\t\t\t\t<\/figure>\n\t\t\t\t\t\t\t\t\t\t\t\t\t\t\t\t\t\t\n\t\t\t\t\t\t\t\t\t\t\t\t\t\t\t\t\t\t\n\t\t\t\t\t\t\t\t\t\t\t\t\t\t\t\t\t\t\t<p class=\"l-body-s-desktop\">Atenci\u00f3n impulsada por un prop\u00f3sito para los m\u00e1s desfavorecidos<\/p>\n\t\t\t\t\t\t\t\t\t\t\t\t\t\t\t\t\t<\/div>\n\t\t\t\t\t\t\t\t\t\t\t\t\t\t\t\t\t\t\t\t\t\t\t<div class=\"info-list__card\">\n\t\t\t\t\t\t\t\t\t\t\t\t\t\t\t\t\t\t\t<figure aria-hidden=\"true\">\n\t\t\t\t\t\t\t\t\t\t\t<img \n\t\t\t\t\t\t\t\t\t\t\t\tsrc=\"https:\/\/lumirahealthcare.com\/wp-content\/uploads\/2025\/12\/ICON-S.svg\" \n\t\t\t\t\t\t\t\t\t\t\t\talt=\"\" \n\t\t\t\t\t\t\t\t\t\t\t\twidth=\"16\" \n\t\t\t\t\t\t\t\t\t\t\t\theight=\"16\"\n\t\t\t\t\t\t\t\t\t\t\t\tloading=\"lazy\"\n\t\t\t\t\t\t\t\t\t\t\t\t\t\t\t\t\t\t\t\t\t\t\t\t\trole=\"presentation\"\n\t\t\t\t\t\t\t\t\t\t\t\t\t\t\t\t\t\t\t\t\t\t\t>\n\t\t\t\t\t\t\t\t\t\t<\/figure>\n\t\t\t\t\t\t\t\t\t\t\t\t\t\t\t\t\t\t\n\t\t\t\t\t\t\t\t\t\t\t\t\t\t\t\t\t\t\n\t\t\t\t\t\t\t\t\t\t\t\t\t\t\t\t\t\t\t<p class=\"l-body-s-desktop\">Acceso a opciones de pago de pr\u00e9stamos<\/p>\n\t\t\t\t\t\t\t\t\t\t\t\t\t\t\t\t\t<\/div>\n\t\t\t\t\t\t\t\t\t\t\t\t\t\t\t\t\t\t\t\t\t\t\t<div class=\"info-list__card\">\n\t\t\t\t\t\t\t\t\t\t\t\t\t\t\t\t\t\t\t<figure aria-hidden=\"true\">\n\t\t\t\t\t\t\t\t\t\t\t<img \n\t\t\t\t\t\t\t\t\t\t\t\tsrc=\"https:\/\/lumirahealthcare.com\/wp-content\/uploads\/2025\/12\/ICON-S.svg\" \n\t\t\t\t\t\t\t\t\t\t\t\talt=\"\" \n\t\t\t\t\t\t\t\t\t\t\t\twidth=\"16\" \n\t\t\t\t\t\t\t\t\t\t\t\theight=\"16\"\n\t\t\t\t\t\t\t\t\t\t\t\tloading=\"lazy\"\n\t\t\t\t\t\t\t\t\t\t\t\t\t\t\t\t\t\t\t\t\t\t\t\t\trole=\"presentation\"\n\t\t\t\t\t\t\t\t\t\t\t\t\t\t\t\t\t\t\t\t\t\t\t>\n\t\t\t\t\t\t\t\t\t\t<\/figure>\n\t\t\t\t\t\t\t\t\t\t\t\t\t\t\t\t\t\t\n\t\t\t\t\t\t\t\t\t\t\t\t\t\t\t\t\t\t\n\t\t\t\t\t\t\t\t\t\t\t\t\t\t\t\t\t\t\t<p class=\"l-body-s-desktop\">Tutor\u00eda y oportunidades de crecimiento<\/p>\n\t\t\t\t\t\t\t\t\t\t\t\t\t\t\t\t\t<\/div>\n\t\t\t\t\t\t\t\t\t\t\t\t\t<\/div>\n\t\t\t\t\t\t\t\t\t<\/div>\n\t\t\t<\/div>\n\t\t\t<\/div>\n<\/section>\n\n<section id=\"featured-text-block_c56933b025648ad5376656f20965b9c4\" class=\"section component-section\">\n\t<div \n\t\tclass=\"ss featured-text featured-text--lg-bg-primary\"\n\t\t\t>\n\t\t\t\t\n\t\t\t\t\t<div class=\"container\">\n\t\t\t\t<div class=\"ss info-list\">\n\t\t\t\t\t\t\t\t\t\t\n\t\t\t\t\t\t\t\t\t\t\t<div class=\"info-list__cards\">\n\t\t\t\t\t\t\t\t\t\t\t\t\t\t\t\t\t\t\t\t\t\t\t<div class=\"info-list__card\">\n\t\t\t\t\t\t\t\t\t\t\t\t\t\t\t\t\t\t\t<figure aria-hidden=\"true\">\n\t\t\t\t\t\t\t\t\t\t\t<img \n\t\t\t\t\t\t\t\t\t\t\t\tsrc=\"https:\/\/lumirahealthcare.com\/wp-content\/uploads\/2025\/12\/ICON-S.svg\" \n\t\t\t\t\t\t\t\t\t\t\t\talt=\"\" \n\t\t\t\t\t\t\t\t\t\t\t\twidth=\"16\" \n\t\t\t\t\t\t\t\t\t\t\t\theight=\"16\"\n\t\t\t\t\t\t\t\t\t\t\t\tloading=\"lazy\"\n\t\t\t\t\t\t\t\t\t\t\t\t\t\t\t\t\t\t\t\t\t\t\t\t\trole=\"presentation\"\n\t\t\t\t\t\t\t\t\t\t\t\t\t\t\t\t\t\t\t\t\t\t\t>\n\t\t\t\t\t\t\t\t\t\t<\/figure>\n\t\t\t\t\t\t\t\t\t\t\t\t\t\t\t\t\t\t\n\t\t\t\t\t\t\t\t\t\t\t\t\t\t\t\t\t\t\n\t\t\t\t\t\t\t\t\t\t\t\t\t\t\t\t\t\t\t<p class=\"l-body-s-desktop\">Entorno de trabajo h\u00edbrido y flexible<\/p>\n\t\t\t\t\t\t\t\t\t\t\t\t\t\t\t\t\t<\/div>\n\t\t\t\t\t\t\t\t\t\t\t\t\t\t\t\t\t\t\t\t\t\t\t<div class=\"info-list__card\">\n\t\t\t\t\t\t\t\t\t\t\t\t\t\t\t\t\t\t\t<figure aria-hidden=\"true\">\n\t\t\t\t\t\t\t\t\t\t\t<img \n\t\t\t\t\t\t\t\t\t\t\t\tsrc=\"https:\/\/lumirahealthcare.com\/wp-content\/uploads\/2025\/12\/ICON-S.svg\" \n\t\t\t\t\t\t\t\t\t\t\t\talt=\"\" \n\t\t\t\t\t\t\t\t\t\t\t\twidth=\"16\" \n\t\t\t\t\t\t\t\t\t\t\t\theight=\"16\"\n\t\t\t\t\t\t\t\t\t\t\t\tloading=\"lazy\"\n\t\t\t\t\t\t\t\t\t\t\t\t\t\t\t\t\t\t\t\t\t\t\t\t\trole=\"presentation\"\n\t\t\t\t\t\t\t\t\t\t\t\t\t\t\t\t\t\t\t\t\t\t\t>\n\t\t\t\t\t\t\t\t\t\t<\/figure>\n\t\t\t\t\t\t\t\t\t\t\t\t\t\t\t\t\t\t\n\t\t\t\t\t\t\t\t\t\t\t\t\t\t\t\t\t\t\n\t\t\t\t\t\t\t\t\t\t\t\t\t\t\t\t\t\t\t<p class=\"l-body-s-desktop\">Cultura colaborativa y orientada al trabajo en equipo<\/p>\n\t\t\t\t\t\t\t\t\t\t\t\t\t\t\t\t\t<\/div>\n\t\t\t\t\t\t\t\t\t\t\t\t\t\t\t\t\t\t\t\t\t\t\t<div class=\"info-list__card\">\n\t\t\t\t\t\t\t\t\t\t\t\t\t\t\t\t\t\t\t<figure aria-hidden=\"true\">\n\t\t\t\t\t\t\t\t\t\t\t<img \n\t\t\t\t\t\t\t\t\t\t\t\tsrc=\"https:\/\/lumirahealthcare.com\/wp-content\/uploads\/2025\/12\/ICON-S.svg\" \n\t\t\t\t\t\t\t\t\t\t\t\talt=\"\" \n\t\t\t\t\t\t\t\t\t\t\t\twidth=\"16\" \n\t\t\t\t\t\t\t\t\t\t\t\theight=\"16\"\n\t\t\t\t\t\t\t\t\t\t\t\tloading=\"lazy\"\n\t\t\t\t\t\t\t\t\t\t\t\t\t\t\t\t\t\t\t\t\t\t\t\t\trole=\"presentation\"\n\t\t\t\t\t\t\t\t\t\t\t\t\t\t\t\t\t\t\t\t\t\t\t>\n\t\t\t\t\t\t\t\t\t\t<\/figure>\n\t\t\t\t\t\t\t\t\t\t\t\t\t\t\t\t\t\t\n\t\t\t\t\t\t\t\t\t\t\t\t\t\t\t\t\t\t\n\t\t\t\t\t\t\t\t\t\t\t\t\t\t\t\t\t\t\t<p class=\"l-body-s-desktop\">Menor coste de vida en California<\/p>\n\t\t\t\t\t\t\t\t\t\t\t\t\t\t\t\t\t<\/div>\n\t\t\t\t\t\t\t\t\t\t\t\t\t<\/div>\n\t\t\t\t\t\t\t\t\t<\/div>\n\t\t\t<\/div>\n\t\t\t<\/div>\n<\/section>\n\n\n<section class=\"section component-section\">\n\t<section id=\"card-grid-block_6ba2e3964463c99bdce0239cbfaac89e\" class=\"ss team-grid columns-3\" aria-labelledby=\"su-trabajo-importa-aqui-block_6ba2e3964463c99bdce0239cbfaac89e\">\n\t\t<div class=\"container\">\n\t\t\t\t\t<header class=\"team-grid__header\">\n\t\t\t\t\t\t\t\t\t\t\t\t\t\t<h2 id=\"su-trabajo-importa-aqui-block_6ba2e3964463c99bdce0239cbfaac89e\" class=\"team-grid__title l-h2 l-text-center\">Su trabajo importa aqu\u00ed.<\/h2>\n\t\t\t\t\t\t\t\t\t\t\t<\/header>\n\t\t\t\t\t\t\t\t<ul class=\"team-grid__list\" role=\"list\" data-block-instance-id=\"block_6ba2e3964463c99bdce0239cbfaac89e\" data-block-id=\"card-grid-block_6ba2e3964463c99bdce0239cbfaac89e\" data-block-anchor=\"\" data-total-cards=\"3\" data-loaded-count=\"3\">\n\t\t\t\t\t\t\t\t<li class=\"team-grid__item\" role=\"listitem\">\n\t\t\t\t<article class=\"ss team-card\" aria-labelledby=\"card-block_6ba2e3964463c99bdce0239cbfaac89e-0\">\n\t\t\t\t\t<figure >\n\t\t\t\t\t\t\t\t\t\t\t\t\t<img \n\t\t\t\t\t\t\t\tsrc=\"https:\/\/lumirahealthcare.com\/wp-content\/uploads\/2025\/12\/L-ProviderCarMH-1024x683.webp\" \n\t\t\t\t\t\t\t\talt=\"A female doctor in dark grey scrubs uses a stethoscope to examine a female patient wearing a plaid shirt.\" \n\t\t\t\t\t\t\t\twidth=\"2560\" \n\t\t\t\t\t\t\t\theight=\"1709\"\n\t\t\t\t\t\t\t\tloading=\"lazy\"\n\t\t\t\t\t\t\t>\n\t\t\t\t\t\t\t\t\t\t\t\t\t\t\t\t\t<\/figure>\n\t\t\t\t\t<div class=\"team-card__content\">\n\t\t\t\t\t\t<h3 class=\"team-card__name l-body-l\" id=\"card-block_6ba2e3964463c99bdce0239cbfaac89e-0\">Oportunidades profesionales en el \u00e1mbito m\u00e9dico<\/h3>\n\t\t\t\t\t\t\t\t\t\t\t\t\n\t\t\t\t\t\t\t\t\t\t\t\t\t\t\t\t\t\t\t<div class=\"team-card__description\">\n\t\t\t\t\t\t\t\t<p>Los proveedores de Lumira hacen m\u00e1s que brindar atenci\u00f3n: ayudan a dar forma al futuro de la salud en el Valle Central. Aqu\u00ed, se unir\u00e1 a un equipo diverso y colaborativo dedicado a la atenci\u00f3n centrada en el paciente y ayudar\u00e1 a que la atenci\u00f3n m\u00e9dica de calidad est\u00e9 m\u00e1s disponible para las comunidades desatendidas. <\/p>\t\t\t\t\t\t\t<\/div>\n\t\t\t\t\t\t\t\t\t\t\t\t\n\t\t\t\t\t\t\t\t\t\t\t<\/div>\n\t\t\t\t<\/article>\n\t\t\t<\/li>\n\t\t\t\t\t\t\t\t<li class=\"team-grid__item\" role=\"listitem\">\n\t\t\t\t<article class=\"ss team-card\" aria-labelledby=\"card-block_6ba2e3964463c99bdce0239cbfaac89e-1\">\n\t\t\t\t\t<figure >\n\t\t\t\t\t\t\t\t\t\t\t\t\t<img \n\t\t\t\t\t\t\t\tsrc=\"https:\/\/lumirahealthcare.com\/wp-content\/uploads\/2025\/12\/L-ProviderCarDH-683x1024.webp\" \n\t\t\t\t\t\t\t\talt=\"A man tooth is checking by a dentist\" \n\t\t\t\t\t\t\t\twidth=\"1707\" \n\t\t\t\t\t\t\t\theight=\"2560\"\n\t\t\t\t\t\t\t\tloading=\"lazy\"\n\t\t\t\t\t\t\t>\n\t\t\t\t\t\t\t\t\t\t\t\t\t\t\t\t\t<\/figure>\n\t\t\t\t\t<div class=\"team-card__content\">\n\t\t\t\t\t\t<h3 class=\"team-card__name l-body-l\" id=\"card-block_6ba2e3964463c99bdce0239cbfaac89e-1\">Oportunidades profesionales en el \u00e1mbito dental<\/h3>\n\t\t\t\t\t\t\t\t\t\t\t\t\n\t\t\t\t\t\t\t\t\t\t\t\t\t\t\t\t\t\t\t<div class=\"team-card__description\">\n\t\t\t\t\t\t\t\t<p>En Lumira, la atenci\u00f3n dental es una piedra angular de la salud comunitaria. Ya sea que est\u00e9 comenzando su carrera, avanzando en su pr\u00e1ctica o buscando retribuir, encontrar\u00e1 tutor\u00eda, instalaciones modernas y un equipo de apoyo construido sobre la compasi\u00f3n y la conexi\u00f3n. <\/p>\t\t\t\t\t\t\t<\/div>\n\t\t\t\t\t\t\t\t\t\t\t\t\n\t\t\t\t\t\t\t\t\t\t\t<\/div>\n\t\t\t\t<\/article>\n\t\t\t<\/li>\n\t\t\t\t\t\t\t\t<li class=\"team-grid__item\" role=\"listitem\">\n\t\t\t\t<article class=\"ss team-card\" aria-labelledby=\"card-block_6ba2e3964463c99bdce0239cbfaac89e-2\">\n\t\t\t\t\t<figure >\n\t\t\t\t\t\t\t\t\t\t\t\t\t<img \n\t\t\t\t\t\t\t\tsrc=\"https:\/\/lumirahealthcare.com\/wp-content\/uploads\/2025\/12\/L-ProviderCarBH-1024x683.webp\" \n\t\t\t\t\t\t\t\talt=\"A women watching and smiling a person hugging a boy\" \n\t\t\t\t\t\t\t\twidth=\"2560\" \n\t\t\t\t\t\t\t\theight=\"1707\"\n\t\t\t\t\t\t\t\tloading=\"lazy\"\n\t\t\t\t\t\t\t>\n\t\t\t\t\t\t\t\t\t\t\t\t\t\t\t\t\t<\/figure>\n\t\t\t\t\t<div class=\"team-card__content\">\n\t\t\t\t\t\t<h3 class=\"team-card__name l-body-l\" id=\"card-block_6ba2e3964463c99bdce0239cbfaac89e-2\">Oportunidades profesionales en el \u00e1mbito de la salud conductual<\/h3>\n\t\t\t\t\t\t\t\t\t\t\t\t\n\t\t\t\t\t\t\t\t\t\t\t\t\t\t\t\t\t\t\t<div class=\"team-card__description\">\n\t\t\t\t\t\t\t\t<p>La atenci\u00f3n integral comienza con el bienestar mental. Nuestro equipo de salud conductual se asocia estrechamente con los proveedores m\u00e9dicos para brindar un apoyo integrado y libre de estigmas que marca una diferencia duradera en la vida de los pacientes. <\/p>\t\t\t\t\t\t\t<\/div>\n\t\t\t\t\t\t\t\t\t\t\t\t\n\t\t\t\t\t\t\t\t\t\t\t<\/div>\n\t\t\t\t<\/article>\n\t\t\t<\/li>\n\t\t\t\t<\/ul>\n\t\t\t\t<\/div>\n\t<\/section>\n<\/section>\n\n","protected":false},"excerpt":{"rendered":"","protected":false},"author":2,"featured_media":0,"parent":0,"menu_order":0,"comment_status":"closed","ping_status":"closed","template":"template-components.php","meta":{"_acf_changed":false,"footnotes":""},"class_list":["post-1223","page","type-page","status-publish","hentry"],"acf":[],"yoast_head":"<!-- This site is optimized with the Yoast SEO plugin v27.4 - https:\/\/yoast.com\/product\/yoast-seo-wordpress\/ -->\n<title>Oportunidades para proveedores - Lumira HealthCare<\/title>\n<meta name=\"description\" content=\"Desarrolle su carrera m\u00e9dica en Lumira Healthcare. Buscamos proveedores dedicados para unirse a nuestra misi\u00f3n de servir a la comunidad del Valle Central.\" \/>\n<meta name=\"robots\" content=\"index, follow, max-snippet:-1, max-image-preview:large, max-video-preview:-1\" \/>\n<link rel=\"canonical\" href=\"https:\/\/lumirahealthcare.com\/es\/oportunidades-profesionales-para-proveedores\/\" \/>\n<meta property=\"og:locale\" content=\"es_ES\" \/>\n<meta property=\"og:type\" content=\"article\" \/>\n<meta property=\"og:title\" content=\"Oportunidades para proveedores - Lumira HealthCare\" \/>\n<meta property=\"og:description\" content=\"Desarrolle su carrera m\u00e9dica en Lumira Healthcare. Buscamos proveedores dedicados para unirse a nuestra misi\u00f3n de servir a la comunidad del Valle Central.\" \/>\n<meta property=\"og:url\" content=\"https:\/\/lumirahealthcare.com\/es\/oportunidades-profesionales-para-proveedores\/\" \/>\n<meta property=\"og:site_name\" content=\"Lumira HealthCare\" \/>\n<meta property=\"article:publisher\" content=\"https:\/\/www.facebook.com\/LivingstonHealth\/\" \/>\n<meta property=\"article:modified_time\" content=\"2026-02-03T18:26:07+00:00\" \/>\n<meta name=\"twitter:card\" content=\"summary_large_image\" \/>\n<script type=\"application\/ld+json\" class=\"yoast-schema-graph\">{\"@context\":\"https:\\\/\\\/schema.org\",\"@graph\":[{\"@type\":\"WebPage\",\"@id\":\"https:\\\/\\\/lumirahealthcare.com\\\/es\\\/oportunidades-profesionales-para-proveedores\\\/\",\"url\":\"https:\\\/\\\/lumirahealthcare.com\\\/es\\\/oportunidades-profesionales-para-proveedores\\\/\",\"name\":\"Oportunidades para proveedores - Lumira HealthCare\",\"isPartOf\":{\"@id\":\"https:\\\/\\\/lumirahealthcare.com\\\/es\\\/#website\"},\"datePublished\":\"2026-01-06T09:58:54+00:00\",\"dateModified\":\"2026-02-03T18:26:07+00:00\",\"description\":\"Desarrolle su carrera m\u00e9dica en Lumira Healthcare. Buscamos proveedores dedicados para unirse a nuestra misi\u00f3n de servir a la comunidad del Valle Central.\",\"breadcrumb\":{\"@id\":\"https:\\\/\\\/lumirahealthcare.com\\\/es\\\/oportunidades-profesionales-para-proveedores\\\/#breadcrumb\"},\"inLanguage\":\"es\",\"potentialAction\":[{\"@type\":\"ReadAction\",\"target\":[\"https:\\\/\\\/lumirahealthcare.com\\\/es\\\/oportunidades-profesionales-para-proveedores\\\/\"]}]},{\"@type\":\"BreadcrumbList\",\"@id\":\"https:\\\/\\\/lumirahealthcare.com\\\/es\\\/oportunidades-profesionales-para-proveedores\\\/#breadcrumb\",\"itemListElement\":[{\"@type\":\"ListItem\",\"position\":1,\"name\":\"Home\",\"item\":\"https:\\\/\\\/lumirahealthcare.com\\\/es\\\/\"},{\"@type\":\"ListItem\",\"position\":2,\"name\":\"Oportunidades para proveedores\"}]},{\"@type\":\"WebSite\",\"@id\":\"https:\\\/\\\/lumirahealthcare.com\\\/es\\\/#website\",\"url\":\"https:\\\/\\\/lumirahealthcare.com\\\/es\\\/\",\"name\":\"Lumira HealthCare\",\"description\":\"\",\"publisher\":{\"@id\":\"https:\\\/\\\/lumirahealthcare.com\\\/es\\\/#organization\"},\"potentialAction\":[{\"@type\":\"SearchAction\",\"target\":{\"@type\":\"EntryPoint\",\"urlTemplate\":\"https:\\\/\\\/lumirahealthcare.com\\\/es\\\/?s={search_term_string}\"},\"query-input\":{\"@type\":\"PropertyValueSpecification\",\"valueRequired\":true,\"valueName\":\"search_term_string\"}}],\"inLanguage\":\"es\"},{\"@type\":\"Organization\",\"@id\":\"https:\\\/\\\/lumirahealthcare.com\\\/es\\\/#organization\",\"name\":\"Lumira HealthCare\",\"url\":\"https:\\\/\\\/lumirahealthcare.com\\\/es\\\/\",\"logo\":{\"@type\":\"ImageObject\",\"inLanguage\":\"es\",\"@id\":\"https:\\\/\\\/lumirahealthcare.com\\\/es\\\/#\\\/schema\\\/logo\\\/image\\\/\",\"url\":\"https:\\\/\\\/lumirahealthcare.com\\\/wp-content\\\/uploads\\\/2025\\\/12\\\/lumira-placeholder.png\",\"contentUrl\":\"https:\\\/\\\/lumirahealthcare.com\\\/wp-content\\\/uploads\\\/2025\\\/12\\\/lumira-placeholder.png\",\"width\":1024,\"height\":1024,\"caption\":\"Lumira HealthCare\"},\"image\":{\"@id\":\"https:\\\/\\\/lumirahealthcare.com\\\/es\\\/#\\\/schema\\\/logo\\\/image\\\/\"},\"sameAs\":[\"https:\\\/\\\/www.facebook.com\\\/LivingstonHealth\\\/\",\"https:\\\/\\\/www.instagram.com\\\/livingstonhealth\",\"https:\\\/\\\/www.youtube.com\\\/@LumiraHealthcare\",\"https:\\\/\\\/www.linkedin.com\\\/company\\\/visitlch\\\/\"]}]}<\/script>\n<!-- \/ Yoast SEO plugin. -->","yoast_head_json":{"title":"Oportunidades para proveedores - Lumira HealthCare","description":"Desarrolle su carrera m\u00e9dica en Lumira Healthcare. Buscamos proveedores dedicados para unirse a nuestra misi\u00f3n de servir a la comunidad del Valle Central.","robots":{"index":"index","follow":"follow","max-snippet":"max-snippet:-1","max-image-preview":"max-image-preview:large","max-video-preview":"max-video-preview:-1"},"canonical":"https:\/\/lumirahealthcare.com\/es\/oportunidades-profesionales-para-proveedores\/","og_locale":"es_ES","og_type":"article","og_title":"Oportunidades para proveedores - Lumira HealthCare","og_description":"Desarrolle su carrera m\u00e9dica en Lumira Healthcare. Buscamos proveedores dedicados para unirse a nuestra misi\u00f3n de servir a la comunidad del Valle Central.","og_url":"https:\/\/lumirahealthcare.com\/es\/oportunidades-profesionales-para-proveedores\/","og_site_name":"Lumira HealthCare","article_publisher":"https:\/\/www.facebook.com\/LivingstonHealth\/","article_modified_time":"2026-02-03T18:26:07+00:00","twitter_card":"summary_large_image","schema":{"@context":"https:\/\/schema.org","@graph":[{"@type":"WebPage","@id":"https:\/\/lumirahealthcare.com\/es\/oportunidades-profesionales-para-proveedores\/","url":"https:\/\/lumirahealthcare.com\/es\/oportunidades-profesionales-para-proveedores\/","name":"Oportunidades para proveedores - Lumira HealthCare","isPartOf":{"@id":"https:\/\/lumirahealthcare.com\/es\/#website"},"datePublished":"2026-01-06T09:58:54+00:00","dateModified":"2026-02-03T18:26:07+00:00","description":"Desarrolle su carrera m\u00e9dica en Lumira Healthcare. Buscamos proveedores dedicados para unirse a nuestra misi\u00f3n de servir a la comunidad del Valle Central.","breadcrumb":{"@id":"https:\/\/lumirahealthcare.com\/es\/oportunidades-profesionales-para-proveedores\/#breadcrumb"},"inLanguage":"es","potentialAction":[{"@type":"ReadAction","target":["https:\/\/lumirahealthcare.com\/es\/oportunidades-profesionales-para-proveedores\/"]}]},{"@type":"BreadcrumbList","@id":"https:\/\/lumirahealthcare.com\/es\/oportunidades-profesionales-para-proveedores\/#breadcrumb","itemListElement":[{"@type":"ListItem","position":1,"name":"Home","item":"https:\/\/lumirahealthcare.com\/es\/"},{"@type":"ListItem","position":2,"name":"Oportunidades para proveedores"}]},{"@type":"WebSite","@id":"https:\/\/lumirahealthcare.com\/es\/#website","url":"https:\/\/lumirahealthcare.com\/es\/","name":"Lumira HealthCare","description":"","publisher":{"@id":"https:\/\/lumirahealthcare.com\/es\/#organization"},"potentialAction":[{"@type":"SearchAction","target":{"@type":"EntryPoint","urlTemplate":"https:\/\/lumirahealthcare.com\/es\/?s={search_term_string}"},"query-input":{"@type":"PropertyValueSpecification","valueRequired":true,"valueName":"search_term_string"}}],"inLanguage":"es"},{"@type":"Organization","@id":"https:\/\/lumirahealthcare.com\/es\/#organization","name":"Lumira HealthCare","url":"https:\/\/lumirahealthcare.com\/es\/","logo":{"@type":"ImageObject","inLanguage":"es","@id":"https:\/\/lumirahealthcare.com\/es\/#\/schema\/logo\/image\/","url":"https:\/\/lumirahealthcare.com\/wp-content\/uploads\/2025\/12\/lumira-placeholder.png","contentUrl":"https:\/\/lumirahealthcare.com\/wp-content\/uploads\/2025\/12\/lumira-placeholder.png","width":1024,"height":1024,"caption":"Lumira HealthCare"},"image":{"@id":"https:\/\/lumirahealthcare.com\/es\/#\/schema\/logo\/image\/"},"sameAs":["https:\/\/www.facebook.com\/LivingstonHealth\/","https:\/\/www.instagram.com\/livingstonhealth","https:\/\/www.youtube.com\/@LumiraHealthcare","https:\/\/www.linkedin.com\/company\/visitlch\/"]}]}},"_links":{"self":[{"href":"https:\/\/lumirahealthcare.com\/es\/wp-json\/wp\/v2\/pages\/1223","targetHints":{"allow":["GET"]}}],"collection":[{"href":"https:\/\/lumirahealthcare.com\/es\/wp-json\/wp\/v2\/pages"}],"about":[{"href":"https:\/\/lumirahealthcare.com\/es\/wp-json\/wp\/v2\/types\/page"}],"author":[{"embeddable":true,"href":"https:\/\/lumirahealthcare.com\/es\/wp-json\/wp\/v2\/users\/2"}],"replies":[{"embeddable":true,"href":"https:\/\/lumirahealthcare.com\/es\/wp-json\/wp\/v2\/comments?post=1223"}],"version-history":[{"count":0,"href":"https:\/\/lumirahealthcare.com\/es\/wp-json\/wp\/v2\/pages\/1223\/revisions"}],"wp:attachment":[{"href":"https:\/\/lumirahealthcare.com\/es\/wp-json\/wp\/v2\/media?parent=1223"}],"curies":[{"name":"wp","href":"https:\/\/api.w.org\/{rel}","templated":true}]}}