{"id":1201,"date":"2025-12-18T12:08:14","date_gmt":"2025-12-18T12:08:14","guid":{"rendered":"https:\/\/lumiradevsite.wpenginepowered.com\/nuestros-servicios\/atencion-escolar\/"},"modified":"2026-02-03T18:17:54","modified_gmt":"2026-02-03T18:17:54","slug":"atencion-escolar","status":"publish","type":"page","link":"https:\/\/lumirahealthcare.com\/es\/nuestros-servicios\/atencion-escolar\/","title":{"rendered":"Atenci\u00f3n escolar"},"content":{"rendered":"<section id=\"rich-text-module-block_6a0e098d60cfcd5289a907feed80e547\" class=\"section component-section\">\n\t<div \n\t\tclass=\"ss page-header\"\n\t\t\t>\n\t\t<div class=\"container\">\n\t\t\t\t\t\t\t<div class=\"page-header__content\">\n\t\t\t\t\t<h1>Atenci\u00f3n escolar<\/h1>\n\t\t\t\t<\/div>\n\t\t\t\t\t<\/div>\n\t<\/div>\n<\/section>\n\n\n<section \n\tid=\"image-text-block_35d01b094561097deef4d60f0e9be7d6\"\n\tclass=\"section\" \n>\n\t<div \n\t\tclass=\"ss image-text image-text--right\"\n\t>\n\t\t<div class=\"container\">\n\t\t\t<div class=\"image-text__inner\">\n\t\t\t\t\t\t\t\t<article class=\"image-text__content\">\n\t\t\t\t\t\t\t\t\t\t\n\t\t\t\t\t\t\t\t\t\t\t\t\t\t\t\t\t<h2 class=\"image-text__title\">\n\t\t\t\t\t\t\tLos estudiantes sanos viven y aprenden mejor.\t\t\t\t\t\t<\/h2>\n\t\t\t\t\t\n\t\t\t\t\t\t\t\t\t\t\t<div class=\"generic\"><p><span style=\"font-weight: 400\">Los centros de salud escolares facilitan que los estudiantes reciban la atenci\u00f3n que necesitan justo donde aprenden. Ubicados en los campus de las escuelas locales, estos centros apoyan el bienestar f\u00edsico, mental y emocional de los estudiantes, lo que conduce a un mejor rendimiento acad\u00e9mico.  <\/span><\/p>\n<p>Los centros de salud incluyen el Livingston Wolves Center en Livingston High School y el Merced East Campus Center en el East Campus Education Center en Merced. Atendidos por profesionales de la salud con licencia, nuestros centros ofrecen servicios tales como ex\u00e1menes f\u00edsicos, vacunas, asesoramiento y educaci\u00f3n para la salud en un entorno seguro y confidencial. Al trabajar en estrecha colaboraci\u00f3n con las familias y el personal escolar, Lumira Healthcare facilita que los estudiantes mantengan una buena salud mientras tienen \u00e9xito en clase.  <\/p>\n<\/div>\n\t\t\t\t\t\n\t\t\t\t\t\t\t\t\t<\/article>\n\t\t\t\t\t\t\t\t\t\t\t\t\t\t\t\t\t\t<figure \n\t\t\t\t\t\tclass=\"aspect-box is-cover\"\n\t\t\t\t\t\taria-hidden=\"false\"\n\t\t\t\t\t>\n\t\t\t\t\t\t\t\t\t\t\t\t\t<img decoding=\"async\" width=\"2560\" height=\"1811\" src=\"https:\/\/lumirahealthcare.com\/wp-content\/uploads\/2025\/12\/L-SchoolCare1-FPO-scaled.webp\" class=\"attachment-full size-full\" alt=\"A female doctor smiles while using a stethoscope to examine the chest of a young boy sitting on an exam table.\" loading=\"lazy\" srcset=\"https:\/\/lumirahealthcare.com\/wp-content\/uploads\/2025\/12\/L-SchoolCare1-FPO-scaled.webp 2560w, https:\/\/lumirahealthcare.com\/wp-content\/uploads\/2025\/12\/L-SchoolCare1-FPO-300x212.webp 300w, https:\/\/lumirahealthcare.com\/wp-content\/uploads\/2025\/12\/L-SchoolCare1-FPO-1024x725.webp 1024w, https:\/\/lumirahealthcare.com\/wp-content\/uploads\/2025\/12\/L-SchoolCare1-FPO-768x543.webp 768w, https:\/\/lumirahealthcare.com\/wp-content\/uploads\/2025\/12\/L-SchoolCare1-FPO-1536x1087.webp 1536w, https:\/\/lumirahealthcare.com\/wp-content\/uploads\/2025\/12\/L-SchoolCare1-FPO-2048x1449.webp 2048w\" sizes=\"auto, (max-width: 2560px) 100vw, 2560px\" \/>\t\t\t\t\t\t\t\t\t\t\t\t\n\t\t\t\t\t\t\t\t\t\t\t\t\n\t\t\t\t\t\t\t\t\t\t\t<\/figure>\n\t\t\t\t\t\t\t\t\t\t\t<\/div>\n\t\t<\/div>\n\t<\/div>\n<\/section>\n<section id=\"bullet-points-block_0d8186929e8c2e54648b8efc8b49c3b0\" class=\"section component-section\">\n\t<div \n\t\tclass=\"ss bullet-points\"\n\t\t\t>\n\t\t<div class=\"container\">\n\t\t\t\t\t\t\t<div class=\"ss article-card\">\n\t\t\t\t\t<article>\n\t\t\t\t\t\t\t\t\t\t\t\t\n\t\t\t\t\t\t\t\t\t\t\t<h2 class=\"article-card__title l-mobile-h2 l-desktop-h2\">Descripci\u00f3n general de los servicios<\/h2>\n\t\t\t\t\t\t\t\t\t\t\t\n\t\t\t\t\t\t\t\t\t\t\t\t\n\t\t\t\t\t\t\t\t\t\t\t<\/article>\n\t\t\t\t<\/div>\n\t\t\t\t\t\t\n\t\t\t\t\t\t\t<ul class=\"bullet-points__list\">\n\t\t\t\t\t\t\t\t\t\t\t\t\t\t\t\t\t<li>\n\t\t\t\t\t\t\t<article class=\"bullet-points__item\">\n\t\t\t\t\t\t\t\t\t\t\t\t\t\t\t\t\t<h4 class=\"bullet-points__item-title l-body-l\">\n\t\t\t\t\t\t\t\t\t\tServicios m\u00e9dicos\t\t\t\t\t\t\t\t\t<\/h4>\n\t\t\t\t\t\t\t\t\t\t\t\t\t\t\t\t\n\t\t\t\t\t\t\t\t\t\t\t\t\t\t\t\t\t<div class=\"bullet-points__item-content\">\n\t\t\t\t\t\t\t\t\t\t\t\t\t\t\t\t\t\t\t\t\t<div class=\"bullet-points__item-content-left\">\n\t\t\t\t\t\t\t\t\t\t\t\t<ul>\n<li style=\"font-weight: 400\"><span style=\"font-weight: 400\">Medicina familiar<\/span><\/li>\n<li style=\"font-weight: 400\"><span style=\"font-weight: 400\">Revisiones del ni\u00f1o sano<\/span><\/li>\n<li style=\"font-weight: 400\"><span style=\"font-weight: 400\">Consultas por enfermedad<\/span><\/li>\n<\/ul>\n\t\t\t\t\t\t\t\t\t\t\t<\/div>\n\t\t\t\t\t\t\t\t\t\t\t\t\t\t\t\t\t\t\t\t\t\t\t\t\t\t\t\t\t\t\t<div class=\"bullet-points__item-content-right\">\n\t\t\t\t\t\t\t\t\t\t\t\t<ul>\n<li style=\"font-weight: 400\"><span style=\"font-weight: 400\">Vacunaciones<\/span><\/li>\n<li style=\"font-weight: 400\"><span style=\"font-weight: 400\">Manejo de enfermedades cr\u00f3nicas<\/span><\/li>\n<\/ul>\n\t\t\t\t\t\t\t\t\t\t\t<\/div>\n\t\t\t\t\t\t\t\t\t\t\t\t\t\t\t\t\t\t\t<\/div>\n\t\t\t\t\t\t\t\t\t\t\t\t\t\t\t<\/article>\n\t\t\t\t\t\t<\/li>\n\t\t\t\t\t\t\t\t\t\t\t\t\t\t\t\t\t<li>\n\t\t\t\t\t\t\t<article class=\"bullet-points__item\">\n\t\t\t\t\t\t\t\t\t\t\t\t\t\t\t\t\t<h4 class=\"bullet-points__item-title l-body-l\">\n\t\t\t\t\t\t\t\t\t\tServicios dentales\t\t\t\t\t\t\t\t\t<\/h4>\n\t\t\t\t\t\t\t\t\t\t\t\t\t\t\t\t\n\t\t\t\t\t\t\t\t\t\t\t\t\t\t\t\t\t<div class=\"bullet-points__item-content\">\n\t\t\t\t\t\t\t\t\t\t\t\t\t\t\t\t\t\t\t\t\t<div class=\"bullet-points__item-content-left\">\n\t\t\t\t\t\t\t\t\t\t\t\t<ul>\n<li style=\"font-weight: 400\"><span style=\"font-weight: 400\">Limpiezas<\/span><\/li>\n<li style=\"font-weight: 400\"><span style=\"font-weight: 400\">Empastes<\/span><\/li>\n<li style=\"font-weight: 400\"><span style=\"font-weight: 400\">Coronas<\/span><\/li>\n<\/ul>\n\t\t\t\t\t\t\t\t\t\t\t<\/div>\n\t\t\t\t\t\t\t\t\t\t\t\t\t\t\t\t\t\t\t\t\t\t\t\t\t\t\t\t\t<\/div>\n\t\t\t\t\t\t\t\t\t\t\t\t\t\t\t<\/article>\n\t\t\t\t\t\t<\/li>\n\t\t\t\t\t\t\t\t\t\t\t\t\t\t\t\t\t<li>\n\t\t\t\t\t\t\t<article class=\"bullet-points__item\">\n\t\t\t\t\t\t\t\t\t\t\t\t\t\t\t\t\t<h4 class=\"bullet-points__item-title l-body-l\">\n\t\t\t\t\t\t\t\t\t\tAsesoramiento\t\t\t\t\t\t\t\t\t<\/h4>\n\t\t\t\t\t\t\t\t\t\t\t\t\t\t\t\t\n\t\t\t\t\t\t\t\t\t\t\t\t\t\t\t\t\t<div class=\"bullet-points__item-content\">\n\t\t\t\t\t\t\t\t\t\t\t\t\t\t\t\t\t\t\t\t\t<div class=\"bullet-points__item-content-left\">\n\t\t\t\t\t\t\t\t\t\t\t\t<ul>\n<li style=\"font-weight: 400\"><span style=\"font-weight: 400\">Imagen corporal<\/span><\/li>\n<li style=\"font-weight: 400\"><span style=\"font-weight: 400\">Depresi\u00f3n<\/span><\/li>\n<li style=\"font-weight: 400\"><span style=\"font-weight: 400\">Ansiedad<\/span><\/li>\n<\/ul>\n\t\t\t\t\t\t\t\t\t\t\t<\/div>\n\t\t\t\t\t\t\t\t\t\t\t\t\t\t\t\t\t\t\t\t\t\t\t\t\t\t\t\t\t\t\t<div class=\"bullet-points__item-content-right\">\n\t\t\t\t\t\t\t\t\t\t\t\t<ul>\n<li style=\"font-weight: 400\"><span style=\"font-weight: 400\">Control de la ira<\/span><\/li>\n<li style=\"font-weight: 400\"><span style=\"font-weight: 400\">Intervenci\u00f3n en crisis<\/span><\/li>\n<li style=\"font-weight: 400\"><span style=\"font-weight: 400\">Abuso de sustancias<\/span><\/li>\n<\/ul>\n\t\t\t\t\t\t\t\t\t\t\t<\/div>\n\t\t\t\t\t\t\t\t\t\t\t\t\t\t\t\t\t\t\t<\/div>\n\t\t\t\t\t\t\t\t\t\t\t\t\t\t\t<\/article>\n\t\t\t\t\t\t<\/li>\n\t\t\t\t\t\t\t\t\t\t\t\t\t\t\t\t\t<li>\n\t\t\t\t\t\t\t<article class=\"bullet-points__item\">\n\t\t\t\t\t\t\t\t\t\t\t\t\t\t\t\t\t<h4 class=\"bullet-points__item-title l-body-l\">\n\t\t\t\t\t\t\t\t\t\tOtros servicios\t\t\t\t\t\t\t\t\t<\/h4>\n\t\t\t\t\t\t\t\t\t\t\t\t\t\t\t\t\n\t\t\t\t\t\t\t\t\t\t\t\t\t\t\t\t\t<div class=\"bullet-points__item-content\">\n\t\t\t\t\t\t\t\t\t\t\t\t\t\t\t\t\t\t\t\t\t<div class=\"bullet-points__item-content-left\">\n\t\t\t\t\t\t\t\t\t\t\t\t<ul>\n<li style=\"font-weight: 400\"><span style=\"font-weight: 400\">Ex\u00e1menes f\u00edsicos deportivos<\/span><\/li>\n<li style=\"font-weight: 400\"><span style=\"font-weight: 400\">Asistencia comunitaria<\/span><\/li>\n<li style=\"font-weight: 400\"><span style=\"font-weight: 400\">Asistencia con seguros<\/span><\/li>\n<\/ul>\n\t\t\t\t\t\t\t\t\t\t\t<\/div>\n\t\t\t\t\t\t\t\t\t\t\t\t\t\t\t\t\t\t\t\t\t\t\t\t\t\t\t\t\t\t\t<div class=\"bullet-points__item-content-right\">\n\t\t\t\t\t\t\t\t\t\t\t\t<ul>\n<li style=\"font-weight: 400\"><span style=\"font-weight: 400\">Ayuda financiera<\/span><\/li>\n<li style=\"font-weight: 400\"><span style=\"font-weight: 400\">Descuentos de farmacia 340B<\/span><\/li>\n<li style=\"font-weight: 400\"><span style=\"font-weight: 400\">Nutrici\u00f3n y educaci\u00f3n<\/span><\/li>\n<\/ul>\n\t\t\t\t\t\t\t\t\t\t\t<\/div>\n\t\t\t\t\t\t\t\t\t\t\t\t\t\t\t\t\t\t\t<\/div>\n\t\t\t\t\t\t\t\t\t\t\t\t\t\t\t<\/article>\n\t\t\t\t\t\t<\/li>\n\t\t\t\t\t\t\t\t\t<\/ul>\n\t\t\t\t\t<\/div>\n\t<\/div>\n<\/section>\n\n\n<section id=\"icon-row-block_7f0ff2f0cd1b736fcde08cfc002d6d7f\" class=\"section component-section\">\n\t<div class=\"ss icon-row\" style=\"background-color: #07514d;\">\n\t\t<div class=\"container\">\t\n\t\t\t\t\t\t\t\t\t\t<div class=\"ss article-card article-card--primary-font\">\n\t\t\t\t\t<article>\n\t\t\t\t\t\t\n\t\t\t\t\t\t\t\t\t\t\t<h2 class=\"article-card__title l-mobile-h2 l-desktop-h2\">Qu\u00e9 pueden esperar los pacientes<\/h2>\n\t\t\t\t\t\n\t\t\t\t\t\t\n\t\t\t\t\t\t\t\t\t\t\t<\/article>\n\t\t\t\t<\/div>\n\t\t\t\n\t\t\t\t\t\t\t\t\t\t\t\t\t\t\t\t<ul class=\"icon-row__list\">\n\t\t\t\t\t\t\t\t\t\t\t\t\t<li>\n\t\t\t\t\t\t\t\t<div class=\"ss icon-card\">\n\t\t\t\t\t\t\t\t\t\t\t\t\t\t\t\t\t\t<figure>\n\t\t\t\t\t\t\t\t\t\t<img \n\t\t\t\t\t\t\t\t\t\t\tsrc=\"https:\/\/lumirahealthcare.com\/wp-content\/uploads\/2026\/01\/LH_Icon_Care-Without-Leaving-School.svg\" \n\t\t\t\t\t\t\t\t\t\t\talt=\"LH_Icon_Care-Without-Leaving-School\" \n\t\t\t\t\t\t\t\t\t\t\twidth=\"80\" \n\t\t\t\t\t\t\t\t\t\t\theight=\"80\"\n\t\t\t\t\t\t\t\t\t\t\tloading=\"lazy\"\n\t\t\t\t\t\t\t\t\t\t\t\t\t\t\t\t\t\t\t\t\t\t\t\t\t\t\t\t\t\t\t\t>\n\t\t\t\t\t\t\t\t\t<\/figure>\n\n\t\t\t\t\t\t\t\t\t<article>\n\t\t\t\t\t\t\t\t\t\t<h3>Atenci\u00f3n sin salir del campus escolar<\/h3>\n\t\t\t\t\t\t\t\t\t\t\t\t\t\t\t\t\t\t\t<\/article>\n\t\t\t\t\t\t\t\t<\/div>\n\t\t\t\t\t\t\t<\/li>\n\t\t\t\t\t\t\t\t\t\t\t\t\t<li>\n\t\t\t\t\t\t\t\t<div class=\"ss icon-card\">\n\t\t\t\t\t\t\t\t\t\t\t\t\t\t\t\t\t\t<figure>\n\t\t\t\t\t\t\t\t\t\t<img \n\t\t\t\t\t\t\t\t\t\t\tsrc=\"https:\/\/lumirahealthcare.com\/wp-content\/uploads\/2026\/01\/LH_Icon_Services-Coordinated-Families.svg\" \n\t\t\t\t\t\t\t\t\t\t\talt=\"LH_Icon_Services-Coordinated-Families\" \n\t\t\t\t\t\t\t\t\t\t\twidth=\"80\" \n\t\t\t\t\t\t\t\t\t\t\theight=\"80\"\n\t\t\t\t\t\t\t\t\t\t\tloading=\"lazy\"\n\t\t\t\t\t\t\t\t\t\t\t\t\t\t\t\t\t\t\t\t\t\t\t\t\t\t\t\t\t\t\t\t>\n\t\t\t\t\t\t\t\t\t<\/figure>\n\n\t\t\t\t\t\t\t\t\t<article>\n\t\t\t\t\t\t\t\t\t\t<h3>Servicios coordinados con las familias<\/h3>\n\t\t\t\t\t\t\t\t\t\t\t\t\t\t\t\t\t\t\t<\/article>\n\t\t\t\t\t\t\t\t<\/div>\n\t\t\t\t\t\t\t<\/li>\n\t\t\t\t\t\t\t\t\t\t\t\t\t<li>\n\t\t\t\t\t\t\t\t<div class=\"ss icon-card\">\n\t\t\t\t\t\t\t\t\t\t\t\t\t\t\t\t\t\t<figure>\n\t\t\t\t\t\t\t\t\t\t<img \n\t\t\t\t\t\t\t\t\t\t\tsrc=\"https:\/\/lumirahealthcare.com\/wp-content\/uploads\/2026\/01\/LH_Icon_Trained-Trustworthy-Staff.svg\" \n\t\t\t\t\t\t\t\t\t\t\talt=\"LH_Icon_Trained-Trustworthy-Staff\" \n\t\t\t\t\t\t\t\t\t\t\twidth=\"80\" \n\t\t\t\t\t\t\t\t\t\t\theight=\"80\"\n\t\t\t\t\t\t\t\t\t\t\tloading=\"lazy\"\n\t\t\t\t\t\t\t\t\t\t\t\t\t\t\t\t\t\t\t\t\t\t\t\t\t\t\t\t\t\t\t\t>\n\t\t\t\t\t\t\t\t\t<\/figure>\n\n\t\t\t\t\t\t\t\t\t<article>\n\t\t\t\t\t\t\t\t\t\t<h3>Personal capacitado y confiable<\/h3>\n\t\t\t\t\t\t\t\t\t\t\t\t\t\t\t\t\t\t\t<\/article>\n\t\t\t\t\t\t\t\t<\/div>\n\t\t\t\t\t\t\t<\/li>\n\t\t\t\t\t\t\t\t\t\t\t\t\t<li>\n\t\t\t\t\t\t\t\t<div class=\"ss icon-card\">\n\t\t\t\t\t\t\t\t\t\t\t\t\t\t\t\t\t\t<figure>\n\t\t\t\t\t\t\t\t\t\t<img \n\t\t\t\t\t\t\t\t\t\t\tsrc=\"https:\/\/lumirahealthcare.com\/wp-content\/uploads\/2026\/01\/LH_Icon_Broad-Age-Appropriate-Service.svg\" \n\t\t\t\t\t\t\t\t\t\t\talt=\"LH_Icon_Broad-Age-Appropriate-Service\" \n\t\t\t\t\t\t\t\t\t\t\twidth=\"80\" \n\t\t\t\t\t\t\t\t\t\t\theight=\"80\"\n\t\t\t\t\t\t\t\t\t\t\tloading=\"lazy\"\n\t\t\t\t\t\t\t\t\t\t\t\t\t\t\t\t\t\t\t\t\t\t\t\t\t\t\t\t\t\t\t\t>\n\t\t\t\t\t\t\t\t\t<\/figure>\n\n\t\t\t\t\t\t\t\t\t<article>\n\t\t\t\t\t\t\t\t\t\t<h3>Amplios servicios apropiados para cada edad<\/h3>\n\t\t\t\t\t\t\t\t\t\t\t\t\t\t\t\t\t\t\t<\/article>\n\t\t\t\t\t\t\t\t<\/div>\n\t\t\t\t\t\t\t<\/li>\n\t\t\t\t\t\t\t\t\t\t\t<\/ul>\n\t\t\t\t\t\t\t\t\t<\/div>\n\t<\/div>\n<\/section>\n\n\n<section class=\"section\">\n\t<div \n\t\tid=\"value-proposition-block_681bf4529971cdbbbca8cfa6e5d1b459\" \n\t\tclass=\"ss intro\"\n\t>\n\t\t<div class=\"container\">\n\t\t\t\t\t\t\t<figure class=\"intro__background-image\">\n\t\t\t\t\t<img \n\t\t\t\t\t\tsrc=\"https:\/\/lumirahealthcare.com\/wp-content\/uploads\/2026\/01\/Frame-26063988-scaled.png\" \n\t\t\t\t\t\talt=\"\" \n\t\t\t\t\t\twidth=\"2560\" \n\t\t\t\t\t\theight=\"791\"\n\t\t\t\t\t\tloading=\"lazy\"\n\t\t\t\t\t\t\t\t\t\t\t\t\trole=\"presentation\"\n\t\t\t\t\t\t\t\t\t\t\t>\n\t\t\t\t\t\t\t\t\t\t\t\t\t\t<\/figure>\n\t\t\t\t\t\t<article>\n\t\t\t\t\t\t\t\t\t<h2 class=\"intro__title l-h2\">\n\t\t\t\t\t\tPoner el bienestar al alcance de la mano.\t\t\t\t\t<\/h2>\n\t\t\t\t\n\t\t\t\t\t\t\t\t\t<p>El Livingston Wolves Center en Livingston High School y el Merced East Campus Center en el East Campus Education Center en Merced ofrecen a su hijo una soluci\u00f3n conveniente para ex\u00e1menes f\u00edsicos deportivos, citas de vacunaci\u00f3n, asesoramiento y mucho m\u00e1s.<\/p>\n\t\t\t\t\n\t\t\t\t\t\t\t\t\t<footer>\n\t\t\t\t\t\t\t\t\t\t\t\t\t<a \n\t\t\t\t\t\t\t\tclass=\"l-btn l-btn--secondary has-thick-hover\" \n\t\t\t\t\t\t\t\thref=\"https:\/\/lumirahealthcare.com\/providers\/\" \n\t\t\t\t\t\t\t\t\t\t\t\t\t\t\t\taria-label=\"Nuestros proveedores\"\n\t\t\t\t\t\t\t\ttitle=\"Nuestros proveedores\"\n\t\t\t\t\t\t\t\tdata-text=\"Nuestros proveedores\"\n\t\t\t\t\t\t\t>\n\t\t\t\t\t\t\t\t<span>Nuestros proveedores<\/span>\n\t\t\t\t\t\t\t\t\t\t\t\t\t\t\t<\/a>\n\t\t\t\t\t\t\t\t\t\t\t\t\t\t\t\t\t\t\t<a \n\t\t\t\t\t\t\t\tclass=\"l-btn l-btn--tertiary has-thick-hover\" \n\t\t\t\t\t\t\t\thref=\"https:\/\/lumirahealthcare.com\/locations\/\" \n\t\t\t\t\t\t\t\t\t\t\t\t\t\t\t\taria-label=\"Informaci\u00f3n de ubicaci\u00f3n\"\n\t\t\t\t\t\t\t\ttitle=\"Informaci\u00f3n de ubicaci\u00f3n\"\n\t\t\t\t\t\t\t\tdata-text=\"Informaci\u00f3n de ubicaci\u00f3n\"\n\t\t\t\t\t\t\t>\n\t\t\t\t\t\t\t\t<span>Informaci\u00f3n de ubicaci\u00f3n<\/span>\n\t\t\t\t\t\t\t\t\t\t\t\t\t\t\t<\/a>\n\t\t\t\t\t\t\t\t\t\t\t<\/footer>\n\t\t\t\t\t\t\t<\/article>\n\t\t<\/div>\n\t<\/div>\n<\/section>\n<section id=\"accordion-block-block_318ad69a66f5381f0e31bf2c4ecebeea\" class=\"section component-section\">\n\t<div class=\"container\">\n\t\t<div class=\"ss accordion-block\">\n\t\t\t\t\t\t\t<div class=\"ss article-card article-card--accordion-block\">\n\t\t\t\t\t<article>\n\t\t\t\t\t\t\n\t\t\t\t\t\t\t\t\t\t\t<h2 class=\"article-card__title l-mobile-h2 l-desktop-h2\">Recursos<\/h2>\n\t\t\t\t\t\n\t\t\t\t\t\t\t\t\t\t\t\t\t<p class=\"article-card__description l-mobile-body-m\">Explore informaci\u00f3n \u00fatil, gu\u00edas y materiales educativos para respaldar su atenci\u00f3n. Estos recursos confiables le ayudan a mantenerse informado y en control de su salud. \r\n<\/p>\n\t\t\t\t\t\t\n\t\t\t\t\t\t\t\t\t\t\t<\/article>\n\t\t\t\t<\/div>\n\t\t\t\n\t\t\t\t\t\t\t\t\t\t\t\t\t\t\t\t<div class=\"accordion-block__list\">\n\t\t\t\t\t\t<div class=\"ss accordion\">\n\t\t\t\t\t\t\t<div class=\"accordion__list\" role=\"list\">\n\t\t\t\t\t\t\t\t\t\t\t\t\t\t\t\t\t\t\t\t\t\t\t\t\t\t<div class=\"accordion__item\">\n\t\t\t\t\t\t\t\t\t\t<button \n\t\t\t\t\t\t\t\t\t\t\tclass=\"accordion__button\" \n\t\t\t\t\t\t\t\t\t\t\ttype=\"button\" \n\t\t\t\t\t\t\t\t\t\t\taria-expanded=\"false\" \n\t\t\t\t\t\t\t\t\t\t\taria-controls=\"accordion-content-accordion-block-block_318ad69a66f5381f0e31bf2c4ecebeea-item-1\" \n\t\t\t\t\t\t\t\t\t\t\tid=\"accordion-button-accordion-block-block_318ad69a66f5381f0e31bf2c4ecebeea-item-1\"\n\t\t\t\t\t\t\t\t\t\t>\n\t\t\t\t\t\t\t\t\t\t\t<span class=\"accordion__button-text l-desktop-body-l\">Formulario de consentimiento de los padres<\/span>\n\t\t\t\t\t\t\t\t\t\t\t<span class=\"accordion__icon\" aria-hidden=\"true\">\n\t\t\t\t\t\t\t\t\t\t\t\t<svg width=\"24\" height=\"24\" viewBox=\"0 0 24 24\" fill=\"none\" xmlns=\"http:\/\/www.w3.org\/2000\/svg\">\n\t\t\t\t\t\t\t\t\t\t\t\t\t<path d=\"M19.92 8.9502L13.4 15.4702C12.63 16.2402 11.37 16.2402 10.6 15.4702L4.07996 8.9502\" stroke=\"#07514D\" stroke-width=\"1.5\" stroke-miterlimit=\"10\" stroke-linecap=\"round\" stroke-linejoin=\"round\"\/>\n\t\t\t\t\t\t\t\t\t\t\t\t<\/svg>\n\t\t\t\t\t\t\t\t\t\t\t<\/span>\n\t\t\t\t\t\t\t\t\t\t<\/button>\n\t\t\t\t\t\t\t\t\t\t<div \n\t\t\t\t\t\t\t\t\t\t\tclass=\"accordion__content\" \n\t\t\t\t\t\t\t\t\t\t\tid=\"accordion-content-accordion-block-block_318ad69a66f5381f0e31bf2c4ecebeea-item-1\" \n\t\t\t\t\t\t\t\t\t\t\trole=\"region\" \n\t\t\t\t\t\t\t\t\t\t\taria-labelledby=\"accordion-button-accordion-block-block_318ad69a66f5381f0e31bf2c4ecebeea-item-1\"\n\t\t\t\t\t\t\t\t\t\t>\n\t\t\t\t\t\t\t\t\t\t\t<div class=\"accordion__content-inner l-desktop-body-s\">\n\t\t\t\t\t\t\t\t\t\t\t\t<p><a href=\"https:\/\/lumirahealthcare.com\/wp-content\/uploads\/2026\/01\/Parental-Consent-.pdf\">Descargue el formulario de consentimiento de los padres<\/a><\/p>\t\t\t\t\t\t\t\t\t\t\t<\/div>\n\t\t\t\t\t\t\t\t\t\t<\/div>\n\t\t\t\t\t\t\t\t\t<\/div>\n\t\t\t\t\t\t\t\t\t\t\t\t\t\t\t<\/div>\n\t\t\t\t\t\t<\/div>\n\t\t\t\t\t<\/div>\n\t\t\t\t\t\t\t\t\t<\/div>\n\t<\/div>\n<\/section>\n\n","protected":false},"excerpt":{"rendered":"","protected":false},"author":2,"featured_media":0,"parent":868,"menu_order":0,"comment_status":"closed","ping_status":"closed","template":"template-components.php","meta":{"_acf_changed":false,"footnotes":""},"class_list":["post-1201","page","type-page","status-publish","hentry"],"acf":[],"yoast_head":"<!-- This site is optimized with the Yoast SEO plugin v27.4 - https:\/\/yoast.com\/product\/yoast-seo-wordpress\/ -->\n<title>Atenci\u00f3n escolar - Lumira HealthCare<\/title>\n<meta name=\"description\" content=\"\u00a1Llevamos la atenci\u00f3n m\u00e9dica al aula! Servicios m\u00e9dicos y de salud mental escolares para estudiantes y familias en las cl\u00ednicas de Lumira Healthcare.\" \/>\n<meta name=\"robots\" content=\"index, follow, max-snippet:-1, max-image-preview:large, max-video-preview:-1\" \/>\n<link rel=\"canonical\" href=\"https:\/\/lumirahealthcare.com\/es\/nuestros-servicios\/atencion-escolar\/\" \/>\n<meta property=\"og:locale\" content=\"es_ES\" \/>\n<meta property=\"og:type\" content=\"article\" \/>\n<meta property=\"og:title\" content=\"Atenci\u00f3n escolar - Lumira HealthCare\" \/>\n<meta property=\"og:description\" content=\"\u00a1Llevamos la atenci\u00f3n m\u00e9dica al aula! Servicios m\u00e9dicos y de salud mental escolares para estudiantes y familias en las cl\u00ednicas de Lumira Healthcare.\" \/>\n<meta property=\"og:url\" content=\"https:\/\/lumirahealthcare.com\/es\/nuestros-servicios\/atencion-escolar\/\" \/>\n<meta property=\"og:site_name\" content=\"Lumira HealthCare\" \/>\n<meta property=\"article:publisher\" content=\"https:\/\/www.facebook.com\/LivingstonHealth\/\" \/>\n<meta property=\"article:modified_time\" content=\"2026-02-03T18:17:54+00:00\" \/>\n<meta name=\"twitter:card\" content=\"summary_large_image\" \/>\n<script type=\"application\/ld+json\" class=\"yoast-schema-graph\">{\"@context\":\"https:\\\/\\\/schema.org\",\"@graph\":[{\"@type\":\"WebPage\",\"@id\":\"https:\\\/\\\/lumirahealthcare.com\\\/es\\\/nuestros-servicios\\\/atencion-escolar\\\/\",\"url\":\"https:\\\/\\\/lumirahealthcare.com\\\/es\\\/nuestros-servicios\\\/atencion-escolar\\\/\",\"name\":\"Atenci\u00f3n escolar - Lumira HealthCare\",\"isPartOf\":{\"@id\":\"https:\\\/\\\/lumirahealthcare.com\\\/es\\\/#website\"},\"datePublished\":\"2025-12-18T12:08:14+00:00\",\"dateModified\":\"2026-02-03T18:17:54+00:00\",\"description\":\"\u00a1Llevamos la atenci\u00f3n m\u00e9dica al aula! Servicios m\u00e9dicos y de salud mental escolares para estudiantes y familias en las cl\u00ednicas de Lumira Healthcare.\",\"breadcrumb\":{\"@id\":\"https:\\\/\\\/lumirahealthcare.com\\\/es\\\/nuestros-servicios\\\/atencion-escolar\\\/#breadcrumb\"},\"inLanguage\":\"es\",\"potentialAction\":[{\"@type\":\"ReadAction\",\"target\":[\"https:\\\/\\\/lumirahealthcare.com\\\/es\\\/nuestros-servicios\\\/atencion-escolar\\\/\"]}]},{\"@type\":\"BreadcrumbList\",\"@id\":\"https:\\\/\\\/lumirahealthcare.com\\\/es\\\/nuestros-servicios\\\/atencion-escolar\\\/#breadcrumb\",\"itemListElement\":[{\"@type\":\"ListItem\",\"position\":1,\"name\":\"Home\",\"item\":\"https:\\\/\\\/lumirahealthcare.com\\\/es\\\/\"},{\"@type\":\"ListItem\",\"position\":2,\"name\":\"Nuestros servicios\",\"item\":\"https:\\\/\\\/lumirahealthcare.com\\\/es\\\/nuestros-servicios\\\/\"},{\"@type\":\"ListItem\",\"position\":3,\"name\":\"Atenci\u00f3n escolar\"}]},{\"@type\":\"WebSite\",\"@id\":\"https:\\\/\\\/lumirahealthcare.com\\\/es\\\/#website\",\"url\":\"https:\\\/\\\/lumirahealthcare.com\\\/es\\\/\",\"name\":\"Lumira HealthCare\",\"description\":\"\",\"publisher\":{\"@id\":\"https:\\\/\\\/lumirahealthcare.com\\\/es\\\/#organization\"},\"potentialAction\":[{\"@type\":\"SearchAction\",\"target\":{\"@type\":\"EntryPoint\",\"urlTemplate\":\"https:\\\/\\\/lumirahealthcare.com\\\/es\\\/?s={search_term_string}\"},\"query-input\":{\"@type\":\"PropertyValueSpecification\",\"valueRequired\":true,\"valueName\":\"search_term_string\"}}],\"inLanguage\":\"es\"},{\"@type\":\"Organization\",\"@id\":\"https:\\\/\\\/lumirahealthcare.com\\\/es\\\/#organization\",\"name\":\"Lumira HealthCare\",\"url\":\"https:\\\/\\\/lumirahealthcare.com\\\/es\\\/\",\"logo\":{\"@type\":\"ImageObject\",\"inLanguage\":\"es\",\"@id\":\"https:\\\/\\\/lumirahealthcare.com\\\/es\\\/#\\\/schema\\\/logo\\\/image\\\/\",\"url\":\"https:\\\/\\\/lumirahealthcare.com\\\/wp-content\\\/uploads\\\/2025\\\/12\\\/lumira-placeholder.png\",\"contentUrl\":\"https:\\\/\\\/lumirahealthcare.com\\\/wp-content\\\/uploads\\\/2025\\\/12\\\/lumira-placeholder.png\",\"width\":1024,\"height\":1024,\"caption\":\"Lumira HealthCare\"},\"image\":{\"@id\":\"https:\\\/\\\/lumirahealthcare.com\\\/es\\\/#\\\/schema\\\/logo\\\/image\\\/\"},\"sameAs\":[\"https:\\\/\\\/www.facebook.com\\\/LivingstonHealth\\\/\",\"https:\\\/\\\/www.instagram.com\\\/livingstonhealth\",\"https:\\\/\\\/www.youtube.com\\\/@LumiraHealthcare\",\"https:\\\/\\\/www.linkedin.com\\\/company\\\/visitlch\\\/\"]}]}<\/script>\n<!-- \/ Yoast SEO plugin. -->","yoast_head_json":{"title":"Atenci\u00f3n escolar - Lumira HealthCare","description":"\u00a1Llevamos la atenci\u00f3n m\u00e9dica al aula! Servicios m\u00e9dicos y de salud mental escolares para estudiantes y familias en las cl\u00ednicas de Lumira Healthcare.","robots":{"index":"index","follow":"follow","max-snippet":"max-snippet:-1","max-image-preview":"max-image-preview:large","max-video-preview":"max-video-preview:-1"},"canonical":"https:\/\/lumirahealthcare.com\/es\/nuestros-servicios\/atencion-escolar\/","og_locale":"es_ES","og_type":"article","og_title":"Atenci\u00f3n escolar - Lumira HealthCare","og_description":"\u00a1Llevamos la atenci\u00f3n m\u00e9dica al aula! Servicios m\u00e9dicos y de salud mental escolares para estudiantes y familias en las cl\u00ednicas de Lumira Healthcare.","og_url":"https:\/\/lumirahealthcare.com\/es\/nuestros-servicios\/atencion-escolar\/","og_site_name":"Lumira HealthCare","article_publisher":"https:\/\/www.facebook.com\/LivingstonHealth\/","article_modified_time":"2026-02-03T18:17:54+00:00","twitter_card":"summary_large_image","schema":{"@context":"https:\/\/schema.org","@graph":[{"@type":"WebPage","@id":"https:\/\/lumirahealthcare.com\/es\/nuestros-servicios\/atencion-escolar\/","url":"https:\/\/lumirahealthcare.com\/es\/nuestros-servicios\/atencion-escolar\/","name":"Atenci\u00f3n escolar - Lumira HealthCare","isPartOf":{"@id":"https:\/\/lumirahealthcare.com\/es\/#website"},"datePublished":"2025-12-18T12:08:14+00:00","dateModified":"2026-02-03T18:17:54+00:00","description":"\u00a1Llevamos la atenci\u00f3n m\u00e9dica al aula! Servicios m\u00e9dicos y de salud mental escolares para estudiantes y familias en las cl\u00ednicas de Lumira Healthcare.","breadcrumb":{"@id":"https:\/\/lumirahealthcare.com\/es\/nuestros-servicios\/atencion-escolar\/#breadcrumb"},"inLanguage":"es","potentialAction":[{"@type":"ReadAction","target":["https:\/\/lumirahealthcare.com\/es\/nuestros-servicios\/atencion-escolar\/"]}]},{"@type":"BreadcrumbList","@id":"https:\/\/lumirahealthcare.com\/es\/nuestros-servicios\/atencion-escolar\/#breadcrumb","itemListElement":[{"@type":"ListItem","position":1,"name":"Home","item":"https:\/\/lumirahealthcare.com\/es\/"},{"@type":"ListItem","position":2,"name":"Nuestros servicios","item":"https:\/\/lumirahealthcare.com\/es\/nuestros-servicios\/"},{"@type":"ListItem","position":3,"name":"Atenci\u00f3n escolar"}]},{"@type":"WebSite","@id":"https:\/\/lumirahealthcare.com\/es\/#website","url":"https:\/\/lumirahealthcare.com\/es\/","name":"Lumira HealthCare","description":"","publisher":{"@id":"https:\/\/lumirahealthcare.com\/es\/#organization"},"potentialAction":[{"@type":"SearchAction","target":{"@type":"EntryPoint","urlTemplate":"https:\/\/lumirahealthcare.com\/es\/?s={search_term_string}"},"query-input":{"@type":"PropertyValueSpecification","valueRequired":true,"valueName":"search_term_string"}}],"inLanguage":"es"},{"@type":"Organization","@id":"https:\/\/lumirahealthcare.com\/es\/#organization","name":"Lumira HealthCare","url":"https:\/\/lumirahealthcare.com\/es\/","logo":{"@type":"ImageObject","inLanguage":"es","@id":"https:\/\/lumirahealthcare.com\/es\/#\/schema\/logo\/image\/","url":"https:\/\/lumirahealthcare.com\/wp-content\/uploads\/2025\/12\/lumira-placeholder.png","contentUrl":"https:\/\/lumirahealthcare.com\/wp-content\/uploads\/2025\/12\/lumira-placeholder.png","width":1024,"height":1024,"caption":"Lumira HealthCare"},"image":{"@id":"https:\/\/lumirahealthcare.com\/es\/#\/schema\/logo\/image\/"},"sameAs":["https:\/\/www.facebook.com\/LivingstonHealth\/","https:\/\/www.instagram.com\/livingstonhealth","https:\/\/www.youtube.com\/@LumiraHealthcare","https:\/\/www.linkedin.com\/company\/visitlch\/"]}]}},"_links":{"self":[{"href":"https:\/\/lumirahealthcare.com\/es\/wp-json\/wp\/v2\/pages\/1201","targetHints":{"allow":["GET"]}}],"collection":[{"href":"https:\/\/lumirahealthcare.com\/es\/wp-json\/wp\/v2\/pages"}],"about":[{"href":"https:\/\/lumirahealthcare.com\/es\/wp-json\/wp\/v2\/types\/page"}],"author":[{"embeddable":true,"href":"https:\/\/lumirahealthcare.com\/es\/wp-json\/wp\/v2\/users\/2"}],"replies":[{"embeddable":true,"href":"https:\/\/lumirahealthcare.com\/es\/wp-json\/wp\/v2\/comments?post=1201"}],"version-history":[{"count":0,"href":"https:\/\/lumirahealthcare.com\/es\/wp-json\/wp\/v2\/pages\/1201\/revisions"}],"up":[{"embeddable":true,"href":"https:\/\/lumirahealthcare.com\/es\/wp-json\/wp\/v2\/pages\/868"}],"wp:attachment":[{"href":"https:\/\/lumirahealthcare.com\/es\/wp-json\/wp\/v2\/media?parent=1201"}],"curies":[{"name":"wp","href":"https:\/\/api.w.org\/{rel}","templated":true}]}}