{"id":1193,"date":"2025-12-19T10:34:09","date_gmt":"2025-12-19T10:34:09","guid":{"rendered":"https:\/\/lumiradevsite.wpenginepowered.com\/nuestros-servicios\/salud-medica\/"},"modified":"2026-02-03T18:17:07","modified_gmt":"2026-02-03T18:17:07","slug":"salud-medica","status":"publish","type":"page","link":"https:\/\/lumirahealthcare.com\/es\/nuestros-servicios\/salud-medica\/","title":{"rendered":"Salud m\u00e9dica"},"content":{"rendered":"<section id=\"rich-text-module-block_da624aa22fba1096987048852581a96c\" class=\"section component-section\">\n\t<div \n\t\tclass=\"ss page-header\"\n\t\t\t>\n\t\t<div class=\"container\">\n\t\t\t\t\t\t\t<div class=\"page-header__content\">\n\t\t\t\t\t<h1>Salud m\u00e9dica<\/h1>\n\t\t\t\t<\/div>\n\t\t\t\t\t<\/div>\n\t<\/div>\n<\/section>\n\n\n<section \n\tid=\"image-text-block_6f2c1e3b82aff19e0707fe695888c4d8\"\n\tclass=\"section\" \n>\n\t<div \n\t\tclass=\"ss image-text image-text--right\"\n\t>\n\t\t<div class=\"container\">\n\t\t\t<div class=\"image-text__inner\">\n\t\t\t\t\t\t\t\t<article class=\"image-text__content\">\n\t\t\t\t\t\t\t\t\t\t\n\t\t\t\t\t\t\t\t\t\t\t\t\t\t\t\t\t<h2 class=\"image-text__title\">\n\t\t\t\t\t\t\tIluminando el camino hacia el bienestar de por vida.\t\t\t\t\t\t<\/h2>\n\t\t\t\t\t\n\t\t\t\t\t\t\t\t\t\t\t<div class=\"generic\"><p><span style=\"font-weight: 400\">Para cada necesidad de salud, desde chequeos rutinarios y ex\u00e1menes preventivos hasta el manejo de afecciones cr\u00f3nicas, Lumira Healthcare apoya su bienestar en cada etapa de la vida. Nuestro dedicado equipo de m\u00e9dicos y profesionales brinda atenci\u00f3n m\u00e9dica esencial a individuos y familias, con el beneficio adicional de servicios especializados disponibles a nivel local. En todas nuestras ubicaciones, nos tomamos el tiempo para escuchar, explicar y asociarnos con usted. Nuestro enfoque de la atenci\u00f3n y el \u00e9xito del paciente se basa en la confianza, la comprensi\u00f3n y la accesibilidad, para que pueda mantenerse saludable, cerca de casa.   <\/span><\/p>\n<\/div>\n\t\t\t\t\t\n\t\t\t\t\t\t\t\t\t<\/article>\n\t\t\t\t\t\t\t\t\t\t\t\t\t\t\t\t\t\t<figure \n\t\t\t\t\t\tclass=\"aspect-box is-cover\"\n\t\t\t\t\t\taria-hidden=\"false\"\n\t\t\t\t\t>\n\t\t\t\t\t\t\t\t\t\t\t\t\t<img decoding=\"async\" width=\"2560\" height=\"1708\" src=\"https:\/\/lumirahealthcare.com\/wp-content\/uploads\/2025\/12\/L-Medical1-scaled.jpg\" class=\"attachment-full size-full\" alt=\"L-Medical1\" loading=\"lazy\" srcset=\"https:\/\/lumirahealthcare.com\/wp-content\/uploads\/2025\/12\/L-Medical1-scaled.jpg 2560w, https:\/\/lumirahealthcare.com\/wp-content\/uploads\/2025\/12\/L-Medical1-300x200.jpg 300w, https:\/\/lumirahealthcare.com\/wp-content\/uploads\/2025\/12\/L-Medical1-1024x683.jpg 1024w, https:\/\/lumirahealthcare.com\/wp-content\/uploads\/2025\/12\/L-Medical1-768x512.jpg 768w, https:\/\/lumirahealthcare.com\/wp-content\/uploads\/2025\/12\/L-Medical1-1536x1025.jpg 1536w, https:\/\/lumirahealthcare.com\/wp-content\/uploads\/2025\/12\/L-Medical1-2048x1366.jpg 2048w\" sizes=\"auto, (max-width: 2560px) 100vw, 2560px\" \/>\t\t\t\t\t\t\t\t\t\t\t\t\n\t\t\t\t\t\t\t\t\t\t\t\t\n\t\t\t\t\t\t\t\t\t\t\t<\/figure>\n\t\t\t\t\t\t\t\t\t\t\t<\/div>\n\t\t<\/div>\n\t<\/div>\n<\/section>\n<section id=\"bullet-points-block_a75661f577afebd3e8530ca856163493\" class=\"section component-section\">\n\t<div \n\t\tclass=\"ss bullet-points\"\n\t\t\t>\n\t\t<div class=\"container\">\n\t\t\t\t\t\t\t<div class=\"ss article-card\">\n\t\t\t\t\t<article>\n\t\t\t\t\t\t\t\t\t\t\t\t\n\t\t\t\t\t\t\t\t\t\t\t<h2 class=\"article-card__title l-mobile-h2 l-desktop-h2\">Descripci\u00f3n general de los servicios<\/h2>\n\t\t\t\t\t\t\t\t\t\t\t\n\t\t\t\t\t\t\t\t\t\t\t\t\n\t\t\t\t\t\t\t\t\t\t\t<\/article>\n\t\t\t\t<\/div>\n\t\t\t\t\t\t\n\t\t\t\t\t\t\t<ul class=\"bullet-points__list\">\n\t\t\t\t\t\t\t\t\t\t\t\t\t\t\t\t\t<li>\n\t\t\t\t\t\t\t<article class=\"bullet-points__item\">\n\t\t\t\t\t\t\t\t\t\t\t\t\t\t\t\t\n\t\t\t\t\t\t\t\t\t\t\t\t\t\t\t\t\t<div class=\"bullet-points__item-content\">\n\t\t\t\t\t\t\t\t\t\t\t\t\t\t\t\t\t\t\t\t\t<div class=\"bullet-points__item-content-left\">\n\t\t\t\t\t\t\t\t\t\t\t\t<ul>\n<li style=\"font-weight: 400\"><span style=\"font-weight: 400\">Atenci\u00f3n primaria y preventiva<\/span><\/li>\n<li style=\"font-weight: 400\"><span style=\"font-weight: 400\">Ex\u00e1menes f\u00edsicos y anuales<\/span><\/li>\n<li style=\"font-weight: 400\"><span style=\"font-weight: 400\">Vacunaciones<\/span><\/li>\n<li style=\"font-weight: 400\"><span style=\"font-weight: 400\">Manejo de enfermedades cr\u00f3nicas<\/span><\/li>\n<li><span style=\"font-weight: 400\">Pediatr\u00eda<\/span><\/li>\n<\/ul>\n\t\t\t\t\t\t\t\t\t\t\t<\/div>\n\t\t\t\t\t\t\t\t\t\t\t\t\t\t\t\t\t\t\t\t\t\t\t\t\t\t\t\t\t\t\t<div class=\"bullet-points__item-content-right\">\n\t\t\t\t\t\t\t\t\t\t\t\t<ul>\n<li><span style=\"font-weight: 400\">Atenci\u00f3n en el mismo d\u00eda <\/span><\/li>\n<li style=\"font-weight: 400\"><span style=\"font-weight: 400\">Ex\u00e1menes de salud<\/span><\/li>\n<li style=\"font-weight: 400\"><span style=\"font-weight: 400\">Tratamiento asistido con medicamentos<\/span><\/li>\n<li style=\"font-weight: 400\"><span style=\"font-weight: 400\">Atenci\u00f3n para la hepatitis C y el VIH<\/span><\/li>\n<\/ul>\n\t\t\t\t\t\t\t\t\t\t\t<\/div>\n\t\t\t\t\t\t\t\t\t\t\t\t\t\t\t\t\t\t\t<\/div>\n\t\t\t\t\t\t\t\t\t\t\t\t\t\t\t<\/article>\n\t\t\t\t\t\t<\/li>\n\t\t\t\t\t\t\t\t\t<\/ul>\n\t\t\t\t\t<\/div>\n\t<\/div>\n<\/section>\n\n\n<section id=\"icon-row-block_dc6e588da622b49d52cbcc17bd53878a\" class=\"section component-section\">\n\t<div class=\"ss icon-row\" style=\"background-color: #07514d;\">\n\t\t<div class=\"container\">\t\n\t\t\t\t\t\t\t\t\t\t<div class=\"ss article-card article-card--primary-font\">\n\t\t\t\t\t<article>\n\t\t\t\t\t\t\n\t\t\t\t\t\t\t\t\t\t\t<h2 class=\"article-card__title l-mobile-h2 l-desktop-h2\">Qu\u00e9 pueden esperar los pacientes<\/h2>\n\t\t\t\t\t\n\t\t\t\t\t\t\n\t\t\t\t\t\t\t\t\t\t\t<\/article>\n\t\t\t\t<\/div>\n\t\t\t\n\t\t\t\t\t\t\t\t\t\t\t\t\t\t\t\t<ul class=\"icon-row__list\">\n\t\t\t\t\t\t\t\t\t\t\t\t\t<li>\n\t\t\t\t\t\t\t\t<div class=\"ss icon-card\">\n\t\t\t\t\t\t\t\t\t\t\t\t\t\t\t\t\t\t<figure>\n\t\t\t\t\t\t\t\t\t\t<img \n\t\t\t\t\t\t\t\t\t\t\tsrc=\"https:\/\/lumirahealthcare.com\/wp-content\/uploads\/2025\/12\/ICONS-svg-1.svg\" \n\t\t\t\t\t\t\t\t\t\t\talt=\"ICONS svg\" \n\t\t\t\t\t\t\t\t\t\t\twidth=\"80\" \n\t\t\t\t\t\t\t\t\t\t\theight=\"80\"\n\t\t\t\t\t\t\t\t\t\t\tloading=\"lazy\"\n\t\t\t\t\t\t\t\t\t\t\t\t\t\t\t\t\t\t\t\t\t\t\t\t\t\t\t\t\t\t\t\t>\n\t\t\t\t\t\t\t\t\t<\/figure>\n\n\t\t\t\t\t\t\t\t\t<article>\n\t\t\t\t\t\t\t\t\t\t<h3>Personal capacitado en materia cultural y ling\u00fc\u00edstica<\/h3>\n\t\t\t\t\t\t\t\t\t\t\t\t\t\t\t\t\t\t\t<\/article>\n\t\t\t\t\t\t\t\t<\/div>\n\t\t\t\t\t\t\t<\/li>\n\t\t\t\t\t\t\t\t\t\t\t\t\t<li>\n\t\t\t\t\t\t\t\t<div class=\"ss icon-card\">\n\t\t\t\t\t\t\t\t\t\t\t\t\t\t\t\t\t\t<figure>\n\t\t\t\t\t\t\t\t\t\t<img \n\t\t\t\t\t\t\t\t\t\t\tsrc=\"https:\/\/lumirahealthcare.com\/wp-content\/uploads\/2025\/12\/ICON-L.svg\" \n\t\t\t\t\t\t\t\t\t\t\talt=\"ICON L\" \n\t\t\t\t\t\t\t\t\t\t\twidth=\"80\" \n\t\t\t\t\t\t\t\t\t\t\theight=\"80\"\n\t\t\t\t\t\t\t\t\t\t\tloading=\"lazy\"\n\t\t\t\t\t\t\t\t\t\t\t\t\t\t\t\t\t\t\t\t\t\t\t\t\t\t\t\t\t\t\t\t>\n\t\t\t\t\t\t\t\t\t<\/figure>\n\n\t\t\t\t\t\t\t\t\t<article>\n\t\t\t\t\t\t\t\t\t\t<h3>Atenci\u00f3n asequible con tarifas de escala m\u00f3vil<\/h3>\n\t\t\t\t\t\t\t\t\t\t\t\t\t\t\t\t\t\t\t<\/article>\n\t\t\t\t\t\t\t\t<\/div>\n\t\t\t\t\t\t\t<\/li>\n\t\t\t\t\t\t\t\t\t\t\t\t\t<li>\n\t\t\t\t\t\t\t\t<div class=\"ss icon-card\">\n\t\t\t\t\t\t\t\t\t\t\t\t\t\t\t\t\t\t<figure>\n\t\t\t\t\t\t\t\t\t\t<img \n\t\t\t\t\t\t\t\t\t\t\tsrc=\"https:\/\/lumirahealthcare.com\/wp-content\/uploads\/2025\/12\/ICONS-svg-2.svg\" \n\t\t\t\t\t\t\t\t\t\t\talt=\"ICONS svg\" \n\t\t\t\t\t\t\t\t\t\t\twidth=\"80\" \n\t\t\t\t\t\t\t\t\t\t\theight=\"80\"\n\t\t\t\t\t\t\t\t\t\t\tloading=\"lazy\"\n\t\t\t\t\t\t\t\t\t\t\t\t\t\t\t\t\t\t\t\t\t\t\t\t\t\t\t\t\t\t\t\t>\n\t\t\t\t\t\t\t\t\t<\/figure>\n\n\t\t\t\t\t\t\t\t\t<article>\n\t\t\t\t\t\t\t\t\t\t<h3>Seguridad<\/h3>\n\t\t\t\t\t\t\t\t\t\t\t\t\t\t\t\t\t\t\t<\/article>\n\t\t\t\t\t\t\t\t<\/div>\n\t\t\t\t\t\t\t<\/li>\n\t\t\t\t\t\t\t\t\t\t\t\t\t<li>\n\t\t\t\t\t\t\t\t<div class=\"ss icon-card\">\n\t\t\t\t\t\t\t\t\t\t\t\t\t\t\t\t\t\t<figure>\n\t\t\t\t\t\t\t\t\t\t<img \n\t\t\t\t\t\t\t\t\t\t\tsrc=\"https:\/\/lumirahealthcare.com\/wp-content\/uploads\/2025\/12\/ICONS-svg-3.svg\" \n\t\t\t\t\t\t\t\t\t\t\talt=\"ICONS svg\" \n\t\t\t\t\t\t\t\t\t\t\twidth=\"80\" \n\t\t\t\t\t\t\t\t\t\t\theight=\"80\"\n\t\t\t\t\t\t\t\t\t\t\tloading=\"lazy\"\n\t\t\t\t\t\t\t\t\t\t\t\t\t\t\t\t\t\t\t\t\t\t\t\t\t\t\t\t\t\t\t\t>\n\t\t\t\t\t\t\t\t\t<\/figure>\n\n\t\t\t\t\t\t\t\t\t<article>\n\t\t\t\t\t\t\t\t\t\t<h3>Continuidad de la atenci\u00f3n para cada etapa de la vida<\/h3>\n\t\t\t\t\t\t\t\t\t\t\t\t\t\t\t\t\t\t\t<\/article>\n\t\t\t\t\t\t\t\t<\/div>\n\t\t\t\t\t\t\t<\/li>\n\t\t\t\t\t\t\t\t\t\t\t<\/ul>\n\t\t\t\t\t\t\t\t\t<\/div>\n\t<\/div>\n<\/section>\n\n\n<section class=\"section\">\n\t<div \n\t\tid=\"value-proposition-block_3c6965cbacda1a5ba7a630a68a5cb5b1\" \n\t\tclass=\"ss intro\"\n\t>\n\t\t<div class=\"container\">\n\t\t\t\t\t\t\t<figure class=\"intro__background-image\">\n\t\t\t\t\t<img \n\t\t\t\t\t\tsrc=\"https:\/\/lumirahealthcare.com\/wp-content\/uploads\/2026\/01\/L-Medical2-scaled-1-scaled.png\" \n\t\t\t\t\t\talt=\"\" \n\t\t\t\t\t\twidth=\"2560\" \n\t\t\t\t\t\theight=\"793\"\n\t\t\t\t\t\tloading=\"lazy\"\n\t\t\t\t\t\t\t\t\t\t\t\t\trole=\"presentation\"\n\t\t\t\t\t\t\t\t\t\t\t>\n\t\t\t\t\t\t\t\t\t\t\t\t\t\t<\/figure>\n\t\t\t\t\t\t<article>\n\t\t\t\t\t\t\t\t\t<h2 class=\"intro__title l-h2\">\n\t\t\t\t\t\tPoner el bienestar al alcance de la mano.\t\t\t\t\t<\/h2>\n\t\t\t\t\n\t\t\t\t\t\t\t\t\t<p>Dondequiera que se encuentre en su viaje de salud, Lumira Healthcare es un socio en el camino hacia el bienestar de por vida. Los servicios m\u00e9dicos est\u00e1n disponibles en todas las ubicaciones y nuestro equipo de atenci\u00f3n est\u00e1 listo para ayudarle a comenzar.\r\n<\/p>\n\t\t\t\t\n\t\t\t\t\t\t\t\t\t<footer>\n\t\t\t\t\t\t\t\t\t\t\t\t\t<a \n\t\t\t\t\t\t\t\tclass=\"l-btn l-btn--secondary has-thick-hover\" \n\t\t\t\t\t\t\t\thref=\"https:\/\/lumirahealthcare.com\/providers\/\" \n\t\t\t\t\t\t\t\t\t\t\t\t\t\t\t\taria-label=\"Nuestros proveedores\"\n\t\t\t\t\t\t\t\ttitle=\"Nuestros proveedores\"\n\t\t\t\t\t\t\t\tdata-text=\"Nuestros proveedores\"\n\t\t\t\t\t\t\t>\n\t\t\t\t\t\t\t\t<span>Nuestros proveedores<\/span>\n\t\t\t\t\t\t\t\t\t\t\t\t\t\t\t<\/a>\n\t\t\t\t\t\t\t\t\t\t\t\t\t\t\t\t\t\t\t<a \n\t\t\t\t\t\t\t\tclass=\"l-btn l-btn--tertiary has-thick-hover\" \n\t\t\t\t\t\t\t\thref=\"https:\/\/lumirahealthcare.com\/locations\/\" \n\t\t\t\t\t\t\t\t\t\t\t\t\t\t\t\taria-label=\" Informaci\u00f3n de ubicaci\u00f3n\"\n\t\t\t\t\t\t\t\ttitle=\" Informaci\u00f3n de ubicaci\u00f3n\"\n\t\t\t\t\t\t\t\tdata-text=\" Informaci\u00f3n de ubicaci\u00f3n\"\n\t\t\t\t\t\t\t>\n\t\t\t\t\t\t\t\t<span> Informaci\u00f3n de ubicaci\u00f3n<\/span>\n\t\t\t\t\t\t\t\t\t\t\t\t\t\t\t<\/a>\n\t\t\t\t\t\t\t\t\t\t\t<\/footer>\n\t\t\t\t\t\t\t<\/article>\n\t\t<\/div>\n\t<\/div>\n<\/section>","protected":false},"excerpt":{"rendered":"","protected":false},"author":2,"featured_media":0,"parent":868,"menu_order":0,"comment_status":"closed","ping_status":"closed","template":"template-components.php","meta":{"_acf_changed":false,"footnotes":""},"class_list":["post-1193","page","type-page","status-publish","hentry"],"acf":[],"yoast_head":"<!-- This site is optimized with the Yoast SEO plugin v27.4 - https:\/\/yoast.com\/product\/yoast-seo-wordpress\/ -->\n<title>Salud m\u00e9dica - Lumira HealthCare<\/title>\n<meta name=\"description\" content=\"Acceda a atenci\u00f3n m\u00e9dica primaria y preventiva para todas las edades en Lumira Healthcare. Nuestros proveedores se dedican a su salud y bienestar.\" \/>\n<meta name=\"robots\" content=\"index, follow, max-snippet:-1, max-image-preview:large, max-video-preview:-1\" \/>\n<link rel=\"canonical\" href=\"https:\/\/lumirahealthcare.com\/es\/nuestros-servicios\/salud-medica\/\" \/>\n<meta property=\"og:locale\" content=\"es_ES\" \/>\n<meta property=\"og:type\" content=\"article\" \/>\n<meta property=\"og:title\" content=\"Salud m\u00e9dica - Lumira HealthCare\" \/>\n<meta property=\"og:description\" content=\"Acceda a atenci\u00f3n m\u00e9dica primaria y preventiva para todas las edades en Lumira Healthcare. Nuestros proveedores se dedican a su salud y bienestar.\" \/>\n<meta property=\"og:url\" content=\"https:\/\/lumirahealthcare.com\/es\/nuestros-servicios\/salud-medica\/\" \/>\n<meta property=\"og:site_name\" content=\"Lumira HealthCare\" \/>\n<meta property=\"article:publisher\" content=\"https:\/\/www.facebook.com\/LivingstonHealth\/\" \/>\n<meta property=\"article:modified_time\" content=\"2026-02-03T18:17:07+00:00\" \/>\n<meta name=\"twitter:card\" content=\"summary_large_image\" \/>\n<script type=\"application\/ld+json\" class=\"yoast-schema-graph\">{\"@context\":\"https:\\\/\\\/schema.org\",\"@graph\":[{\"@type\":\"WebPage\",\"@id\":\"https:\\\/\\\/lumirahealthcare.com\\\/es\\\/nuestros-servicios\\\/salud-medica\\\/\",\"url\":\"https:\\\/\\\/lumirahealthcare.com\\\/es\\\/nuestros-servicios\\\/salud-medica\\\/\",\"name\":\"Salud m\u00e9dica - Lumira HealthCare\",\"isPartOf\":{\"@id\":\"https:\\\/\\\/lumirahealthcare.com\\\/es\\\/#website\"},\"datePublished\":\"2025-12-19T10:34:09+00:00\",\"dateModified\":\"2026-02-03T18:17:07+00:00\",\"description\":\"Acceda a atenci\u00f3n m\u00e9dica primaria y preventiva para todas las edades en Lumira Healthcare. Nuestros proveedores se dedican a su salud y bienestar.\",\"breadcrumb\":{\"@id\":\"https:\\\/\\\/lumirahealthcare.com\\\/es\\\/nuestros-servicios\\\/salud-medica\\\/#breadcrumb\"},\"inLanguage\":\"es\",\"potentialAction\":[{\"@type\":\"ReadAction\",\"target\":[\"https:\\\/\\\/lumirahealthcare.com\\\/es\\\/nuestros-servicios\\\/salud-medica\\\/\"]}]},{\"@type\":\"BreadcrumbList\",\"@id\":\"https:\\\/\\\/lumirahealthcare.com\\\/es\\\/nuestros-servicios\\\/salud-medica\\\/#breadcrumb\",\"itemListElement\":[{\"@type\":\"ListItem\",\"position\":1,\"name\":\"Home\",\"item\":\"https:\\\/\\\/lumirahealthcare.com\\\/es\\\/\"},{\"@type\":\"ListItem\",\"position\":2,\"name\":\"Nuestros servicios\",\"item\":\"https:\\\/\\\/lumirahealthcare.com\\\/es\\\/nuestros-servicios\\\/\"},{\"@type\":\"ListItem\",\"position\":3,\"name\":\"Salud m\u00e9dica\"}]},{\"@type\":\"WebSite\",\"@id\":\"https:\\\/\\\/lumirahealthcare.com\\\/es\\\/#website\",\"url\":\"https:\\\/\\\/lumirahealthcare.com\\\/es\\\/\",\"name\":\"Lumira HealthCare\",\"description\":\"\",\"publisher\":{\"@id\":\"https:\\\/\\\/lumirahealthcare.com\\\/es\\\/#organization\"},\"potentialAction\":[{\"@type\":\"SearchAction\",\"target\":{\"@type\":\"EntryPoint\",\"urlTemplate\":\"https:\\\/\\\/lumirahealthcare.com\\\/es\\\/?s={search_term_string}\"},\"query-input\":{\"@type\":\"PropertyValueSpecification\",\"valueRequired\":true,\"valueName\":\"search_term_string\"}}],\"inLanguage\":\"es\"},{\"@type\":\"Organization\",\"@id\":\"https:\\\/\\\/lumirahealthcare.com\\\/es\\\/#organization\",\"name\":\"Lumira HealthCare\",\"url\":\"https:\\\/\\\/lumirahealthcare.com\\\/es\\\/\",\"logo\":{\"@type\":\"ImageObject\",\"inLanguage\":\"es\",\"@id\":\"https:\\\/\\\/lumirahealthcare.com\\\/es\\\/#\\\/schema\\\/logo\\\/image\\\/\",\"url\":\"https:\\\/\\\/lumirahealthcare.com\\\/wp-content\\\/uploads\\\/2025\\\/12\\\/lumira-placeholder.png\",\"contentUrl\":\"https:\\\/\\\/lumirahealthcare.com\\\/wp-content\\\/uploads\\\/2025\\\/12\\\/lumira-placeholder.png\",\"width\":1024,\"height\":1024,\"caption\":\"Lumira HealthCare\"},\"image\":{\"@id\":\"https:\\\/\\\/lumirahealthcare.com\\\/es\\\/#\\\/schema\\\/logo\\\/image\\\/\"},\"sameAs\":[\"https:\\\/\\\/www.facebook.com\\\/LivingstonHealth\\\/\",\"https:\\\/\\\/www.instagram.com\\\/livingstonhealth\",\"https:\\\/\\\/www.youtube.com\\\/@LumiraHealthcare\",\"https:\\\/\\\/www.linkedin.com\\\/company\\\/visitlch\\\/\"]}]}<\/script>\n<!-- \/ Yoast SEO plugin. -->","yoast_head_json":{"title":"Salud m\u00e9dica - Lumira HealthCare","description":"Acceda a atenci\u00f3n m\u00e9dica primaria y preventiva para todas las edades en Lumira Healthcare. Nuestros proveedores se dedican a su salud y bienestar.","robots":{"index":"index","follow":"follow","max-snippet":"max-snippet:-1","max-image-preview":"max-image-preview:large","max-video-preview":"max-video-preview:-1"},"canonical":"https:\/\/lumirahealthcare.com\/es\/nuestros-servicios\/salud-medica\/","og_locale":"es_ES","og_type":"article","og_title":"Salud m\u00e9dica - Lumira HealthCare","og_description":"Acceda a atenci\u00f3n m\u00e9dica primaria y preventiva para todas las edades en Lumira Healthcare. Nuestros proveedores se dedican a su salud y bienestar.","og_url":"https:\/\/lumirahealthcare.com\/es\/nuestros-servicios\/salud-medica\/","og_site_name":"Lumira HealthCare","article_publisher":"https:\/\/www.facebook.com\/LivingstonHealth\/","article_modified_time":"2026-02-03T18:17:07+00:00","twitter_card":"summary_large_image","schema":{"@context":"https:\/\/schema.org","@graph":[{"@type":"WebPage","@id":"https:\/\/lumirahealthcare.com\/es\/nuestros-servicios\/salud-medica\/","url":"https:\/\/lumirahealthcare.com\/es\/nuestros-servicios\/salud-medica\/","name":"Salud m\u00e9dica - Lumira HealthCare","isPartOf":{"@id":"https:\/\/lumirahealthcare.com\/es\/#website"},"datePublished":"2025-12-19T10:34:09+00:00","dateModified":"2026-02-03T18:17:07+00:00","description":"Acceda a atenci\u00f3n m\u00e9dica primaria y preventiva para todas las edades en Lumira Healthcare. Nuestros proveedores se dedican a su salud y bienestar.","breadcrumb":{"@id":"https:\/\/lumirahealthcare.com\/es\/nuestros-servicios\/salud-medica\/#breadcrumb"},"inLanguage":"es","potentialAction":[{"@type":"ReadAction","target":["https:\/\/lumirahealthcare.com\/es\/nuestros-servicios\/salud-medica\/"]}]},{"@type":"BreadcrumbList","@id":"https:\/\/lumirahealthcare.com\/es\/nuestros-servicios\/salud-medica\/#breadcrumb","itemListElement":[{"@type":"ListItem","position":1,"name":"Home","item":"https:\/\/lumirahealthcare.com\/es\/"},{"@type":"ListItem","position":2,"name":"Nuestros servicios","item":"https:\/\/lumirahealthcare.com\/es\/nuestros-servicios\/"},{"@type":"ListItem","position":3,"name":"Salud m\u00e9dica"}]},{"@type":"WebSite","@id":"https:\/\/lumirahealthcare.com\/es\/#website","url":"https:\/\/lumirahealthcare.com\/es\/","name":"Lumira HealthCare","description":"","publisher":{"@id":"https:\/\/lumirahealthcare.com\/es\/#organization"},"potentialAction":[{"@type":"SearchAction","target":{"@type":"EntryPoint","urlTemplate":"https:\/\/lumirahealthcare.com\/es\/?s={search_term_string}"},"query-input":{"@type":"PropertyValueSpecification","valueRequired":true,"valueName":"search_term_string"}}],"inLanguage":"es"},{"@type":"Organization","@id":"https:\/\/lumirahealthcare.com\/es\/#organization","name":"Lumira HealthCare","url":"https:\/\/lumirahealthcare.com\/es\/","logo":{"@type":"ImageObject","inLanguage":"es","@id":"https:\/\/lumirahealthcare.com\/es\/#\/schema\/logo\/image\/","url":"https:\/\/lumirahealthcare.com\/wp-content\/uploads\/2025\/12\/lumira-placeholder.png","contentUrl":"https:\/\/lumirahealthcare.com\/wp-content\/uploads\/2025\/12\/lumira-placeholder.png","width":1024,"height":1024,"caption":"Lumira HealthCare"},"image":{"@id":"https:\/\/lumirahealthcare.com\/es\/#\/schema\/logo\/image\/"},"sameAs":["https:\/\/www.facebook.com\/LivingstonHealth\/","https:\/\/www.instagram.com\/livingstonhealth","https:\/\/www.youtube.com\/@LumiraHealthcare","https:\/\/www.linkedin.com\/company\/visitlch\/"]}]}},"_links":{"self":[{"href":"https:\/\/lumirahealthcare.com\/es\/wp-json\/wp\/v2\/pages\/1193","targetHints":{"allow":["GET"]}}],"collection":[{"href":"https:\/\/lumirahealthcare.com\/es\/wp-json\/wp\/v2\/pages"}],"about":[{"href":"https:\/\/lumirahealthcare.com\/es\/wp-json\/wp\/v2\/types\/page"}],"author":[{"embeddable":true,"href":"https:\/\/lumirahealthcare.com\/es\/wp-json\/wp\/v2\/users\/2"}],"replies":[{"embeddable":true,"href":"https:\/\/lumirahealthcare.com\/es\/wp-json\/wp\/v2\/comments?post=1193"}],"version-history":[{"count":0,"href":"https:\/\/lumirahealthcare.com\/es\/wp-json\/wp\/v2\/pages\/1193\/revisions"}],"up":[{"embeddable":true,"href":"https:\/\/lumirahealthcare.com\/es\/wp-json\/wp\/v2\/pages\/868"}],"wp:attachment":[{"href":"https:\/\/lumirahealthcare.com\/es\/wp-json\/wp\/v2\/media?parent=1193"}],"curies":[{"name":"wp","href":"https:\/\/api.w.org\/{rel}","templated":true}]}}