{"id":1189,"date":"2025-12-18T12:21:12","date_gmt":"2025-12-18T12:21:12","guid":{"rendered":"https:\/\/lumiradevsite.wpenginepowered.com\/nuestros-servicios\/servicios-de-diagnostico-por-imagen\/"},"modified":"2026-02-03T18:16:16","modified_gmt":"2026-02-03T18:16:16","slug":"servicios-de-diagnostico-por-imagen","status":"publish","type":"page","link":"https:\/\/lumirahealthcare.com\/es\/nuestros-servicios\/servicios-de-diagnostico-por-imagen\/","title":{"rendered":"Servicios de diagn\u00f3stico por imagen"},"content":{"rendered":"<section id=\"rich-text-module-block_57e64b8d053b2235a03296dd96793021\" class=\"section component-section\">\n\t<div \n\t\tclass=\"ss page-header\"\n\t\t\t>\n\t\t<div class=\"container\">\n\t\t\t\t\t\t\t<div class=\"page-header__content\">\n\t\t\t\t\t<h1>Servicios de diagn\u00f3stico por imagen<\/h1>\n\t\t\t\t<\/div>\n\t\t\t\t\t<\/div>\n\t<\/div>\n<\/section>\n\n\n<section \n\tid=\"image-text-block_60f243df4c37769da62af45ffa220a44\"\n\tclass=\"section\" \n>\n\t<div \n\t\tclass=\"ss image-text image-text--left\"\n\t>\n\t\t<div class=\"container\">\n\t\t\t<div class=\"image-text__inner\">\n\t\t\t\t\t\t\t\t\t\t\t\t\t\t\t\t\t\t<figure \n\t\t\t\t\t\tclass=\"aspect-box is-cover\"\n\t\t\t\t\t\taria-hidden=\"false\"\n\t\t\t\t\t>\n\t\t\t\t\t\t\t\t\t\t\t\t\t<img decoding=\"async\" width=\"2560\" height=\"1707\" src=\"https:\/\/lumirahealthcare.com\/wp-content\/uploads\/2025\/12\/L-Imaging1-scaled.webp\" class=\"attachment-full size-full\" alt=\"A female doctor smiles while using a stethoscope to examine the chest of a young boy sitting on an exam table.\" loading=\"lazy\" srcset=\"https:\/\/lumirahealthcare.com\/wp-content\/uploads\/2025\/12\/L-Imaging1-scaled.webp 2560w, https:\/\/lumirahealthcare.com\/wp-content\/uploads\/2025\/12\/L-Imaging1-300x200.webp 300w, https:\/\/lumirahealthcare.com\/wp-content\/uploads\/2025\/12\/L-Imaging1-1024x683.webp 1024w, https:\/\/lumirahealthcare.com\/wp-content\/uploads\/2025\/12\/L-Imaging1-768x512.webp 768w, https:\/\/lumirahealthcare.com\/wp-content\/uploads\/2025\/12\/L-Imaging1-1536x1024.webp 1536w, https:\/\/lumirahealthcare.com\/wp-content\/uploads\/2025\/12\/L-Imaging1-2048x1366.webp 2048w\" sizes=\"auto, (max-width: 2560px) 100vw, 2560px\" \/>\t\t\t\t\t\t\t\t\t\t\t\t\n\t\t\t\t\t\t\t\t\t\t\t\t\n\t\t\t\t\t\t\t\t\t\t\t<\/figure>\n\t\t\t\t\t\t\t\t\t\t\t\t<article class=\"image-text__content\">\n\t\t\t\t\t\t\t\t\t\t\n\t\t\t\t\t\t\t\t\t\t\t\t\t\t\t\t\t<h2 class=\"image-text__title\">\n\t\t\t\t\t\t\tNuestra mayor virtud es brindarle tranquilidad.\t\t\t\t\t\t<\/h2>\n\t\t\t\t\t\n\t\t\t\t\t\t\t\t\t\t\t<div class=\"generic\"><p><span style=\"font-weight: 400\">Las pruebas de imagen le ofrecen a su equipo de atenci\u00f3n m\u00e9dica una visi\u00f3n m\u00e1s detallada de lo que sucede dentro de su cuerpo. Lumira Healthcare ofrece una variedad de servicios de imagen y radiolog\u00eda en colaboraci\u00f3n con Inview Imaging que respaldan diagn\u00f3sticos oportunos y precisos, y le brindan tranquilidad. Desde radiograf\u00edas hasta ecograf\u00edas, nuestros t\u00e9cnicos certificados utilizan equipos modernos de baja dosis para capturar im\u00e1genes de alta calidad de manera segura y eficiente. Cada examen se realiza con cuidado y profesionalismo, lo que garantiza que los pacientes se sientan informados y c\u00f3modos durante todo el proceso.    <\/span><span style=\"font-weight: 400\"><br \/>\n<\/span><\/p>\n<\/div>\n\t\t\t\t\t\n\t\t\t\t\t\t\t\t\t<\/article>\n\t\t\t\t\t\t\t<\/div>\n\t\t<\/div>\n\t<\/div>\n<\/section>\n<section id=\"bullet-points-block_133030b1ed643642bcacad6ac55f4cc8\" class=\"section component-section\">\n\t<div \n\t\tclass=\"ss bullet-points\"\n\t\t\t>\n\t\t<div class=\"container\">\n\t\t\t\t\t\t\t<div class=\"ss article-card\">\n\t\t\t\t\t<article>\n\t\t\t\t\t\t\t\t\t\t\t\t\n\t\t\t\t\t\t\t\t\t\t\t<h2 class=\"article-card__title l-mobile-h2 l-desktop-h2\">Descripci\u00f3n general de los servicios<\/h2>\n\t\t\t\t\t\t\t\t\t\t\t\n\t\t\t\t\t\t\t\t\t\t\t\t\n\t\t\t\t\t\t\t\t\t\t\t<\/article>\n\t\t\t\t<\/div>\n\t\t\t\t\t\t\n\t\t\t\t\t\t\t<ul class=\"bullet-points__list\">\n\t\t\t\t\t\t\t\t\t\t\t\t\t\t\t\t\t<li>\n\t\t\t\t\t\t\t<article class=\"bullet-points__item\">\n\t\t\t\t\t\t\t\t\t\t\t\t\t\t\t\t\n\t\t\t\t\t\t\t\t\t\t\t\t\t\t\t\t\t<div class=\"bullet-points__item-content\">\n\t\t\t\t\t\t\t\t\t\t\t\t\t\t\t\t\t\t\t\t\t<div class=\"bullet-points__item-content-left\">\n\t\t\t\t\t\t\t\t\t\t\t\t<ul>\n<li style=\"font-weight: 400\"><span style=\"font-weight: 400\">Radiograf\u00eda digital <\/span><\/li>\n<li style=\"font-weight: 400\"><span style=\"font-weight: 400\">Tomomamograf\u00eda 3D (solo para cribado) <\/span><\/li>\n<li style=\"font-weight: 400\"><span style=\"font-weight: 400\">Ecograf\u00eda <\/span><\/li>\n<\/ul>\n\t\t\t\t\t\t\t\t\t\t\t<\/div>\n\t\t\t\t\t\t\t\t\t\t\t\t\t\t\t\t\t\t\t\t\t\t\t\t\t\t\t\t\t<\/div>\n\t\t\t\t\t\t\t\t\t\t\t\t\t\t\t<\/article>\n\t\t\t\t\t\t<\/li>\n\t\t\t\t\t\t\t\t\t<\/ul>\n\t\t\t\t\t<\/div>\n\t<\/div>\n<\/section>\n\n\n<section id=\"icon-row-block_748b0e2eb6f9a3dfc0eccef395a2d88d\" class=\"section component-section\">\n\t<div class=\"ss icon-row\" style=\"background-color: #07514d;\">\n\t\t<div class=\"container\">\t\n\t\t\t\t\t\t\t\t\t\t<div class=\"ss article-card article-card--primary-font\">\n\t\t\t\t\t<article>\n\t\t\t\t\t\t\n\t\t\t\t\t\t\t\t\t\t\t<h2 class=\"article-card__title l-mobile-h2 l-desktop-h2\">Qu\u00e9 pueden esperar los pacientes<\/h2>\n\t\t\t\t\t\n\t\t\t\t\t\t\n\t\t\t\t\t\t\t\t\t\t\t<\/article>\n\t\t\t\t<\/div>\n\t\t\t\n\t\t\t\t\t\t\t\t\t\t\t\t\t\t\t\t<ul class=\"icon-row__list\">\n\t\t\t\t\t\t\t\t\t\t\t\t\t<li>\n\t\t\t\t\t\t\t\t<div class=\"ss icon-card\">\n\t\t\t\t\t\t\t\t\t\t\t\t\t\t\t\t\t\t<figure>\n\t\t\t\t\t\t\t\t\t\t<img \n\t\t\t\t\t\t\t\t\t\t\tsrc=\"https:\/\/lumirahealthcare.com\/wp-content\/uploads\/2026\/01\/LH_Icon_Clear-Communication-Exam.svg\" \n\t\t\t\t\t\t\t\t\t\t\talt=\"LH_Icon_Clear-Communication-Exam\" \n\t\t\t\t\t\t\t\t\t\t\twidth=\"80\" \n\t\t\t\t\t\t\t\t\t\t\theight=\"80\"\n\t\t\t\t\t\t\t\t\t\t\tloading=\"lazy\"\n\t\t\t\t\t\t\t\t\t\t\t\t\t\t\t\t\t\t\t\t\t\t\t\t\t\t\t\t\t\t\t\t>\n\t\t\t\t\t\t\t\t\t<\/figure>\n\n\t\t\t\t\t\t\t\t\t<article>\n\t\t\t\t\t\t\t\t\t\t<h3>Comunicaci\u00f3n clara antes y despu\u00e9s del examen<\/h3>\n\t\t\t\t\t\t\t\t\t\t\t\t\t\t\t\t\t\t\t<\/article>\n\t\t\t\t\t\t\t\t<\/div>\n\t\t\t\t\t\t\t<\/li>\n\t\t\t\t\t\t\t\t\t\t\t\t\t<li>\n\t\t\t\t\t\t\t\t<div class=\"ss icon-card\">\n\t\t\t\t\t\t\t\t\t\t\t\t\t\t\t\t\t\t<figure>\n\t\t\t\t\t\t\t\t\t\t<img \n\t\t\t\t\t\t\t\t\t\t\tsrc=\"https:\/\/lumirahealthcare.com\/wp-content\/uploads\/2026\/01\/LH_Icon_Cultural-Language.svg\" \n\t\t\t\t\t\t\t\t\t\t\talt=\"LH_Icon_Cultural-Language\" \n\t\t\t\t\t\t\t\t\t\t\twidth=\"80\" \n\t\t\t\t\t\t\t\t\t\t\theight=\"80\"\n\t\t\t\t\t\t\t\t\t\t\tloading=\"lazy\"\n\t\t\t\t\t\t\t\t\t\t\t\t\t\t\t\t\t\t\t\t\t\t\t\t\t\t\t\t\t\t\t\t>\n\t\t\t\t\t\t\t\t\t<\/figure>\n\n\t\t\t\t\t\t\t\t\t<article>\n\t\t\t\t\t\t\t\t\t\t<h3>Personal capacitado en materia cultural y ling\u00fc\u00edstica<\/h3>\n\t\t\t\t\t\t\t\t\t\t\t\t\t\t\t\t\t\t\t<\/article>\n\t\t\t\t\t\t\t\t<\/div>\n\t\t\t\t\t\t\t<\/li>\n\t\t\t\t\t\t\t\t\t\t\t\t\t<li>\n\t\t\t\t\t\t\t\t<div class=\"ss icon-card\">\n\t\t\t\t\t\t\t\t\t\t\t\t\t\t\t\t\t\t<figure>\n\t\t\t\t\t\t\t\t\t\t<img \n\t\t\t\t\t\t\t\t\t\t\tsrc=\"https:\/\/lumirahealthcare.com\/wp-content\/uploads\/2026\/01\/LH_Icon_Safe-Comfortable-Environment.svg\" \n\t\t\t\t\t\t\t\t\t\t\talt=\"LH_Icon_Safe-Comfortable-Environment\" \n\t\t\t\t\t\t\t\t\t\t\twidth=\"80\" \n\t\t\t\t\t\t\t\t\t\t\theight=\"80\"\n\t\t\t\t\t\t\t\t\t\t\tloading=\"lazy\"\n\t\t\t\t\t\t\t\t\t\t\t\t\t\t\t\t\t\t\t\t\t\t\t\t\t\t\t\t\t\t\t\t>\n\t\t\t\t\t\t\t\t\t<\/figure>\n\n\t\t\t\t\t\t\t\t\t<article>\n\t\t\t\t\t\t\t\t\t\t<h3>Entorno seguro y c\u00f3modo<\/h3>\n\t\t\t\t\t\t\t\t\t\t\t\t\t\t\t\t\t\t\t<\/article>\n\t\t\t\t\t\t\t\t<\/div>\n\t\t\t\t\t\t\t<\/li>\n\t\t\t\t\t\t\t\t\t\t\t\t\t<li>\n\t\t\t\t\t\t\t\t<div class=\"ss icon-card\">\n\t\t\t\t\t\t\t\t\t\t\t\t\t\t\t\t\t\t<figure>\n\t\t\t\t\t\t\t\t\t\t<img \n\t\t\t\t\t\t\t\t\t\t\tsrc=\"https:\/\/lumirahealthcare.com\/wp-content\/uploads\/2026\/01\/LH_Icon_Timely-Accurate-Results.svg\" \n\t\t\t\t\t\t\t\t\t\t\talt=\"LH_Icon_Timely-Accurate-Results\" \n\t\t\t\t\t\t\t\t\t\t\twidth=\"80\" \n\t\t\t\t\t\t\t\t\t\t\theight=\"80\"\n\t\t\t\t\t\t\t\t\t\t\tloading=\"lazy\"\n\t\t\t\t\t\t\t\t\t\t\t\t\t\t\t\t\t\t\t\t\t\t\t\t\t\t\t\t\t\t\t\t>\n\t\t\t\t\t\t\t\t\t<\/figure>\n\n\t\t\t\t\t\t\t\t\t<article>\n\t\t\t\t\t\t\t\t\t\t<h3>Resultados precisos y oportunos<\/h3>\n\t\t\t\t\t\t\t\t\t\t\t\t\t\t\t\t\t\t\t<\/article>\n\t\t\t\t\t\t\t\t<\/div>\n\t\t\t\t\t\t\t<\/li>\n\t\t\t\t\t\t\t\t\t\t\t<\/ul>\n\t\t\t\t\t\t\t\t\t<\/div>\n\t<\/div>\n<\/section>\n\n\n<section class=\"section\">\n\t<div \n\t\tid=\"value-proposition-block_5bde4e247a262da34c48ee867fe5f432\" \n\t\tclass=\"ss intro\"\n\t>\n\t\t<div class=\"container\">\n\t\t\t\t\t\t\t<figure class=\"intro__background-image\">\n\t\t\t\t\t<img \n\t\t\t\t\t\tsrc=\"https:\/\/lumirahealthcare.com\/wp-content\/uploads\/2026\/01\/Frame-26063984-scaled.png\" \n\t\t\t\t\t\talt=\"\" \n\t\t\t\t\t\twidth=\"2560\" \n\t\t\t\t\t\theight=\"791\"\n\t\t\t\t\t\tloading=\"lazy\"\n\t\t\t\t\t\t\t\t\t\t\t\t\trole=\"presentation\"\n\t\t\t\t\t\t\t\t\t\t\t>\n\t\t\t\t\t\t\t\t\t\t\t\t\t\t<\/figure>\n\t\t\t\t\t\t<article>\n\t\t\t\t\t\t\t\t\t<h2 class=\"intro__title l-h2\">\n\t\t\t\t\t\tAtenci\u00f3n que pone el bienestar a su alcance.\t\t\t\t\t<\/h2>\n\t\t\t\t\n\t\t\t\t\t\t\t\t\t<p>Cuando la claridad es importante, nuestros servicios de imagen ofrecen la informaci\u00f3n y la tranquilidad que necesita. Obtenga m\u00e1s informaci\u00f3n sobre nuestro equipo de proveedores o visite el campus de Livingston Health para comenzar. <\/p>\n\t\t\t\t\n\t\t\t\t\t\t\t\t\t<footer>\n\t\t\t\t\t\t\t\t\t\t\t\t\t<a \n\t\t\t\t\t\t\t\tclass=\"l-btn l-btn--secondary has-thick-hover\" \n\t\t\t\t\t\t\t\thref=\"https:\/\/lumirahealthcare.com\/providers\/\" \n\t\t\t\t\t\t\t\t\t\t\t\t\t\t\t\taria-label=\"Nuestros proveedores\"\n\t\t\t\t\t\t\t\ttitle=\"Nuestros proveedores\"\n\t\t\t\t\t\t\t\tdata-text=\"Nuestros proveedores\"\n\t\t\t\t\t\t\t>\n\t\t\t\t\t\t\t\t<span>Nuestros proveedores<\/span>\n\t\t\t\t\t\t\t\t\t\t\t\t\t\t\t<\/a>\n\t\t\t\t\t\t\t\t\t\t\t\t\t\t\t\t\t\t\t<a \n\t\t\t\t\t\t\t\tclass=\"l-btn l-btn--tertiary has-thick-hover\" \n\t\t\t\t\t\t\t\thref=\"https:\/\/lumirahealthcare.com\/locations\/\" \n\t\t\t\t\t\t\t\t\t\t\t\t\t\t\t\taria-label=\"Informaci\u00f3n de la ubicaci\u00f3n\"\n\t\t\t\t\t\t\t\ttitle=\"Informaci\u00f3n de la ubicaci\u00f3n\"\n\t\t\t\t\t\t\t\tdata-text=\"Informaci\u00f3n de la ubicaci\u00f3n\"\n\t\t\t\t\t\t\t>\n\t\t\t\t\t\t\t\t<span>Informaci\u00f3n de la ubicaci\u00f3n<\/span>\n\t\t\t\t\t\t\t\t\t\t\t\t\t\t\t<\/a>\n\t\t\t\t\t\t\t\t\t\t\t<\/footer>\n\t\t\t\t\t\t\t<\/article>\n\t\t<\/div>\n\t<\/div>\n<\/section>","protected":false},"excerpt":{"rendered":"","protected":false},"author":2,"featured_media":0,"parent":868,"menu_order":0,"comment_status":"closed","ping_status":"closed","template":"template-components.php","meta":{"_acf_changed":false,"footnotes":""},"class_list":["post-1189","page","type-page","status-publish","hentry"],"acf":[],"yoast_head":"<!-- This site is optimized with the Yoast SEO plugin v27.4 - https:\/\/yoast.com\/product\/yoast-seo-wordpress\/ -->\n<title>Servicios de diagn\u00f3stico por imagen - Lumira HealthCare<\/title>\n<meta name=\"description\" content=\"Lumira Healthcare brinda servicios de diagn\u00f3stico por imagen y radiograf\u00edas r\u00e1pidos para respaldar su plan de tratamiento y cuidado personalizado.\" \/>\n<meta name=\"robots\" content=\"index, follow, max-snippet:-1, max-image-preview:large, max-video-preview:-1\" \/>\n<link rel=\"canonical\" href=\"https:\/\/lumirahealthcare.com\/es\/nuestros-servicios\/servicios-de-diagnostico-por-imagen\/\" \/>\n<meta property=\"og:locale\" content=\"es_ES\" \/>\n<meta property=\"og:type\" content=\"article\" \/>\n<meta property=\"og:title\" content=\"Servicios de diagn\u00f3stico por imagen - Lumira HealthCare\" \/>\n<meta property=\"og:description\" content=\"Lumira Healthcare brinda servicios de diagn\u00f3stico por imagen y radiograf\u00edas r\u00e1pidos para respaldar su plan de tratamiento y cuidado personalizado.\" \/>\n<meta property=\"og:url\" content=\"https:\/\/lumirahealthcare.com\/es\/nuestros-servicios\/servicios-de-diagnostico-por-imagen\/\" \/>\n<meta property=\"og:site_name\" content=\"Lumira HealthCare\" \/>\n<meta property=\"article:publisher\" content=\"https:\/\/www.facebook.com\/LivingstonHealth\/\" \/>\n<meta property=\"article:modified_time\" content=\"2026-02-03T18:16:16+00:00\" \/>\n<meta name=\"twitter:card\" content=\"summary_large_image\" \/>\n<script type=\"application\/ld+json\" class=\"yoast-schema-graph\">{\"@context\":\"https:\\\/\\\/schema.org\",\"@graph\":[{\"@type\":\"WebPage\",\"@id\":\"https:\\\/\\\/lumirahealthcare.com\\\/es\\\/nuestros-servicios\\\/servicios-de-diagnostico-por-imagen\\\/\",\"url\":\"https:\\\/\\\/lumirahealthcare.com\\\/es\\\/nuestros-servicios\\\/servicios-de-diagnostico-por-imagen\\\/\",\"name\":\"Servicios de diagn\u00f3stico por imagen - Lumira HealthCare\",\"isPartOf\":{\"@id\":\"https:\\\/\\\/lumirahealthcare.com\\\/es\\\/#website\"},\"datePublished\":\"2025-12-18T12:21:12+00:00\",\"dateModified\":\"2026-02-03T18:16:16+00:00\",\"description\":\"Lumira Healthcare brinda servicios de diagn\u00f3stico por imagen y radiograf\u00edas r\u00e1pidos para respaldar su plan de tratamiento y cuidado personalizado.\",\"breadcrumb\":{\"@id\":\"https:\\\/\\\/lumirahealthcare.com\\\/es\\\/nuestros-servicios\\\/servicios-de-diagnostico-por-imagen\\\/#breadcrumb\"},\"inLanguage\":\"es\",\"potentialAction\":[{\"@type\":\"ReadAction\",\"target\":[\"https:\\\/\\\/lumirahealthcare.com\\\/es\\\/nuestros-servicios\\\/servicios-de-diagnostico-por-imagen\\\/\"]}]},{\"@type\":\"BreadcrumbList\",\"@id\":\"https:\\\/\\\/lumirahealthcare.com\\\/es\\\/nuestros-servicios\\\/servicios-de-diagnostico-por-imagen\\\/#breadcrumb\",\"itemListElement\":[{\"@type\":\"ListItem\",\"position\":1,\"name\":\"Home\",\"item\":\"https:\\\/\\\/lumirahealthcare.com\\\/es\\\/\"},{\"@type\":\"ListItem\",\"position\":2,\"name\":\"Nuestros servicios\",\"item\":\"https:\\\/\\\/lumirahealthcare.com\\\/es\\\/nuestros-servicios\\\/\"},{\"@type\":\"ListItem\",\"position\":3,\"name\":\"Servicios de diagn\u00f3stico por imagen\"}]},{\"@type\":\"WebSite\",\"@id\":\"https:\\\/\\\/lumirahealthcare.com\\\/es\\\/#website\",\"url\":\"https:\\\/\\\/lumirahealthcare.com\\\/es\\\/\",\"name\":\"Lumira HealthCare\",\"description\":\"\",\"publisher\":{\"@id\":\"https:\\\/\\\/lumirahealthcare.com\\\/es\\\/#organization\"},\"potentialAction\":[{\"@type\":\"SearchAction\",\"target\":{\"@type\":\"EntryPoint\",\"urlTemplate\":\"https:\\\/\\\/lumirahealthcare.com\\\/es\\\/?s={search_term_string}\"},\"query-input\":{\"@type\":\"PropertyValueSpecification\",\"valueRequired\":true,\"valueName\":\"search_term_string\"}}],\"inLanguage\":\"es\"},{\"@type\":\"Organization\",\"@id\":\"https:\\\/\\\/lumirahealthcare.com\\\/es\\\/#organization\",\"name\":\"Lumira HealthCare\",\"url\":\"https:\\\/\\\/lumirahealthcare.com\\\/es\\\/\",\"logo\":{\"@type\":\"ImageObject\",\"inLanguage\":\"es\",\"@id\":\"https:\\\/\\\/lumirahealthcare.com\\\/es\\\/#\\\/schema\\\/logo\\\/image\\\/\",\"url\":\"https:\\\/\\\/lumirahealthcare.com\\\/wp-content\\\/uploads\\\/2025\\\/12\\\/lumira-placeholder.png\",\"contentUrl\":\"https:\\\/\\\/lumirahealthcare.com\\\/wp-content\\\/uploads\\\/2025\\\/12\\\/lumira-placeholder.png\",\"width\":1024,\"height\":1024,\"caption\":\"Lumira HealthCare\"},\"image\":{\"@id\":\"https:\\\/\\\/lumirahealthcare.com\\\/es\\\/#\\\/schema\\\/logo\\\/image\\\/\"},\"sameAs\":[\"https:\\\/\\\/www.facebook.com\\\/LivingstonHealth\\\/\",\"https:\\\/\\\/www.instagram.com\\\/livingstonhealth\",\"https:\\\/\\\/www.youtube.com\\\/@LumiraHealthcare\",\"https:\\\/\\\/www.linkedin.com\\\/company\\\/visitlch\\\/\"]}]}<\/script>\n<!-- \/ Yoast SEO plugin. -->","yoast_head_json":{"title":"Servicios de diagn\u00f3stico por imagen - Lumira HealthCare","description":"Lumira Healthcare brinda servicios de diagn\u00f3stico por imagen y radiograf\u00edas r\u00e1pidos para respaldar su plan de tratamiento y cuidado personalizado.","robots":{"index":"index","follow":"follow","max-snippet":"max-snippet:-1","max-image-preview":"max-image-preview:large","max-video-preview":"max-video-preview:-1"},"canonical":"https:\/\/lumirahealthcare.com\/es\/nuestros-servicios\/servicios-de-diagnostico-por-imagen\/","og_locale":"es_ES","og_type":"article","og_title":"Servicios de diagn\u00f3stico por imagen - Lumira HealthCare","og_description":"Lumira Healthcare brinda servicios de diagn\u00f3stico por imagen y radiograf\u00edas r\u00e1pidos para respaldar su plan de tratamiento y cuidado personalizado.","og_url":"https:\/\/lumirahealthcare.com\/es\/nuestros-servicios\/servicios-de-diagnostico-por-imagen\/","og_site_name":"Lumira HealthCare","article_publisher":"https:\/\/www.facebook.com\/LivingstonHealth\/","article_modified_time":"2026-02-03T18:16:16+00:00","twitter_card":"summary_large_image","schema":{"@context":"https:\/\/schema.org","@graph":[{"@type":"WebPage","@id":"https:\/\/lumirahealthcare.com\/es\/nuestros-servicios\/servicios-de-diagnostico-por-imagen\/","url":"https:\/\/lumirahealthcare.com\/es\/nuestros-servicios\/servicios-de-diagnostico-por-imagen\/","name":"Servicios de diagn\u00f3stico por imagen - Lumira HealthCare","isPartOf":{"@id":"https:\/\/lumirahealthcare.com\/es\/#website"},"datePublished":"2025-12-18T12:21:12+00:00","dateModified":"2026-02-03T18:16:16+00:00","description":"Lumira Healthcare brinda servicios de diagn\u00f3stico por imagen y radiograf\u00edas r\u00e1pidos para respaldar su plan de tratamiento y cuidado personalizado.","breadcrumb":{"@id":"https:\/\/lumirahealthcare.com\/es\/nuestros-servicios\/servicios-de-diagnostico-por-imagen\/#breadcrumb"},"inLanguage":"es","potentialAction":[{"@type":"ReadAction","target":["https:\/\/lumirahealthcare.com\/es\/nuestros-servicios\/servicios-de-diagnostico-por-imagen\/"]}]},{"@type":"BreadcrumbList","@id":"https:\/\/lumirahealthcare.com\/es\/nuestros-servicios\/servicios-de-diagnostico-por-imagen\/#breadcrumb","itemListElement":[{"@type":"ListItem","position":1,"name":"Home","item":"https:\/\/lumirahealthcare.com\/es\/"},{"@type":"ListItem","position":2,"name":"Nuestros servicios","item":"https:\/\/lumirahealthcare.com\/es\/nuestros-servicios\/"},{"@type":"ListItem","position":3,"name":"Servicios de diagn\u00f3stico por imagen"}]},{"@type":"WebSite","@id":"https:\/\/lumirahealthcare.com\/es\/#website","url":"https:\/\/lumirahealthcare.com\/es\/","name":"Lumira HealthCare","description":"","publisher":{"@id":"https:\/\/lumirahealthcare.com\/es\/#organization"},"potentialAction":[{"@type":"SearchAction","target":{"@type":"EntryPoint","urlTemplate":"https:\/\/lumirahealthcare.com\/es\/?s={search_term_string}"},"query-input":{"@type":"PropertyValueSpecification","valueRequired":true,"valueName":"search_term_string"}}],"inLanguage":"es"},{"@type":"Organization","@id":"https:\/\/lumirahealthcare.com\/es\/#organization","name":"Lumira HealthCare","url":"https:\/\/lumirahealthcare.com\/es\/","logo":{"@type":"ImageObject","inLanguage":"es","@id":"https:\/\/lumirahealthcare.com\/es\/#\/schema\/logo\/image\/","url":"https:\/\/lumirahealthcare.com\/wp-content\/uploads\/2025\/12\/lumira-placeholder.png","contentUrl":"https:\/\/lumirahealthcare.com\/wp-content\/uploads\/2025\/12\/lumira-placeholder.png","width":1024,"height":1024,"caption":"Lumira HealthCare"},"image":{"@id":"https:\/\/lumirahealthcare.com\/es\/#\/schema\/logo\/image\/"},"sameAs":["https:\/\/www.facebook.com\/LivingstonHealth\/","https:\/\/www.instagram.com\/livingstonhealth","https:\/\/www.youtube.com\/@LumiraHealthcare","https:\/\/www.linkedin.com\/company\/visitlch\/"]}]}},"_links":{"self":[{"href":"https:\/\/lumirahealthcare.com\/es\/wp-json\/wp\/v2\/pages\/1189","targetHints":{"allow":["GET"]}}],"collection":[{"href":"https:\/\/lumirahealthcare.com\/es\/wp-json\/wp\/v2\/pages"}],"about":[{"href":"https:\/\/lumirahealthcare.com\/es\/wp-json\/wp\/v2\/types\/page"}],"author":[{"embeddable":true,"href":"https:\/\/lumirahealthcare.com\/es\/wp-json\/wp\/v2\/users\/2"}],"replies":[{"embeddable":true,"href":"https:\/\/lumirahealthcare.com\/es\/wp-json\/wp\/v2\/comments?post=1189"}],"version-history":[{"count":0,"href":"https:\/\/lumirahealthcare.com\/es\/wp-json\/wp\/v2\/pages\/1189\/revisions"}],"up":[{"embeddable":true,"href":"https:\/\/lumirahealthcare.com\/es\/wp-json\/wp\/v2\/pages\/868"}],"wp:attachment":[{"href":"https:\/\/lumirahealthcare.com\/es\/wp-json\/wp\/v2\/media?parent=1189"}],"curies":[{"name":"wp","href":"https:\/\/api.w.org\/{rel}","templated":true}]}}